{"id":4323,"date":"2018-09-22T22:58:12","date_gmt":"2018-09-23T02:58:12","guid":{"rendered":"http:\/\/www.montreal-courtier.com\/?page_id=4323"},"modified":"2018-12-19T07:07:42","modified_gmt":"2018-12-19T12:07:42","slug":"properties-temp","status":"publish","type":"page","link":"https:\/\/www.montreal-courtier.com\/ru\/properties-temp\/","title":{"rendered":"Properties Temp"},"content":{"rendered":"<p>[vc_row full_width=&#8221;stretch_row&#8221; css_animation=&#8221;none&#8221; css=&#8221;.vc_custom_1535328741218{padding-top: 30px !important;padding-bottom: 30px !important;background-color: #b62c2c !important;}&#8221; el_id=&#8221;contact&#8221;][vc_column css_animation=&#8221;fadeIn&#8221; width=&#8221;2\/3&#8243;][vc_column_text css=&#8221;.vc_custom_1537748065667{padding-top: 5px !important;}&#8221;]<\/p>\n<h1 style=\"text-align: center;\"><span style=\"color: #ffffff;\">\u0412\u043e\u043f\u0440\u043e\u0441\u044b \u043f\u043e \u043f\u043e\u043a\u0443\u043f\u043a\u0435 \u0438\u043b\u0438 \u043f\u0440\u043e\u0434\u0430\u0436\u0435 \u043d\u0435\u0434\u0432\u0438\u0436\u0438\u043c\u043e\u0441\u0442\u0438? \u0417\u0430\u0434\u0430\u0439\u0442\u0435 \u0438\u0445 \u0441\u0435\u0439\u0447\u0430\u0441!<\/span><\/h1>\n<p>[\/vc_column_text][\/vc_column][vc_column css_animation=&#8221;fadeIn&#8221; width=&#8221;1\/3&#8243;][vc_btn title=&#8221;\u0421\u0432\u044f\u0437\u0430\u0442\u044c\u0441\u044f \u0441\u043e \u043c\u043d\u043e\u0439&#8221; style=&#8221;outline&#8221; color=&#8221;white&#8221; align=&#8221;center&#8221; i_align=&#8221;right&#8221; i_icon_fontawesome=&#8221;fa fa-envelope-o&#8221; button_block=&#8221;true&#8221; add_icon=&#8221;true&#8221;][\/vc_column][\/vc_row]<\/p>\n","protected":false},"excerpt":{"rendered":"<p>[vc_row full_width=&#8221;stretch_row&#8221; css_animation=&#8221;none&#8221; css=&#8221;.vc_custom_1535328741218{padding-top: 30px !important;padding-bottom: 30px !important;background-color: #b62c2c !important;}&#8221; el_id=&#8221;contact&#8221;][vc_column css_animation=&#8221;fadeIn&#8221; width=&#8221;2\/3&#8243;][vc_column_text css=&#8221;.vc_custom_1537748065667{padding-top: 5px !important;}&#8221;] \u0412\u043e\u043f\u0440\u043e\u0441\u044b \u043f\u043e \u043f\u043e\u043a\u0443\u043f\u043a\u0435 \u0438\u043b\u0438 \u043f\u0440\u043e\u0434\u0430\u0436\u0435 \u043d\u0435\u0434\u0432\u0438\u0436\u0438\u043c\u043e\u0441\u0442\u0438? \u0417\u0430\u0434\u0430\u0439\u0442\u0435 \u0438\u0445 \u0441\u0435\u0439\u0447\u0430\u0441! [\/vc_column_text][\/vc_column][vc_column css_animation=&#8221;fadeIn&#8221; width=&#8221;1\/3&#8243;][vc_btn title=&#8221;\u0421\u0432\u044f\u0437\u0430\u0442\u044c\u0441\u044f \u0441\u043e \u043c\u043d\u043e\u0439&#8221; style=&#8221;outline&#8221; color=&#8221;white&#8221; align=&#8221;center&#8221; i_align=&#8221;right&#8221; i_icon_fontawesome=&#8221;fa fa-envelope-o&#8221; button_block=&#8221;true&#8221; add_icon=&#8221;true&#8221;][\/vc_column][\/vc_row]<\/p>\n","protected":false},"author":1,"featured_media":0,"parent":0,"menu_order":0,"comment_status":"closed","ping_status":"closed","template":"template\/template-homepage.php","meta":{"footnotes":""},"yoast_head":"<!-- This site is optimized with the Yoast SEO plugin v23.0 - https:\/\/yoast.com\/wordpress\/plugins\/seo\/ -->\n<title>\u041f\u043e\u0438\u0441\u043a \u043d\u0435\u0434\u0432\u0438\u0436\u0438\u043c\u043e\u0441\u0442\u0438 - \u041e\u043a\u0441\u0430\u043d\u0430 \u0422\u043e\u043a\u0430\u0440\u0435\u0432\u0430 - \u0411\u0440\u043e\u043a\u0435\u0440 \u043f\u043e \u043d\u0435\u0434\u0432\u0438\u0436\u0438\u043c\u043e\u0441\u0442\u0438 \u0432 \u041c\u043e\u043d\u0440\u0435\u0430\u043b\u0435<\/title>\n<meta name=\"description\" content=\"\u041f\u043e\u0438\u0441\u043a \u0436\u0438\u043b\u043e\u0439, \u043a\u043e\u043c\u043c\u0435\u0440\u0447\u0435\u0441\u043a\u043e\u0439 \u0438\u043b\u0438 \u043f\u0440\u043e\u043c\u044b\u0448\u043b\u0435\u043d\u043d\u043e\u0439 \u043d\u0435\u0434\u0432\u0438\u0436\u0438\u043c\u043e\u0441\u0442\u0438 \u0434\u043b\u044f \u043f\u0440\u043e\u0434\u0430\u0436\u0438 \u0438\u043b\u0438 \u0430\u0440\u0435\u043d\u0434\u044b \u0432 \u041c\u043e\u043d\u0440\u0435\u0430\u043b\u0435. \u041d\u0430\u0439\u0434\u0438\u0442\u0435 \u043c\u0443\u043b\u044c\u0442\u0438\u043f\u043b\u0435\u043a\u0441, \u043a\u0432\u0430\u0440\u0442\u0438\u0440\u0443, \u043b\u043e\u0444\u0442 \u0438 \u0442. \u0434., \u043a\u043e\u0442\u043e\u0440\u0430\u044f \u0431\u0443\u0434\u0435\u0442 \u0441\u043e\u043e\u0442\u0432\u0435\u0442\u0441\u0442\u0432\u043e\u0432\u0430\u0442\u044c \u0432\u0430\u0448\u0438\u043c \u043f\u043e\u0442\u0440\u0435\u0431\u043d\u043e\u0441\u0442\u044f\u043c \u0438 \u0431\u044e\u0434\u0436\u0435\u0442\u0443.\" \/>\n<meta name=\"robots\" content=\"index, follow, max-snippet:-1, max-image-preview:large, max-video-preview:-1\" \/>\n<link rel=\"canonical\" href=\"https:\/\/www.montreal-courtier.com\/ru\/properties-temp\/\" \/>\n<meta property=\"og:locale\" content=\"ru_RU\" \/>\n<meta property=\"og:type\" content=\"article\" \/>\n<meta property=\"og:title\" content=\"\u041f\u043e\u0438\u0441\u043a \u043d\u0435\u0434\u0432\u0438\u0436\u0438\u043c\u043e\u0441\u0442\u0438 - \u041e\u043a\u0441\u0430\u043d\u0430 \u0422\u043e\u043a\u0430\u0440\u0435\u0432\u0430 - \u0411\u0440\u043e\u043a\u0435\u0440 \u043f\u043e \u043d\u0435\u0434\u0432\u0438\u0436\u0438\u043c\u043e\u0441\u0442\u0438 \u0432 \u041c\u043e\u043d\u0440\u0435\u0430\u043b\u0435\" \/>\n<meta property=\"og:description\" content=\"\u041f\u043e\u0438\u0441\u043a \u0436\u0438\u043b\u043e\u0439, \u043a\u043e\u043c\u043c\u0435\u0440\u0447\u0435\u0441\u043a\u043e\u0439 \u0438\u043b\u0438 \u043f\u0440\u043e\u043c\u044b\u0448\u043b\u0435\u043d\u043d\u043e\u0439 \u043d\u0435\u0434\u0432\u0438\u0436\u0438\u043c\u043e\u0441\u0442\u0438 \u0434\u043b\u044f \u043f\u0440\u043e\u0434\u0430\u0436\u0438 \u0438\u043b\u0438 \u0430\u0440\u0435\u043d\u0434\u044b \u0432 \u041c\u043e\u043d\u0440\u0435\u0430\u043b\u0435. \u041d\u0430\u0439\u0434\u0438\u0442\u0435 \u043c\u0443\u043b\u044c\u0442\u0438\u043f\u043b\u0435\u043a\u0441, \u043a\u0432\u0430\u0440\u0442\u0438\u0440\u0443, \u043b\u043e\u0444\u0442 \u0438 \u0442. \u0434., \u043a\u043e\u0442\u043e\u0440\u0430\u044f \u0431\u0443\u0434\u0435\u0442 \u0441\u043e\u043e\u0442\u0432\u0435\u0442\u0441\u0442\u0432\u043e\u0432\u0430\u0442\u044c \u0432\u0430\u0448\u0438\u043c \u043f\u043e\u0442\u0440\u0435\u0431\u043d\u043e\u0441\u0442\u044f\u043c \u0438 \u0431\u044e\u0434\u0436\u0435\u0442\u0443.\" \/>\n<meta property=\"og:url\" content=\"https:\/\/www.montreal-courtier.com\/ru\/properties-temp\/\" \/>\n<meta property=\"og:site_name\" content=\"Oxana Tokareva - Courtier Immobilier &amp; Hypoth\u00e9caire\" \/>\n<meta property=\"article:modified_time\" content=\"2018-12-19T12:07:42+00:00\" \/>\n<meta name=\"twitter:card\" content=\"summary_large_image\" \/>\n<script type=\"application\/ld+json\" class=\"yoast-schema-graph\">{\"@context\":\"https:\/\/schema.org\",\"@graph\":[{\"@type\":\"WebPage\",\"@id\":\"https:\/\/www.montreal-courtier.com\/ru\/properties-temp\/\",\"url\":\"https:\/\/www.montreal-courtier.com\/ru\/properties-temp\/\",\"name\":\"\u041f\u043e\u0438\u0441\u043a \u043d\u0435\u0434\u0432\u0438\u0436\u0438\u043c\u043e\u0441\u0442\u0438 - \u041e\u043a\u0441\u0430\u043d\u0430 \u0422\u043e\u043a\u0430\u0440\u0435\u0432\u0430 - \u0411\u0440\u043e\u043a\u0435\u0440 \u043f\u043e \u043d\u0435\u0434\u0432\u0438\u0436\u0438\u043c\u043e\u0441\u0442\u0438 \u0432 \u041c\u043e\u043d\u0440\u0435\u0430\u043b\u0435\",\"isPartOf\":{\"@id\":\"https:\/\/www.montreal-courtier.com\/ru\/#website\"},\"datePublished\":\"2018-09-23T02:58:12+00:00\",\"dateModified\":\"2018-12-19T12:07:42+00:00\",\"description\":\"\u041f\u043e\u0438\u0441\u043a \u0436\u0438\u043b\u043e\u0439, \u043a\u043e\u043c\u043c\u0435\u0440\u0447\u0435\u0441\u043a\u043e\u0439 \u0438\u043b\u0438 \u043f\u0440\u043e\u043c\u044b\u0448\u043b\u0435\u043d\u043d\u043e\u0439 \u043d\u0435\u0434\u0432\u0438\u0436\u0438\u043c\u043e\u0441\u0442\u0438 \u0434\u043b\u044f \u043f\u0440\u043e\u0434\u0430\u0436\u0438 \u0438\u043b\u0438 \u0430\u0440\u0435\u043d\u0434\u044b \u0432 \u041c\u043e\u043d\u0440\u0435\u0430\u043b\u0435. \u041d\u0430\u0439\u0434\u0438\u0442\u0435 \u043c\u0443\u043b\u044c\u0442\u0438\u043f\u043b\u0435\u043a\u0441, \u043a\u0432\u0430\u0440\u0442\u0438\u0440\u0443, \u043b\u043e\u0444\u0442 \u0438 \u0442. \u0434., \u043a\u043e\u0442\u043e\u0440\u0430\u044f \u0431\u0443\u0434\u0435\u0442 \u0441\u043e\u043e\u0442\u0432\u0435\u0442\u0441\u0442\u0432\u043e\u0432\u0430\u0442\u044c \u0432\u0430\u0448\u0438\u043c \u043f\u043e\u0442\u0440\u0435\u0431\u043d\u043e\u0441\u0442\u044f\u043c \u0438 \u0431\u044e\u0434\u0436\u0435\u0442\u0443.\",\"breadcrumb\":{\"@id\":\"https:\/\/www.montreal-courtier.com\/ru\/properties-temp\/#breadcrumb\"},\"inLanguage\":\"ru-RU\",\"potentialAction\":[{\"@type\":\"ReadAction\",\"target\":[\"https:\/\/www.montreal-courtier.com\/ru\/properties-temp\/\"]}]},{\"@type\":\"BreadcrumbList\",\"@id\":\"https:\/\/www.montreal-courtier.com\/ru\/properties-temp\/#breadcrumb\",\"itemListElement\":[{\"@type\":\"ListItem\",\"position\":1,\"name\":\"Home\",\"item\":\"https:\/\/www.montreal-courtier.com\/ru\/\"},{\"@type\":\"ListItem\",\"position\":2,\"name\":\"Properties Temp\"}]},{\"@type\":\"WebSite\",\"@id\":\"https:\/\/www.montreal-courtier.com\/ru\/#website\",\"url\":\"https:\/\/www.montreal-courtier.com\/ru\/\",\"name\":\"Oxana Tokareva - Courtier Immobilier &amp; Hypoth\u00e9caire\",\"description\":\"Courtier Immobilier et Hypoth\u00e9caire \u00e0 Montr\u00e9al\",\"potentialAction\":[{\"@type\":\"SearchAction\",\"target\":{\"@type\":\"EntryPoint\",\"urlTemplate\":\"https:\/\/www.montreal-courtier.com\/ru\/?s={search_term_string}\"},\"query-input\":\"required name=search_term_string\"}],\"inLanguage\":\"ru-RU\"}]}<\/script>\n<!-- \/ Yoast SEO plugin. -->","yoast_head_json":{"title":"\u041f\u043e\u0438\u0441\u043a \u043d\u0435\u0434\u0432\u0438\u0436\u0438\u043c\u043e\u0441\u0442\u0438 - \u041e\u043a\u0441\u0430\u043d\u0430 \u0422\u043e\u043a\u0430\u0440\u0435\u0432\u0430 - \u0411\u0440\u043e\u043a\u0435\u0440 \u043f\u043e \u043d\u0435\u0434\u0432\u0438\u0436\u0438\u043c\u043e\u0441\u0442\u0438 \u0432 \u041c\u043e\u043d\u0440\u0435\u0430\u043b\u0435","description":"\u041f\u043e\u0438\u0441\u043a \u0436\u0438\u043b\u043e\u0439, \u043a\u043e\u043c\u043c\u0435\u0440\u0447\u0435\u0441\u043a\u043e\u0439 \u0438\u043b\u0438 \u043f\u0440\u043e\u043c\u044b\u0448\u043b\u0435\u043d\u043d\u043e\u0439 \u043d\u0435\u0434\u0432\u0438\u0436\u0438\u043c\u043e\u0441\u0442\u0438 \u0434\u043b\u044f \u043f\u0440\u043e\u0434\u0430\u0436\u0438 \u0438\u043b\u0438 \u0430\u0440\u0435\u043d\u0434\u044b \u0432 \u041c\u043e\u043d\u0440\u0435\u0430\u043b\u0435. \u041d\u0430\u0439\u0434\u0438\u0442\u0435 \u043c\u0443\u043b\u044c\u0442\u0438\u043f\u043b\u0435\u043a\u0441, \u043a\u0432\u0430\u0440\u0442\u0438\u0440\u0443, \u043b\u043e\u0444\u0442 \u0438 \u0442. \u0434., \u043a\u043e\u0442\u043e\u0440\u0430\u044f \u0431\u0443\u0434\u0435\u0442 \u0441\u043e\u043e\u0442\u0432\u0435\u0442\u0441\u0442\u0432\u043e\u0432\u0430\u0442\u044c \u0432\u0430\u0448\u0438\u043c \u043f\u043e\u0442\u0440\u0435\u0431\u043d\u043e\u0441\u0442\u044f\u043c \u0438 \u0431\u044e\u0434\u0436\u0435\u0442\u0443.","robots":{"index":"index","follow":"follow","max-snippet":"max-snippet:-1","max-image-preview":"max-image-preview:large","max-video-preview":"max-video-preview:-1"},"canonical":"https:\/\/www.montreal-courtier.com\/ru\/properties-temp\/","og_locale":"ru_RU","og_type":"article","og_title":"\u041f\u043e\u0438\u0441\u043a \u043d\u0435\u0434\u0432\u0438\u0436\u0438\u043c\u043e\u0441\u0442\u0438 - \u041e\u043a\u0441\u0430\u043d\u0430 \u0422\u043e\u043a\u0430\u0440\u0435\u0432\u0430 - \u0411\u0440\u043e\u043a\u0435\u0440 \u043f\u043e \u043d\u0435\u0434\u0432\u0438\u0436\u0438\u043c\u043e\u0441\u0442\u0438 \u0432 \u041c\u043e\u043d\u0440\u0435\u0430\u043b\u0435","og_description":"\u041f\u043e\u0438\u0441\u043a \u0436\u0438\u043b\u043e\u0439, \u043a\u043e\u043c\u043c\u0435\u0440\u0447\u0435\u0441\u043a\u043e\u0439 \u0438\u043b\u0438 \u043f\u0440\u043e\u043c\u044b\u0448\u043b\u0435\u043d\u043d\u043e\u0439 \u043d\u0435\u0434\u0432\u0438\u0436\u0438\u043c\u043e\u0441\u0442\u0438 \u0434\u043b\u044f \u043f\u0440\u043e\u0434\u0430\u0436\u0438 \u0438\u043b\u0438 \u0430\u0440\u0435\u043d\u0434\u044b \u0432 \u041c\u043e\u043d\u0440\u0435\u0430\u043b\u0435. \u041d\u0430\u0439\u0434\u0438\u0442\u0435 \u043c\u0443\u043b\u044c\u0442\u0438\u043f\u043b\u0435\u043a\u0441, \u043a\u0432\u0430\u0440\u0442\u0438\u0440\u0443, \u043b\u043e\u0444\u0442 \u0438 \u0442. \u0434., \u043a\u043e\u0442\u043e\u0440\u0430\u044f \u0431\u0443\u0434\u0435\u0442 \u0441\u043e\u043e\u0442\u0432\u0435\u0442\u0441\u0442\u0432\u043e\u0432\u0430\u0442\u044c \u0432\u0430\u0448\u0438\u043c \u043f\u043e\u0442\u0440\u0435\u0431\u043d\u043e\u0441\u0442\u044f\u043c \u0438 \u0431\u044e\u0434\u0436\u0435\u0442\u0443.","og_url":"https:\/\/www.montreal-courtier.com\/ru\/properties-temp\/","og_site_name":"Oxana Tokareva - Courtier Immobilier &amp; Hypoth\u00e9caire","article_modified_time":"2018-12-19T12:07:42+00:00","twitter_card":"summary_large_image","schema":{"@context":"https:\/\/schema.org","@graph":[{"@type":"WebPage","@id":"https:\/\/www.montreal-courtier.com\/ru\/properties-temp\/","url":"https:\/\/www.montreal-courtier.com\/ru\/properties-temp\/","name":"\u041f\u043e\u0438\u0441\u043a \u043d\u0435\u0434\u0432\u0438\u0436\u0438\u043c\u043e\u0441\u0442\u0438 - \u041e\u043a\u0441\u0430\u043d\u0430 \u0422\u043e\u043a\u0430\u0440\u0435\u0432\u0430 - \u0411\u0440\u043e\u043a\u0435\u0440 \u043f\u043e \u043d\u0435\u0434\u0432\u0438\u0436\u0438\u043c\u043e\u0441\u0442\u0438 \u0432 \u041c\u043e\u043d\u0440\u0435\u0430\u043b\u0435","isPartOf":{"@id":"https:\/\/www.montreal-courtier.com\/ru\/#website"},"datePublished":"2018-09-23T02:58:12+00:00","dateModified":"2018-12-19T12:07:42+00:00","description":"\u041f\u043e\u0438\u0441\u043a \u0436\u0438\u043b\u043e\u0439, \u043a\u043e\u043c\u043c\u0435\u0440\u0447\u0435\u0441\u043a\u043e\u0439 \u0438\u043b\u0438 \u043f\u0440\u043e\u043c\u044b\u0448\u043b\u0435\u043d\u043d\u043e\u0439 \u043d\u0435\u0434\u0432\u0438\u0436\u0438\u043c\u043e\u0441\u0442\u0438 \u0434\u043b\u044f \u043f\u0440\u043e\u0434\u0430\u0436\u0438 \u0438\u043b\u0438 \u0430\u0440\u0435\u043d\u0434\u044b \u0432 \u041c\u043e\u043d\u0440\u0435\u0430\u043b\u0435. \u041d\u0430\u0439\u0434\u0438\u0442\u0435 \u043c\u0443\u043b\u044c\u0442\u0438\u043f\u043b\u0435\u043a\u0441, \u043a\u0432\u0430\u0440\u0442\u0438\u0440\u0443, \u043b\u043e\u0444\u0442 \u0438 \u0442. \u0434., \u043a\u043e\u0442\u043e\u0440\u0430\u044f \u0431\u0443\u0434\u0435\u0442 \u0441\u043e\u043e\u0442\u0432\u0435\u0442\u0441\u0442\u0432\u043e\u0432\u0430\u0442\u044c \u0432\u0430\u0448\u0438\u043c \u043f\u043e\u0442\u0440\u0435\u0431\u043d\u043e\u0441\u0442\u044f\u043c \u0438 \u0431\u044e\u0434\u0436\u0435\u0442\u0443.","breadcrumb":{"@id":"https:\/\/www.montreal-courtier.com\/ru\/properties-temp\/#breadcrumb"},"inLanguage":"ru-RU","potentialAction":[{"@type":"ReadAction","target":["https:\/\/www.montreal-courtier.com\/ru\/properties-temp\/"]}]},{"@type":"BreadcrumbList","@id":"https:\/\/www.montreal-courtier.com\/ru\/properties-temp\/#breadcrumb","itemListElement":[{"@type":"ListItem","position":1,"name":"Home","item":"https:\/\/www.montreal-courtier.com\/ru\/"},{"@type":"ListItem","position":2,"name":"Properties Temp"}]},{"@type":"WebSite","@id":"https:\/\/www.montreal-courtier.com\/ru\/#website","url":"https:\/\/www.montreal-courtier.com\/ru\/","name":"Oxana Tokareva - Courtier Immobilier &amp; Hypoth\u00e9caire","description":"Courtier Immobilier et Hypoth\u00e9caire \u00e0 Montr\u00e9al","potentialAction":[{"@type":"SearchAction","target":{"@type":"EntryPoint","urlTemplate":"https:\/\/www.montreal-courtier.com\/ru\/?s={search_term_string}"},"query-input":"required name=search_term_string"}],"inLanguage":"ru-RU"}]}},"_links":{"self":[{"href":"https:\/\/www.montreal-courtier.com\/ru\/wp-json\/wp\/v2\/pages\/4323"}],"collection":[{"href":"https:\/\/www.montreal-courtier.com\/ru\/wp-json\/wp\/v2\/pages"}],"about":[{"href":"https:\/\/www.montreal-courtier.com\/ru\/wp-json\/wp\/v2\/types\/page"}],"author":[{"embeddable":true,"href":"https:\/\/www.montreal-courtier.com\/ru\/wp-json\/wp\/v2\/users\/1"}],"replies":[{"embeddable":true,"href":"https:\/\/www.montreal-courtier.com\/ru\/wp-json\/wp\/v2\/comments?post=4323"}],"version-history":[{"count":4,"href":"https:\/\/www.montreal-courtier.com\/ru\/wp-json\/wp\/v2\/pages\/4323\/revisions"}],"predecessor-version":[{"id":4483,"href":"https:\/\/www.montreal-courtier.com\/ru\/wp-json\/wp\/v2\/pages\/4323\/revisions\/4483"}],"wp:attachment":[{"href":"https:\/\/www.montreal-courtier.com\/ru\/wp-json\/wp\/v2\/media?parent=4323"}],"curies":[{"name":"wp","href":"https:\/\/api.w.org\/{rel}","templated":true}]}}