{"id":4301,"date":"2018-09-22T09:55:10","date_gmt":"2018-09-22T13:55:10","guid":{"rendered":"http:\/\/www.montreal-courtier.com\/?page_id=4301"},"modified":"2018-09-22T09:58:29","modified_gmt":"2018-09-22T13:58:29","slug":"%d0%bf%d0%be%d0%bb%d0%b5%d0%b7%d0%bd%d1%8b%d0%b5-%d1%81%d1%81%d1%8b%d0%bb%d0%ba%d0%b8","status":"publish","type":"page","link":"https:\/\/www.montreal-courtier.com\/ru\/%d0%bf%d0%be%d0%bb%d0%b5%d0%b7%d0%bd%d1%8b%d0%b5-%d1%81%d1%81%d1%8b%d0%bb%d0%ba%d0%b8\/","title":{"rendered":"\u041f\u043e\u043b\u0435\u0437\u043d\u044b\u0435 \u0421\u0441\u044b\u043b\u043a\u0438"},"content":{"rendered":"<p>[vc_row][vc_column][vc_column_text]<\/p>\n<h5 class=\"liens_title\">\u0421\u0441\u044b\u043b\u043a\u0438 \u043d\u0430 \u041d\u0435\u0434\u0432\u0438\u0436\u0438\u043c\u043e\u0441\u0442\u044c<\/h5>\n<p>[\/vc_column_text][vc_row_inner][vc_column_inner width=&#8221;1\/3&#8243;][vc_single_image image=&#8221;3924&#8243; img_size=&#8221;full&#8221; alignment=&#8221;center&#8221;][vc_column_text]<\/p>\n<p style=\"text-align: center;\"><a href=\"http:\/\/www.schl.ca\/en\/index.cfm\" target=\"_blank\" rel=\"noopener\">Canada Mortgage and Housing Corporation (CMHC)<\/a><\/p>\n<p>[\/vc_column_text][\/vc_column_inner][vc_column_inner width=&#8221;1\/3&#8243;][vc_single_image image=&#8221;3922&#8243; img_size=&#8221;full&#8221; alignment=&#8221;center&#8221;][vc_column_text]<\/p>\n<p style=\"text-align: center;\"><a href=\"http:\/\/www.oaciq.com\/\" target=\"_blank\" rel=\"noopener\">L&#8217;Organisme d&#8217;autor\u00e9glementation du courtage immobilier du Qu\u00e9bec (OACIQ)<\/a><\/p>\n<p>[\/vc_column_text][\/vc_column_inner][vc_column_inner width=&#8221;1\/3&#8243;][vc_single_image image=&#8221;3918&#8243; img_size=&#8221;full&#8221; alignment=&#8221;center&#8221;][vc_column_text]<\/p>\n<p style=\"text-align: center;\"><a href=\"http:\/\/www.cigm.qc.ca\/\" target=\"_blank\" rel=\"noopener\">Greater Montreal Real Estate Board (GMREB)<\/a><\/p>\n<p>[\/vc_column_text][\/vc_column_inner][\/vc_row_inner]<div style=\"clear:both; width:100%; height:20px\"><\/div>[vc_row_inner][vc_column_inner width=&#8221;1\/3&#8243;][vc_single_image image=&#8221;3915&#8243; img_size=&#8221;full&#8221; alignment=&#8221;center&#8221;][vc_column_text]<\/p>\n<p style=\"text-align: center;\"><a href=\"http:\/\/www.ascq.qc.ca\/\" target=\"_blank\" rel=\"noopener\">Association des syndicats de copropri\u00e9t\u00e9 du Qu\u00e9bec<\/a><\/p>\n<p>[\/vc_column_text][\/vc_column_inner][vc_column_inner width=&#8221;1\/3&#8243;][vc_single_image image=&#8221;3919&#8243; img_size=&#8221;full&#8221; alignment=&#8221;center&#8221;][vc_column_text]<\/p>\n<p style=\"text-align: center;\"><a href=\"https:\/\/www.corpiq.com\/index_fr.php\" target=\"_blank\" rel=\"noopener\">Corporation des propri\u00e9taires immobiliers du Qu\u00e9bec<\/a><\/p>\n<p>[\/vc_column_text][\/vc_column_inner][vc_column_inner width=&#8221;1\/3&#8243;][vc_single_image image=&#8221;3921&#8243; img_size=&#8221;full&#8221; alignment=&#8221;center&#8221;][vc_column_text]<\/p>\n<p style=\"text-align: center;\"><a href=\"http:\/\/www.oaciq.com\/en\/articles\/do-you-know-the-fonds-indemnisation-du-courtage-immobilier-0\" target=\"_blank\" rel=\"noopener\">Real estate indemnity fund<\/a><\/p>\n<p>[\/vc_column_text][\/vc_column_inner][\/vc_row_inner]<div style=\"clear:both; width:100%; height:20px\"><\/div>[vc_row_inner][vc_column_inner width=&#8221;1\/3&#8243;][vc_single_image image=&#8221;3923&#8243; img_size=&#8221;full&#8221; alignment=&#8221;center&#8221;][vc_column_text]<\/p>\n<p style=\"text-align: center;\"><a href=\"http:\/\/www.registrefoncier.gouv.qc.ca\/Sirf\/\" target=\"_blank\" rel=\"noopener\">Registre foncier du Qu\u00e9bec<\/a><\/p>\n<p>[\/vc_column_text][\/vc_column_inner][vc_column_inner width=&#8221;1\/3&#8243;][vc_single_image image=&#8221;3925&#8243; img_size=&#8221;full&#8221; alignment=&#8221;center&#8221;][vc_column_text]<\/p>\n<p style=\"text-align: center;\"><a href=\"http:\/\/www.habitation.gouv.qc.ca\/\" target=\"_blank\" rel=\"noopener\">Soci\u00e9t\u00e9 d&#8217;habitation du Qu\u00e9bec<\/a><\/p>\n<p>[\/vc_column_text][\/vc_column_inner][vc_column_inner width=&#8221;1\/3&#8243;][vc_single_image image=&#8221;3926&#8243; img_size=&#8221;full&#8221; alignment=&#8221;center&#8221;][vc_column_text]<\/p>\n<p style=\"text-align: center;\"><a href=\"http:\/\/iduquebec.com\/\" target=\"_blank\" rel=\"noopener\">Urban Development Institute of Qu\u00e9bec<\/a><\/p>\n<p>[\/vc_column_text][\/vc_column_inner][\/vc_row_inner]<div style=\"clear:both; width:100%; height:20px\"><\/div>[vc_row_inner][vc_column_inner width=&#8221;1\/3&#8243;][vc_single_image image=&#8221;3916&#8243; img_size=&#8221;full&#8221; alignment=&#8221;center&#8221;][vc_column_text]<\/p>\n<p style=\"text-align: center;\"><a href=\"https:\/\/mortgageproscan.ca\/en\/\" target=\"_blank\" rel=\"noopener\">Canadian Association of Accredited Mortage Professionals<\/a><\/p>\n<p>[\/vc_column_text][\/vc_column_inner][vc_column_inner width=&#8221;1\/3&#8243;][vc_single_image image=&#8221;3917&#8243; img_size=&#8221;full&#8221; alignment=&#8221;center&#8221;][vc_column_text]<\/p>\n<p style=\"text-align: center;\"><a href=\"http:\/\/www.centris.ca\/en\/\" target=\"_blank\" rel=\"noopener\">Centris.ca<\/a><\/p>\n<p>[\/vc_column_text][\/vc_column_inner][vc_column_inner width=&#8221;1\/3&#8243;][vc_single_image image=&#8221;3920&#8243; img_size=&#8221;full&#8221; alignment=&#8221;center&#8221;][vc_column_text]<\/p>\n<p style=\"text-align: center;\"><a href=\"http:\/\/fciq.ca\/index.php?lg=en\" target=\"_blank\" rel=\"noopener\">Quebec Federation of Real Estate Boards<\/a><\/p>\n<p>[\/vc_column_text][\/vc_column_inner][\/vc_row_inner]<div style=\"clear:both; width:100%; height:20px\"><\/div>[\/vc_column][\/vc_row][vc_row css=&#8221;.vc_custom_1535511803013{margin-top: 20px !important;}&#8221;][vc_column][vc_column_text]<\/p>\n<h5 class=\"liens_title\">\u041f\u0440\u043e\u0444\u0435\u0441\u0441\u0438\u043e\u043d\u0430\u043b\u044c\u043d\u044b\u0435 \u0410\u0441\u0441\u043e\u0446\u0438\u0430\u0446\u0438\u0438<\/h5>\n<p>[\/vc_column_text][vc_row_inner][vc_column_inner width=&#8221;1\/3&#8243;][vc_single_image image=&#8221;3942&#8243; img_size=&#8221;full&#8221; alignment=&#8221;center&#8221;][vc_column_text]<\/p>\n<p style=\"text-align: center;\"><a href=\"http:\/\/www.aibq.qc.ca\/\" target=\"_blank\" rel=\"noopener\">Association des inspecteurs en b\u00e2timent du Qu\u00e9bec (AIBQ)<\/a><\/p>\n<p>[\/vc_column_text][\/vc_column_inner][vc_column_inner width=&#8221;1\/3&#8243;][vc_single_image image=&#8221;3941&#8243; img_size=&#8221;full&#8221; alignment=&#8221;center&#8221;][vc_column_text]<\/p>\n<p style=\"text-align: center;\"><a href=\"http:\/\/www.barreau.qc.ca\/en\/\" target=\"_blank\" rel=\"noopener\">Barreau du Qu\u00e9bec<\/a><\/p>\n<p>[\/vc_column_text][\/vc_column_inner][vc_column_inner width=&#8221;1\/3&#8243;][vc_single_image image=&#8221;3940&#8243; img_size=&#8221;full&#8221; alignment=&#8221;center&#8221;][vc_column_text]<\/p>\n<p style=\"text-align: center;\"><a href=\"http:\/\/www.chad.ca\/en\" target=\"_blank\" rel=\"noopener\">Chambre de l&#8217;assurance de dommages<\/a><\/p>\n<p>[\/vc_column_text][\/vc_column_inner][\/vc_row_inner]<div style=\"clear:both; width:100%; height:20px\"><\/div>[vc_row_inner][vc_column_inner width=&#8221;1\/3&#8243;][vc_single_image image=&#8221;3939&#8243; img_size=&#8221;full&#8221; alignment=&#8221;center&#8221;][vc_column_text]<\/p>\n<p style=\"text-align: center;\"><a href=\"http:\/\/www.cnq.org\/\" target=\"_blank\" rel=\"noopener\">Chambre des Notaires du Qu\u00e9bec<\/a><\/p>\n<p>[\/vc_column_text][\/vc_column_inner][vc_column_inner width=&#8221;1\/3&#8243;][vc_single_image image=&#8221;3938&#8243; img_size=&#8221;full&#8221; alignment=&#8221;center&#8221;][vc_column_text]<\/p>\n<p style=\"text-align: center;\"><a href=\"http:\/\/www.oaq.com\/\" target=\"_blank\" rel=\"noopener\">Ordre des architectes du Qu\u00e9bec<\/a><\/p>\n<p>[\/vc_column_text][\/vc_column_inner][vc_column_inner width=&#8221;1\/3&#8243;][vc_single_image image=&#8221;3937&#8243; img_size=&#8221;full&#8221; alignment=&#8221;center&#8221;][vc_column_text]<\/p>\n<p style=\"text-align: center;\"><a href=\"http:\/\/www.oagq.qc.ca\/\" target=\"_blank\" rel=\"noopener\">Ordre des arpenteurs g\u00e9om\u00e8tres du Qu\u00e9bec<\/a><\/p>\n<p>[\/vc_column_text][\/vc_column_inner][\/vc_row_inner]<div style=\"clear:both; width:100%; height:20px\"><\/div>[vc_row_inner][vc_column_inner width=&#8221;1\/3&#8243;][vc_single_image image=&#8221;3936&#8243; img_size=&#8221;full&#8221; alignment=&#8221;center&#8221;][vc_column_text]<\/p>\n<p style=\"text-align: center;\"><a href=\"http:\/\/www.oeaq.qc.ca\/\" target=\"_blank\" rel=\"noopener\">Odre des \u00e9valuateurs agr\u00e9\u00e9s<\/a><\/p>\n<p>[\/vc_column_text][\/vc_column_inner][vc_column_inner width=&#8221;1\/3&#8243;][vc_single_image image=&#8221;3935&#8243; img_size=&#8221;full&#8221; alignment=&#8221;center&#8221;][vc_column_text]<\/p>\n<p style=\"text-align: center;\"><a href=\"http:\/\/www.oiq.qc.ca\/en\/\" target=\"_blank\" rel=\"noopener\">Odre des ing\u00e9nieurs du Qu\u00e9bec<\/a><\/p>\n<p>[\/vc_column_text][\/vc_column_inner][vc_column_inner width=&#8221;1\/3&#8243;][vc_single_image image=&#8221;3934&#8243; img_size=&#8221;full&#8221; alignment=&#8221;center&#8221;][vc_column_text]<\/p>\n<p style=\"text-align: center;\"><a href=\"http:\/\/www.otpq.qc.ca\/\" target=\"_blank\" rel=\"noopener\">Ordre des technologues professionnels du Qu\u00e9bec<\/a><\/p>\n<p>[\/vc_column_text][\/vc_column_inner][\/vc_row_inner]<div style=\"clear:both; width:100%; height:20px\"><\/div>[vc_row_inner][vc_column_inner width=&#8221;1\/3&#8243;][vc_single_image image=&#8221;3933&#8243; img_size=&#8221;full&#8221; alignment=&#8221;center&#8221;][vc_column_text]<\/p>\n<p style=\"text-align: center;\"><a href=\"http:\/\/www.apchq.com\/\" target=\"_blank\" rel=\"noopener\">Association provinciale des constructeurs d&#8217;habitations du Qu\u00e9bec (APCHQ)<\/a><\/p>\n<p>[\/vc_column_text][\/vc_column_inner][vc_column_inner width=&#8221;1\/3&#8243;][vc_single_image image=&#8221;3943&#8243; img_size=&#8221;full&#8221; alignment=&#8221;center&#8221;][vc_column_text]<\/p>\n<p style=\"text-align: center;\"><a href=\"https:\/\/www.huissiersquebec.qc.ca\/\" target=\"_blank\" rel=\"noopener\">Chambre des huissiers de Justice du Qu\u00e9bec<\/a><\/p>\n<p>[\/vc_column_text][\/vc_column_inner][vc_column_inner width=&#8221;1\/3&#8243;][\/vc_column_inner][\/vc_row_inner]<div style=\"clear:both; width:100%; height:20px\"><\/div>[\/vc_column][\/vc_row][vc_row css=&#8221;.vc_custom_1535511803013{margin-top: 20px !important;}&#8221;][vc_column][vc_column_text]<\/p>\n<h5 class=\"liens_title\">\u041e\u0431\u0449\u0435\u0441\u0442\u0432\u0435\u043d\u043d\u044b\u0435 \u0423\u0441\u043b\u0443\u0433\u0438<\/h5>\n<p>[\/vc_column_text][vc_row_inner][vc_column_inner width=&#8221;1\/3&#8243;][vc_single_image image=&#8221;3929&#8243; img_size=&#8221;full&#8221; alignment=&#8221;center&#8221;][vc_column_text]<\/p>\n<p style=\"text-align: center;\"><a href=\"http:\/\/www.hydroquebec.com\/\" target=\"_blank\" rel=\"noopener\">Hydro-Qu\u00e9bec<\/a><\/p>\n<p>[\/vc_column_text][\/vc_column_inner][vc_column_inner width=&#8221;1\/3&#8243;][vc_single_image image=&#8221;3930&#8243; img_size=&#8221;full&#8221; alignment=&#8221;center&#8221;][vc_column_text]<\/p>\n<p style=\"text-align: center;\"><a href=\"http:\/\/www.postescanada.ca\/\" target=\"_blank\" rel=\"noopener\">Canada Post<\/a><\/p>\n<p>[\/vc_column_text][\/vc_column_inner][vc_column_inner width=&#8221;1\/3&#8243;][vc_single_image image=&#8221;3928&#8243; img_size=&#8221;full&#8221; alignment=&#8221;center&#8221;][vc_column_text]<\/p>\n<p style=\"text-align: center;\"><a href=\"http:\/\/www.gazmetro.com\/\" target=\"_blank\" rel=\"noopener\">Gaz M\u00e9tro<\/a><\/p>\n<p>[\/vc_column_text][\/vc_column_inner][\/vc_row_inner]<div style=\"clear:both; width:100%; height:20px\"><\/div>[\/vc_column][\/vc_row]<\/p>\n","protected":false},"excerpt":{"rendered":"<p>[vc_row][vc_column][vc_column_text] \u0421\u0441\u044b\u043b\u043a\u0438 \u043d\u0430 \u041d\u0435\u0434\u0432\u0438\u0436\u0438\u043c\u043e\u0441\u0442\u044c [\/vc_column_text][vc_row_inner][vc_column_inner width=&#8221;1\/3&#8243;][vc_single_image image=&#8221;3924&#8243; img_size=&#8221;full&#8221; alignment=&#8221;center&#8221;][vc_column_text] Canada Mortgage and Housing Corporation (CMHC) [\/vc_column_text][\/vc_column_inner][vc_column_inner width=&#8221;1\/3&#8243;][vc_single_image image=&#8221;3922&#8243; img_size=&#8221;full&#8221; alignment=&#8221;center&#8221;][vc_column_text] L&#8217;Organisme d&#8217;autor\u00e9glementation du courtage immobilier du Qu\u00e9bec (OACIQ) [\/vc_column_text][\/vc_column_inner][vc_column_inner width=&#8221;1\/3&#8243;][vc_single_image image=&#8221;3918&#8243; img_size=&#8221;full&#8221; alignment=&#8221;center&#8221;][vc_column_text] Greater Montreal Real Estate Board (GMREB) [\/vc_column_text][\/vc_column_inner][\/vc_row_inner][vc_row_inner][vc_column_inner width=&#8221;1\/3&#8243;][vc_single_image image=&#8221;3915&#8243; img_size=&#8221;full&#8221; alignment=&#8221;center&#8221;][vc_column_text] Association des syndicats de copropri\u00e9t\u00e9 du Qu\u00e9bec [\/vc_column_text][\/vc_column_inner][vc_column_inner width=&#8221;1\/3&#8243;][vc_single_image image=&#8221;3919&#8243; img_size=&#8221;full&#8221; [&hellip;]<\/p>\n","protected":false},"author":1,"featured_media":0,"parent":0,"menu_order":0,"comment_status":"closed","ping_status":"closed","template":"","meta":{"footnotes":""},"yoast_head":"<!-- This site is optimized with the Yoast SEO plugin v23.0 - https:\/\/yoast.com\/wordpress\/plugins\/seo\/ -->\n<title>\u041f\u043e\u043b\u0435\u0437\u043d\u044b\u0435 \u0421\u0441\u044b\u043b\u043a\u0438 - Oxana Tokareva - Courtier Immobilier &amp; Hypoth\u00e9caire<\/title>\n<meta name=\"robots\" content=\"index, follow, max-snippet:-1, max-image-preview:large, max-video-preview:-1\" \/>\n<link rel=\"canonical\" href=\"https:\/\/www.montreal-courtier.com\/ru\/%d0%bf%d0%be%d0%bb%d0%b5%d0%b7%d0%bd%d1%8b%d0%b5-%d1%81%d1%81%d1%8b%d0%bb%d0%ba%d0%b8\/\" \/>\n<meta property=\"og:locale\" content=\"ru_RU\" \/>\n<meta property=\"og:type\" content=\"article\" \/>\n<meta property=\"og:title\" content=\"\u041f\u043e\u043b\u0435\u0437\u043d\u044b\u0435 \u0421\u0441\u044b\u043b\u043a\u0438 - Oxana Tokareva - Courtier Immobilier &amp; Hypoth\u00e9caire\" \/>\n<meta property=\"og:description\" content=\"[vc_row][vc_column][vc_column_text] \u0421\u0441\u044b\u043b\u043a\u0438 \u043d\u0430 \u041d\u0435\u0434\u0432\u0438\u0436\u0438\u043c\u043e\u0441\u0442\u044c [\/vc_column_text][vc_row_inner][vc_column_inner width=&#8221;1\/3&#8243;][vc_single_image image=&#8221;3924&#8243; img_size=&#8221;full&#8221; alignment=&#8221;center&#8221;][vc_column_text] Canada Mortgage and Housing Corporation (CMHC) [\/vc_column_text][\/vc_column_inner][vc_column_inner width=&#8221;1\/3&#8243;][vc_single_image image=&#8221;3922&#8243; img_size=&#8221;full&#8221; alignment=&#8221;center&#8221;][vc_column_text] L&#8217;Organisme d&#8217;autor\u00e9glementation du courtage immobilier du Qu\u00e9bec (OACIQ) [\/vc_column_text][\/vc_column_inner][vc_column_inner width=&#8221;1\/3&#8243;][vc_single_image image=&#8221;3918&#8243; img_size=&#8221;full&#8221; alignment=&#8221;center&#8221;][vc_column_text] Greater Montreal Real Estate Board (GMREB) [\/vc_column_text][\/vc_column_inner][\/vc_row_inner][vc_row_inner][vc_column_inner width=&#8221;1\/3&#8243;][vc_single_image image=&#8221;3915&#8243; img_size=&#8221;full&#8221; alignment=&#8221;center&#8221;][vc_column_text] Association des syndicats de copropri\u00e9t\u00e9 du Qu\u00e9bec [\/vc_column_text][\/vc_column_inner][vc_column_inner width=&#8221;1\/3&#8243;][vc_single_image image=&#8221;3919&#8243; img_size=&#8221;full&#8221; [&hellip;]\" \/>\n<meta property=\"og:url\" content=\"https:\/\/www.montreal-courtier.com\/ru\/%d0%bf%d0%be%d0%bb%d0%b5%d0%b7%d0%bd%d1%8b%d0%b5-%d1%81%d1%81%d1%8b%d0%bb%d0%ba%d0%b8\/\" \/>\n<meta property=\"og:site_name\" content=\"Oxana Tokareva - Courtier Immobilier &amp; Hypoth\u00e9caire\" \/>\n<meta property=\"article:modified_time\" content=\"2018-09-22T13:58:29+00:00\" \/>\n<meta name=\"twitter:card\" content=\"summary_large_image\" \/>\n<meta name=\"twitter:label1\" content=\"\u041f\u0440\u0438\u043c\u0435\u0440\u043d\u043e\u0435 \u0432\u0440\u0435\u043c\u044f \u0434\u043b\u044f \u0447\u0442\u0435\u043d\u0438\u044f\" \/>\n\t<meta name=\"twitter:data1\" content=\"4 \u043c\u0438\u043d\u0443\u0442\u044b\" \/>\n<script type=\"application\/ld+json\" class=\"yoast-schema-graph\">{\"@context\":\"https:\/\/schema.org\",\"@graph\":[{\"@type\":\"WebPage\",\"@id\":\"https:\/\/www.montreal-courtier.com\/ru\/%d0%bf%d0%be%d0%bb%d0%b5%d0%b7%d0%bd%d1%8b%d0%b5-%d1%81%d1%81%d1%8b%d0%bb%d0%ba%d0%b8\/\",\"url\":\"https:\/\/www.montreal-courtier.com\/ru\/%d0%bf%d0%be%d0%bb%d0%b5%d0%b7%d0%bd%d1%8b%d0%b5-%d1%81%d1%81%d1%8b%d0%bb%d0%ba%d0%b8\/\",\"name\":\"\u041f\u043e\u043b\u0435\u0437\u043d\u044b\u0435 \u0421\u0441\u044b\u043b\u043a\u0438 - Oxana Tokareva - Courtier Immobilier &amp; Hypoth\u00e9caire\",\"isPartOf\":{\"@id\":\"https:\/\/www.montreal-courtier.com\/ru\/#website\"},\"datePublished\":\"2018-09-22T13:55:10+00:00\",\"dateModified\":\"2018-09-22T13:58:29+00:00\",\"breadcrumb\":{\"@id\":\"https:\/\/www.montreal-courtier.com\/ru\/%d0%bf%d0%be%d0%bb%d0%b5%d0%b7%d0%bd%d1%8b%d0%b5-%d1%81%d1%81%d1%8b%d0%bb%d0%ba%d0%b8\/#breadcrumb\"},\"inLanguage\":\"ru-RU\",\"potentialAction\":[{\"@type\":\"ReadAction\",\"target\":[\"https:\/\/www.montreal-courtier.com\/ru\/%d0%bf%d0%be%d0%bb%d0%b5%d0%b7%d0%bd%d1%8b%d0%b5-%d1%81%d1%81%d1%8b%d0%bb%d0%ba%d0%b8\/\"]}]},{\"@type\":\"BreadcrumbList\",\"@id\":\"https:\/\/www.montreal-courtier.com\/ru\/%d0%bf%d0%be%d0%bb%d0%b5%d0%b7%d0%bd%d1%8b%d0%b5-%d1%81%d1%81%d1%8b%d0%bb%d0%ba%d0%b8\/#breadcrumb\",\"itemListElement\":[{\"@type\":\"ListItem\",\"position\":1,\"name\":\"Home\",\"item\":\"https:\/\/www.montreal-courtier.com\/ru\/\"},{\"@type\":\"ListItem\",\"position\":2,\"name\":\"\u041f\u043e\u043b\u0435\u0437\u043d\u044b\u0435 \u0421\u0441\u044b\u043b\u043a\u0438\"}]},{\"@type\":\"WebSite\",\"@id\":\"https:\/\/www.montreal-courtier.com\/ru\/#website\",\"url\":\"https:\/\/www.montreal-courtier.com\/ru\/\",\"name\":\"Oxana Tokareva - Courtier Immobilier &amp; Hypoth\u00e9caire\",\"description\":\"Courtier Immobilier et Hypoth\u00e9caire \u00e0 Montr\u00e9al\",\"potentialAction\":[{\"@type\":\"SearchAction\",\"target\":{\"@type\":\"EntryPoint\",\"urlTemplate\":\"https:\/\/www.montreal-courtier.com\/ru\/?s={search_term_string}\"},\"query-input\":\"required name=search_term_string\"}],\"inLanguage\":\"ru-RU\"}]}<\/script>\n<!-- \/ Yoast SEO plugin. -->","yoast_head_json":{"title":"\u041f\u043e\u043b\u0435\u0437\u043d\u044b\u0435 \u0421\u0441\u044b\u043b\u043a\u0438 - Oxana Tokareva - Courtier Immobilier &amp; Hypoth\u00e9caire","robots":{"index":"index","follow":"follow","max-snippet":"max-snippet:-1","max-image-preview":"max-image-preview:large","max-video-preview":"max-video-preview:-1"},"canonical":"https:\/\/www.montreal-courtier.com\/ru\/%d0%bf%d0%be%d0%bb%d0%b5%d0%b7%d0%bd%d1%8b%d0%b5-%d1%81%d1%81%d1%8b%d0%bb%d0%ba%d0%b8\/","og_locale":"ru_RU","og_type":"article","og_title":"\u041f\u043e\u043b\u0435\u0437\u043d\u044b\u0435 \u0421\u0441\u044b\u043b\u043a\u0438 - Oxana Tokareva - Courtier Immobilier &amp; Hypoth\u00e9caire","og_description":"[vc_row][vc_column][vc_column_text] \u0421\u0441\u044b\u043b\u043a\u0438 \u043d\u0430 \u041d\u0435\u0434\u0432\u0438\u0436\u0438\u043c\u043e\u0441\u0442\u044c [\/vc_column_text][vc_row_inner][vc_column_inner width=&#8221;1\/3&#8243;][vc_single_image image=&#8221;3924&#8243; img_size=&#8221;full&#8221; alignment=&#8221;center&#8221;][vc_column_text] Canada Mortgage and Housing Corporation (CMHC) [\/vc_column_text][\/vc_column_inner][vc_column_inner width=&#8221;1\/3&#8243;][vc_single_image image=&#8221;3922&#8243; img_size=&#8221;full&#8221; alignment=&#8221;center&#8221;][vc_column_text] L&#8217;Organisme d&#8217;autor\u00e9glementation du courtage immobilier du Qu\u00e9bec (OACIQ) [\/vc_column_text][\/vc_column_inner][vc_column_inner width=&#8221;1\/3&#8243;][vc_single_image image=&#8221;3918&#8243; img_size=&#8221;full&#8221; alignment=&#8221;center&#8221;][vc_column_text] Greater Montreal Real Estate Board (GMREB) [\/vc_column_text][\/vc_column_inner][\/vc_row_inner][vc_row_inner][vc_column_inner width=&#8221;1\/3&#8243;][vc_single_image image=&#8221;3915&#8243; img_size=&#8221;full&#8221; alignment=&#8221;center&#8221;][vc_column_text] Association des syndicats de copropri\u00e9t\u00e9 du Qu\u00e9bec [\/vc_column_text][\/vc_column_inner][vc_column_inner width=&#8221;1\/3&#8243;][vc_single_image image=&#8221;3919&#8243; img_size=&#8221;full&#8221; [&hellip;]","og_url":"https:\/\/www.montreal-courtier.com\/ru\/%d0%bf%d0%be%d0%bb%d0%b5%d0%b7%d0%bd%d1%8b%d0%b5-%d1%81%d1%81%d1%8b%d0%bb%d0%ba%d0%b8\/","og_site_name":"Oxana Tokareva - Courtier Immobilier &amp; Hypoth\u00e9caire","article_modified_time":"2018-09-22T13:58:29+00:00","twitter_card":"summary_large_image","twitter_misc":{"\u041f\u0440\u0438\u043c\u0435\u0440\u043d\u043e\u0435 \u0432\u0440\u0435\u043c\u044f \u0434\u043b\u044f \u0447\u0442\u0435\u043d\u0438\u044f":"4 \u043c\u0438\u043d\u0443\u0442\u044b"},"schema":{"@context":"https:\/\/schema.org","@graph":[{"@type":"WebPage","@id":"https:\/\/www.montreal-courtier.com\/ru\/%d0%bf%d0%be%d0%bb%d0%b5%d0%b7%d0%bd%d1%8b%d0%b5-%d1%81%d1%81%d1%8b%d0%bb%d0%ba%d0%b8\/","url":"https:\/\/www.montreal-courtier.com\/ru\/%d0%bf%d0%be%d0%bb%d0%b5%d0%b7%d0%bd%d1%8b%d0%b5-%d1%81%d1%81%d1%8b%d0%bb%d0%ba%d0%b8\/","name":"\u041f\u043e\u043b\u0435\u0437\u043d\u044b\u0435 \u0421\u0441\u044b\u043b\u043a\u0438 - Oxana Tokareva - Courtier Immobilier &amp; Hypoth\u00e9caire","isPartOf":{"@id":"https:\/\/www.montreal-courtier.com\/ru\/#website"},"datePublished":"2018-09-22T13:55:10+00:00","dateModified":"2018-09-22T13:58:29+00:00","breadcrumb":{"@id":"https:\/\/www.montreal-courtier.com\/ru\/%d0%bf%d0%be%d0%bb%d0%b5%d0%b7%d0%bd%d1%8b%d0%b5-%d1%81%d1%81%d1%8b%d0%bb%d0%ba%d0%b8\/#breadcrumb"},"inLanguage":"ru-RU","potentialAction":[{"@type":"ReadAction","target":["https:\/\/www.montreal-courtier.com\/ru\/%d0%bf%d0%be%d0%bb%d0%b5%d0%b7%d0%bd%d1%8b%d0%b5-%d1%81%d1%81%d1%8b%d0%bb%d0%ba%d0%b8\/"]}]},{"@type":"BreadcrumbList","@id":"https:\/\/www.montreal-courtier.com\/ru\/%d0%bf%d0%be%d0%bb%d0%b5%d0%b7%d0%bd%d1%8b%d0%b5-%d1%81%d1%81%d1%8b%d0%bb%d0%ba%d0%b8\/#breadcrumb","itemListElement":[{"@type":"ListItem","position":1,"name":"Home","item":"https:\/\/www.montreal-courtier.com\/ru\/"},{"@type":"ListItem","position":2,"name":"\u041f\u043e\u043b\u0435\u0437\u043d\u044b\u0435 \u0421\u0441\u044b\u043b\u043a\u0438"}]},{"@type":"WebSite","@id":"https:\/\/www.montreal-courtier.com\/ru\/#website","url":"https:\/\/www.montreal-courtier.com\/ru\/","name":"Oxana Tokareva - Courtier Immobilier &amp; Hypoth\u00e9caire","description":"Courtier Immobilier et Hypoth\u00e9caire \u00e0 Montr\u00e9al","potentialAction":[{"@type":"SearchAction","target":{"@type":"EntryPoint","urlTemplate":"https:\/\/www.montreal-courtier.com\/ru\/?s={search_term_string}"},"query-input":"required name=search_term_string"}],"inLanguage":"ru-RU"}]}},"_links":{"self":[{"href":"https:\/\/www.montreal-courtier.com\/ru\/wp-json\/wp\/v2\/pages\/4301"}],"collection":[{"href":"https:\/\/www.montreal-courtier.com\/ru\/wp-json\/wp\/v2\/pages"}],"about":[{"href":"https:\/\/www.montreal-courtier.com\/ru\/wp-json\/wp\/v2\/types\/page"}],"author":[{"embeddable":true,"href":"https:\/\/www.montreal-courtier.com\/ru\/wp-json\/wp\/v2\/users\/1"}],"replies":[{"embeddable":true,"href":"https:\/\/www.montreal-courtier.com\/ru\/wp-json\/wp\/v2\/comments?post=4301"}],"version-history":[{"count":4,"href":"https:\/\/www.montreal-courtier.com\/ru\/wp-json\/wp\/v2\/pages\/4301\/revisions"}],"predecessor-version":[{"id":4305,"href":"https:\/\/www.montreal-courtier.com\/ru\/wp-json\/wp\/v2\/pages\/4301\/revisions\/4305"}],"wp:attachment":[{"href":"https:\/\/www.montreal-courtier.com\/ru\/wp-json\/wp\/v2\/media?parent=4301"}],"curies":[{"name":"wp","href":"https:\/\/api.w.org\/{rel}","templated":true}]}}