{"id":4269,"date":"2016-03-16T19:50:28","date_gmt":"2016-03-16T19:50:28","guid":{"rendered":"http:\/\/www.montreal-courtier.com\/contact\/"},"modified":"2019-11-15T17:25:19","modified_gmt":"2019-11-15T22:25:19","slug":"contact","status":"publish","type":"page","link":"https:\/\/www.montreal-courtier.com\/ru\/contact\/","title":{"rendered":"\u041a\u043e\u043d\u0442\u0430\u043a\u0442\u044b"},"content":{"rendered":"<p>[vc_row full_width=&#8221;stretch_row_content_no_spaces&#8221; css_animation=&#8221;fadeIn&#8221; css=&#8221;.vc_custom_1547335200981{margin-bottom: 0px !important;border-bottom-width: 0px !important;padding-bottom: 0px !important;}&#8221;][vc_column width=&#8221;1\/2&#8243; css=&#8221;.vc_custom_1535445887392{margin-bottom: -10px !important;border-bottom-width: -10px !important;padding-top: 70px !important;padding-right: 80px !important;padding-bottom: 20px !important;padding-left: 80px !important;}&#8221;][vc_column_text]<\/p>\n<h1>\u0421\u0432\u044f\u0436\u0438\u0442\u0435\u0441\u044c \u0441\u043e \u043c\u043d\u043e\u0439!<\/h1>\n<p>[\/vc_column_text]\n<div class=\"wpcf7 no-js\" id=\"wpcf7-f3065-o1\" lang=\"en-US\" dir=\"ltr\">\n<div class=\"screen-reader-response\"><p role=\"status\" aria-live=\"polite\" aria-atomic=\"true\"><\/p> <ul><\/ul><\/div>\n<form action=\"\/ru\/wp-json\/wp\/v2\/pages\/4269#wpcf7-f3065-o1\" method=\"post\" class=\"wpcf7-form init\" aria-label=\"Contact form\" novalidate=\"novalidate\" data-status=\"init\">\n<div style=\"display: none;\">\n<input type=\"hidden\" name=\"_wpcf7\" value=\"3065\" \/>\n<input type=\"hidden\" name=\"_wpcf7_version\" value=\"5.9.6\" \/>\n<input type=\"hidden\" name=\"_wpcf7_locale\" value=\"en_US\" \/>\n<input type=\"hidden\" name=\"_wpcf7_unit_tag\" value=\"wpcf7-f3065-o1\" \/>\n<input type=\"hidden\" name=\"_wpcf7_container_post\" value=\"0\" \/>\n<input type=\"hidden\" name=\"_wpcf7_posted_data_hash\" value=\"\" \/>\n<input type=\"hidden\" name=\"_wpcf7_recaptcha_response\" value=\"\" \/>\n<\/div>\n<div class=\"form-group\">\n\t<p><span class=\"wpcf7-form-control-wrap\" data-name=\"your-name\"><input size=\"40\" maxlength=\"80\" class=\"wpcf7-form-control wpcf7-text wpcf7-validates-as-required\" aria-required=\"true\" aria-invalid=\"false\" placeholder=\"\u0418\u043c\u044f\" value=\"\" type=\"text\" name=\"your-name\" \/><\/span>\n\t<\/p>\n<\/div>\n<div class=\"form-group\">\n\t<p><span class=\"wpcf7-form-control-wrap\" data-name=\"your-email\"><input size=\"40\" maxlength=\"80\" class=\"wpcf7-form-control wpcf7-email wpcf7-validates-as-required wpcf7-text wpcf7-validates-as-email\" aria-required=\"true\" aria-invalid=\"false\" placeholder=\"\u041f\u043e\u0447\u0442\u0430\" value=\"\" type=\"email\" name=\"your-email\" \/><\/span>\n\t<\/p>\n<\/div>\n<div class=\"form-group\">\n\t<p><span class=\"wpcf7-form-control-wrap\" data-name=\"tel-179\"><input size=\"40\" maxlength=\"80\" class=\"wpcf7-form-control wpcf7-tel wpcf7-validates-as-required wpcf7-text wpcf7-validates-as-tel\" aria-required=\"true\" aria-invalid=\"false\" placeholder=\"\u0422\u0435\u043b\u0435\u0444\u043e\u043d\" value=\"\" type=\"tel\" name=\"tel-179\" \/><\/span>\n\t<\/p>\n<\/div>\n<div class=\"form-group\">\n\t<p><span class=\"wpcf7-form-control-wrap\" data-name=\"your-subject\"><input size=\"40\" maxlength=\"80\" class=\"wpcf7-form-control wpcf7-text wpcf7-validates-as-required\" aria-required=\"true\" aria-invalid=\"false\" placeholder=\"\u0422\u0435\u043c\u0430\" value=\"\" type=\"text\" name=\"your-subject\" \/><\/span>\n\t<\/p>\n<\/div>\n<div class=\"form-group\">\n\t<p><span class=\"wpcf7-form-control-wrap\" data-name=\"your-message\"><textarea cols=\"40\" rows=\"10\" maxlength=\"400\" class=\"wpcf7-form-control wpcf7-textarea wpcf7-validates-as-required\" aria-required=\"true\" aria-invalid=\"false\" placeholder=\"\u0421\u043e\u043e\u0431\u0449\u0435\u043d\u0438\u0435\" name=\"your-message\"><\/textarea><\/span>\n\t<\/p>\n<\/div>\n<div class=\"form-group\">\n\t<p><input class=\"wpcf7-form-control wpcf7-submit has-spinner btn btn-primary btn-lg\" type=\"submit\" value=\"\u041e\u0442\u043f\u0440\u0430\u0432\u0438\u0442\u044c\" \/>\n\t<\/p>\n<\/div><p style=\"display: none !important;\" class=\"akismet-fields-container\" data-prefix=\"_wpcf7_ak_\"><label>&#916;<textarea name=\"_wpcf7_ak_hp_textarea\" cols=\"45\" rows=\"8\" maxlength=\"100\"><\/textarea><\/label><input type=\"hidden\" id=\"ak_js_1\" name=\"_wpcf7_ak_js\" value=\"69\"\/><script>document.getElementById( \"ak_js_1\" ).setAttribute( \"value\", ( new Date() ).getTime() );<\/script><\/p><div class=\"wpcf7-response-output\" aria-hidden=\"true\"><\/div>\n<\/form>\n<\/div>\n[\/vc_column][vc_column width=&#8221;1\/2&#8243; css=&#8221;.vc_custom_1535445484059{margin-top: 0px !important;border-top-width: 0px !important;padding-top: 0px !important;}&#8221;][vc_raw_html css=&#8221;.vc_custom_1573856716542{margin-bottom: -10px !important;border-bottom-width: -10px !important;padding-bottom: -10px !important;}&#8221;]JTNDaWZyYW1lJTIwc3JjJTNEJTIyaHR0cHMlM0ElMkYlMkZ3d3cuZ29vZ2xlLmNvbSUyRm1hcHMlMkZlbWJlZCUzRnBiJTNEJTIxMW0xOCUyMTFtMTIlMjExbTMlMjExZDI3OTcuMDk5ODcwODc1MTIyNiUyMTJkLTczLjM4NjgwODc4NDQ0MTcxJTIxM2Q0NS40ODc5MzM1NzkxMDEyNSUyMTJtMyUyMTFmMCUyMTJmMCUyMTNmMCUyMTNtMiUyMTFpMTAyNCUyMTJpNzY4JTIxNGYxMy4xJTIxM20zJTIxMW0yJTIxMXMweDRjYzkwNjYyOWYzNjk5N2QlMjUzQTB4MTg1MTA0NmFlZThmMTU1MCUyMTJzNzc4NSUyNTIwQ2hlbWluJTI1MjBkZSUyNTIwQ2hhbWJseSUyNTJDJTI1MjBTYWludC1IdWJlcnQlMjUyQyUyNTIwUUMlMjUyMEozWiUyNTIwMEIzJTIxNWUwJTIxM20yJTIxMXNydSUyMTJzY2ElMjE0djE1NzM4NTY1MjMyOTIlMjE1bTIlMjExc3J1JTIxMnNjYSUyMiUyMHdpZHRoJTNEJTIyMTAwJTI1JTIyJTIwaGVpZ2h0JTNEJTIyNjAwJTIyJTIwZnJhbWVib3JkZXIlM0QlMjIwJTIyJTIwc3R5bGUlM0QlMjJib3JkZXIlM0EwJTIyJTIwYWxsb3dmdWxsc2NyZWVuJTNFJTNDJTJGaWZyYW1lJTNF[\/vc_raw_html][\/vc_column][\/vc_row][vc_row full_width=&#8221;stretch_row&#8221; css=&#8221;.vc_custom_1535446718585{padding-top: 20px !important;padding-bottom: 50px !important;background-color: #b62c2c !important;}&#8221;][vc_column css_animation=&#8221;fadeIn&#8221; width=&#8221;1\/4&#8243; css=&#8221;.vc_custom_1535447368597{border-right-width: 20px !important;border-left-width: 20px !important;}&#8221;][vc_icon icon_fontawesome=&#8221;fa fa-home&#8221; color=&#8221;white&#8221; align=&#8221;center&#8221; css=&#8221;.vc_custom_1535446560328{margin-top: 0px !important;margin-bottom: 0px !important;}&#8221;][vc_column_text css=&#8221;.vc_custom_1537599205366{margin-top: 0px !important;margin-bottom: 0px !important;}&#8221;]<\/p>\n<h3 style=\"text-align: center;\"><span style=\"color: #ffffff;\">\u0410\u0434\u0440\u0435\u0441<\/span><\/h3>\n<p>[\/vc_column_text][vc_column_text css=&#8221;.vc_custom_1571703294327{margin-top: 10px !important;margin-bottom: 0px !important;}&#8221;]<\/p>\n<p style=\"text-align: center;\"><span style=\"color: #ffffff;\">7785 Chemin de Chambly, Saint-Hubert, QC J3Z 0B3<\/span><\/p>\n<p>[\/vc_column_text][\/vc_column][vc_column css_animation=&#8221;fadeIn&#8221; width=&#8221;1\/4&#8243; css=&#8221;.vc_custom_1535447374408{border-right-width: 20px !important;border-left-width: 20px !important;}&#8221;][vc_icon icon_fontawesome=&#8221;fa fa-clock-o&#8221; color=&#8221;white&#8221; align=&#8221;center&#8221; css=&#8221;.vc_custom_1535446935480{margin-top: 0px !important;margin-bottom: 0px !important;}&#8221;][vc_column_text css=&#8221;.vc_custom_1537599293444{margin-top: 0px !important;margin-bottom: 0px !important;}&#8221;]<\/p>\n<h3 style=\"text-align: center;\"><span style=\"color: #ffffff;\">\u0427\u0430\u0441\u044b \u0420\u0430\u0431\u043e\u0442\u044b<\/span><\/h3>\n<p>[\/vc_column_text][vc_column_text css=&#8221;.vc_custom_1535447454721{margin-top: 10px !important;margin-bottom: 0px !important;}&#8221;]<\/p>\n<p style=\"text-align: center;\"><span style=\"color: #ffffff;\">Mon &#8211; Fri:\u00a09h \u2013 18h<\/span><\/p>\n<p>[\/vc_column_text][\/vc_column][vc_column css_animation=&#8221;fadeIn&#8221; width=&#8221;1\/4&#8243; css=&#8221;.vc_custom_1535447381729{border-right-width: 20px !important;border-left-width: 20px !important;}&#8221;][vc_icon icon_fontawesome=&#8221;fa fa-phone&#8221; color=&#8221;white&#8221; align=&#8221;center&#8221; css=&#8221;.vc_custom_1535446877486{margin-top: 0px !important;margin-bottom: 0px !important;}&#8221;][vc_column_text css=&#8221;.vc_custom_1537599305387{margin-top: 0px !important;margin-bottom: 0px !important;}&#8221;]<\/p>\n<h3 style=\"text-align: center;\"><span style=\"color: #ffffff;\">\u0422\u0435\u043b\u0435\u0444\u043e\u043d<\/span><\/h3>\n<p>[\/vc_column_text][vc_column_text css=&#8221;.vc_custom_1535447192102{margin-top: 10px !important;margin-bottom: 0px !important;}&#8221;]<\/p>\n<p style=\"text-align: center;\"><a style=\"color: #ffffff;\" href=\"tel:5145703817\">+1 (514) 570 3817<\/a><\/p>\n<p>[\/vc_column_text][\/vc_column][vc_column css_animation=&#8221;fadeIn&#8221; width=&#8221;1\/4&#8243; css=&#8221;.vc_custom_1535447389035{border-right-width: 20px !important;border-left-width: 20px !important;}&#8221;][vc_icon icon_fontawesome=&#8221;fa fa-envelope-open&#8221; color=&#8221;white&#8221; align=&#8221;center&#8221; css=&#8221;.vc_custom_1535446841067{margin-top: 0px !important;margin-bottom: 0px !important;}&#8221;][vc_column_text css=&#8221;.vc_custom_1538980249159{margin-top: 0px !important;margin-bottom: 0px !important;}&#8221;]<\/p>\n<h3 style=\"text-align: center;\"><span style=\"color: #ffffff;\">\u041f\u043e\u0447\u0442\u0430<\/span><\/h3>\n<p>[\/vc_column_text][vc_column_text css=&#8221;.vc_custom_1535447182389{margin-top: 10px !important;margin-bottom: 0px !important;}&#8221;]<\/p>\n<p style=\"text-align: center;\"><a style=\"color: #ffffff;\" href=\"mailto:info@montreal-courtier.com\">info@montreal-courtier.com<\/a><\/p>\n<p>[\/vc_column_text][\/vc_column][\/vc_row]<\/p>\n","protected":false},"excerpt":{"rendered":"<p>[vc_row full_width=&#8221;stretch_row_content_no_spaces&#8221; css_animation=&#8221;fadeIn&#8221; css=&#8221;.vc_custom_1547335200981{margin-bottom: 0px !important;border-bottom-width: 0px !important;padding-bottom: 0px !important;}&#8221;][vc_column width=&#8221;1\/2&#8243; css=&#8221;.vc_custom_1535445887392{margin-bottom: -10px !important;border-bottom-width: -10px !important;padding-top: 70px !important;padding-right: 80px !important;padding-bottom: 20px !important;padding-left: 80px !important;}&#8221;][vc_column_text] \u0421\u0432\u044f\u0436\u0438\u0442\u0435\u0441\u044c \u0441\u043e \u043c\u043d\u043e\u0439! [\/vc_column_text][\/vc_column][vc_column width=&#8221;1\/2&#8243; css=&#8221;.vc_custom_1535445484059{margin-top: 0px !important;border-top-width: 0px !important;padding-top: 0px !important;}&#8221;][vc_raw_html css=&#8221;.vc_custom_1573856716542{margin-bottom: -10px !important;border-bottom-width: -10px !important;padding-bottom: -10px !important;}&#8221;]JTNDaWZyYW1lJTIwc3JjJTNEJTIyaHR0cHMlM0ElMkYlMkZ3d3cuZ29vZ2xlLmNvbSUyRm1hcHMlMkZlbWJlZCUzRnBiJTNEJTIxMW0xOCUyMTFtMTIlMjExbTMlMjExZDI3OTcuMDk5ODcwODc1MTIyNiUyMTJkLTczLjM4NjgwODc4NDQ0MTcxJTIxM2Q0NS40ODc5MzM1NzkxMDEyNSUyMTJtMyUyMTFmMCUyMTJmMCUyMTNmMCUyMTNtMiUyMTFpMTAyNCUyMTJpNzY4JTIxNGYxMy4xJTIxM20zJTIxMW0yJTIxMXMweDRjYzkwNjYyOWYzNjk5N2QlMjUzQTB4MTg1MTA0NmFlZThmMTU1MCUyMTJzNzc4NSUyNTIwQ2hlbWluJTI1MjBkZSUyNTIwQ2hhbWJseSUyNTJDJTI1MjBTYWludC1IdWJlcnQlMjUyQyUyNTIwUUMlMjUyMEozWiUyNTIwMEIzJTIxNWUwJTIxM20yJTIxMXNydSUyMTJzY2ElMjE0djE1NzM4NTY1MjMyOTIlMjE1bTIlMjExc3J1JTIxMnNjYSUyMiUyMHdpZHRoJTNEJTIyMTAwJTI1JTIyJTIwaGVpZ2h0JTNEJTIyNjAwJTIyJTIwZnJhbWVib3JkZXIlM0QlMjIwJTIyJTIwc3R5bGUlM0QlMjJib3JkZXIlM0EwJTIyJTIwYWxsb3dmdWxsc2NyZWVuJTNFJTNDJTJGaWZyYW1lJTNF[\/vc_raw_html][\/vc_column][\/vc_row][vc_row full_width=&#8221;stretch_row&#8221; css=&#8221;.vc_custom_1535446718585{padding-top: 20px !important;padding-bottom: 50px !important;background-color: #b62c2c !important;}&#8221;][vc_column css_animation=&#8221;fadeIn&#8221; width=&#8221;1\/4&#8243; css=&#8221;.vc_custom_1535447368597{border-right-width: 20px [&hellip;]<\/p>\n","protected":false},"author":1,"featured_media":0,"parent":0,"menu_order":0,"comment_status":"closed","ping_status":"closed","template":"template\/template-homepage.php","meta":{"footnotes":""},"yoast_head":"<!-- This site is optimized with the Yoast SEO plugin v23.0 - https:\/\/yoast.com\/wordpress\/plugins\/seo\/ -->\n<title>\u041e\u043a\u0441\u0430\u043d\u0430 \u0422\u043e\u043a\u0430\u0440\u0435\u0432\u0430 - \u0411\u0440\u043e\u043a\u0435\u0440 \u043f\u043e \u041d\u0435\u0434\u0432\u0438\u0436\u0438\u043c\u043e\u0441\u0442\u0438 \u0432 \u041c\u043e\u043d\u0440\u0435\u0430\u043b\u0435 - \u041a\u043e\u043d\u0442\u0430\u043a\u0442\u044b<\/title>\n<meta name=\"description\" content=\"\u041e\u043a\u0441\u0430\u043d\u0430 \u0422\u043e\u043a\u0430\u0440\u0435\u0432\u0430 - \u0411\u0440\u043e\u043a\u0435\u0440 \u043f\u043e \u041d\u0435\u0434\u0432\u0438\u0436\u0438\u043c\u043e\u0441\u0442\u0438 \u0432 \u041c\u043e\u043d\u0440\u0435\u0430\u043b\u0435. \u0422\u0435\u043b.: +1 (514) 570 3817, \u042d\u043b\u0435\u043a\u0442\u0440\u043e\u043d\u043d\u0430\u044f \u043f\u043e\u0447\u0442\u0430: info@montreal-courtier.com. 4030 Bvd. de la C\u00f4te-Vertu, Saint-Laurent, QC H4R 1V4\" \/>\n<meta name=\"robots\" content=\"index, follow, max-snippet:-1, max-image-preview:large, max-video-preview:-1\" \/>\n<link rel=\"canonical\" href=\"https:\/\/www.montreal-courtier.com\/ru\/contact\/\" \/>\n<meta property=\"og:locale\" content=\"ru_RU\" \/>\n<meta property=\"og:type\" content=\"article\" \/>\n<meta property=\"og:title\" content=\"\u041e\u043a\u0441\u0430\u043d\u0430 \u0422\u043e\u043a\u0430\u0440\u0435\u0432\u0430 - \u0411\u0440\u043e\u043a\u0435\u0440 \u043f\u043e \u041d\u0435\u0434\u0432\u0438\u0436\u0438\u043c\u043e\u0441\u0442\u0438 \u0432 \u041c\u043e\u043d\u0440\u0435\u0430\u043b\u0435 - \u041a\u043e\u043d\u0442\u0430\u043a\u0442\u044b\" \/>\n<meta property=\"og:description\" content=\"\u041e\u043a\u0441\u0430\u043d\u0430 \u0422\u043e\u043a\u0430\u0440\u0435\u0432\u0430 - \u0411\u0440\u043e\u043a\u0435\u0440 \u043f\u043e \u041d\u0435\u0434\u0432\u0438\u0436\u0438\u043c\u043e\u0441\u0442\u0438 \u0432 \u041c\u043e\u043d\u0440\u0435\u0430\u043b\u0435. \u0422\u0435\u043b.: +1 (514) 570 3817, \u042d\u043b\u0435\u043a\u0442\u0440\u043e\u043d\u043d\u0430\u044f \u043f\u043e\u0447\u0442\u0430: info@montreal-courtier.com. 4030 Bvd. de la C\u00f4te-Vertu, Saint-Laurent, QC H4R 1V4\" \/>\n<meta property=\"og:url\" content=\"https:\/\/www.montreal-courtier.com\/ru\/contact\/\" \/>\n<meta property=\"og:site_name\" content=\"Oxana Tokareva - Courtier Immobilier &amp; Hypoth\u00e9caire\" \/>\n<meta property=\"article:modified_time\" content=\"2019-11-15T22:25:19+00:00\" \/>\n<meta name=\"twitter:card\" content=\"summary_large_image\" \/>\n<meta name=\"twitter:label1\" content=\"\u041f\u0440\u0438\u043c\u0435\u0440\u043d\u043e\u0435 \u0432\u0440\u0435\u043c\u044f \u0434\u043b\u044f \u0447\u0442\u0435\u043d\u0438\u044f\" \/>\n\t<meta name=\"twitter:data1\" content=\"2 \u043c\u0438\u043d\u0443\u0442\u044b\" \/>\n<script type=\"application\/ld+json\" class=\"yoast-schema-graph\">{\"@context\":\"https:\/\/schema.org\",\"@graph\":[{\"@type\":\"WebPage\",\"@id\":\"https:\/\/www.montreal-courtier.com\/ru\/contact\/\",\"url\":\"https:\/\/www.montreal-courtier.com\/ru\/contact\/\",\"name\":\"\u041e\u043a\u0441\u0430\u043d\u0430 \u0422\u043e\u043a\u0430\u0440\u0435\u0432\u0430 - \u0411\u0440\u043e\u043a\u0435\u0440 \u043f\u043e \u041d\u0435\u0434\u0432\u0438\u0436\u0438\u043c\u043e\u0441\u0442\u0438 \u0432 \u041c\u043e\u043d\u0440\u0435\u0430\u043b\u0435 - \u041a\u043e\u043d\u0442\u0430\u043a\u0442\u044b\",\"isPartOf\":{\"@id\":\"https:\/\/www.montreal-courtier.com\/ru\/#website\"},\"datePublished\":\"2016-03-16T19:50:28+00:00\",\"dateModified\":\"2019-11-15T22:25:19+00:00\",\"description\":\"\u041e\u043a\u0441\u0430\u043d\u0430 \u0422\u043e\u043a\u0430\u0440\u0435\u0432\u0430 - \u0411\u0440\u043e\u043a\u0435\u0440 \u043f\u043e \u041d\u0435\u0434\u0432\u0438\u0436\u0438\u043c\u043e\u0441\u0442\u0438 \u0432 \u041c\u043e\u043d\u0440\u0435\u0430\u043b\u0435. \u0422\u0435\u043b.: +1 (514) 570 3817, \u042d\u043b\u0435\u043a\u0442\u0440\u043e\u043d\u043d\u0430\u044f \u043f\u043e\u0447\u0442\u0430: info@montreal-courtier.com. 4030 Bvd. de la C\u00f4te-Vertu, Saint-Laurent, QC H4R 1V4\",\"breadcrumb\":{\"@id\":\"https:\/\/www.montreal-courtier.com\/ru\/contact\/#breadcrumb\"},\"inLanguage\":\"ru-RU\",\"potentialAction\":[{\"@type\":\"ReadAction\",\"target\":[\"https:\/\/www.montreal-courtier.com\/ru\/contact\/\"]}]},{\"@type\":\"BreadcrumbList\",\"@id\":\"https:\/\/www.montreal-courtier.com\/ru\/contact\/#breadcrumb\",\"itemListElement\":[{\"@type\":\"ListItem\",\"position\":1,\"name\":\"Home\",\"item\":\"https:\/\/www.montreal-courtier.com\/ru\/\"},{\"@type\":\"ListItem\",\"position\":2,\"name\":\"\u041a\u043e\u043d\u0442\u0430\u043a\u0442\u044b\"}]},{\"@type\":\"WebSite\",\"@id\":\"https:\/\/www.montreal-courtier.com\/ru\/#website\",\"url\":\"https:\/\/www.montreal-courtier.com\/ru\/\",\"name\":\"Oxana Tokareva - Courtier Immobilier &amp; Hypoth\u00e9caire\",\"description\":\"Courtier Immobilier et Hypoth\u00e9caire \u00e0 Montr\u00e9al\",\"potentialAction\":[{\"@type\":\"SearchAction\",\"target\":{\"@type\":\"EntryPoint\",\"urlTemplate\":\"https:\/\/www.montreal-courtier.com\/ru\/?s={search_term_string}\"},\"query-input\":\"required name=search_term_string\"}],\"inLanguage\":\"ru-RU\"}]}<\/script>\n<!-- \/ Yoast SEO plugin. -->","yoast_head_json":{"title":"\u041e\u043a\u0441\u0430\u043d\u0430 \u0422\u043e\u043a\u0430\u0440\u0435\u0432\u0430 - \u0411\u0440\u043e\u043a\u0435\u0440 \u043f\u043e \u041d\u0435\u0434\u0432\u0438\u0436\u0438\u043c\u043e\u0441\u0442\u0438 \u0432 \u041c\u043e\u043d\u0440\u0435\u0430\u043b\u0435 - \u041a\u043e\u043d\u0442\u0430\u043a\u0442\u044b","description":"\u041e\u043a\u0441\u0430\u043d\u0430 \u0422\u043e\u043a\u0430\u0440\u0435\u0432\u0430 - \u0411\u0440\u043e\u043a\u0435\u0440 \u043f\u043e \u041d\u0435\u0434\u0432\u0438\u0436\u0438\u043c\u043e\u0441\u0442\u0438 \u0432 \u041c\u043e\u043d\u0440\u0435\u0430\u043b\u0435. \u0422\u0435\u043b.: +1 (514) 570 3817, \u042d\u043b\u0435\u043a\u0442\u0440\u043e\u043d\u043d\u0430\u044f \u043f\u043e\u0447\u0442\u0430: info@montreal-courtier.com. 4030 Bvd. de la C\u00f4te-Vertu, Saint-Laurent, QC H4R 1V4","robots":{"index":"index","follow":"follow","max-snippet":"max-snippet:-1","max-image-preview":"max-image-preview:large","max-video-preview":"max-video-preview:-1"},"canonical":"https:\/\/www.montreal-courtier.com\/ru\/contact\/","og_locale":"ru_RU","og_type":"article","og_title":"\u041e\u043a\u0441\u0430\u043d\u0430 \u0422\u043e\u043a\u0430\u0440\u0435\u0432\u0430 - \u0411\u0440\u043e\u043a\u0435\u0440 \u043f\u043e \u041d\u0435\u0434\u0432\u0438\u0436\u0438\u043c\u043e\u0441\u0442\u0438 \u0432 \u041c\u043e\u043d\u0440\u0435\u0430\u043b\u0435 - \u041a\u043e\u043d\u0442\u0430\u043a\u0442\u044b","og_description":"\u041e\u043a\u0441\u0430\u043d\u0430 \u0422\u043e\u043a\u0430\u0440\u0435\u0432\u0430 - \u0411\u0440\u043e\u043a\u0435\u0440 \u043f\u043e \u041d\u0435\u0434\u0432\u0438\u0436\u0438\u043c\u043e\u0441\u0442\u0438 \u0432 \u041c\u043e\u043d\u0440\u0435\u0430\u043b\u0435. \u0422\u0435\u043b.: +1 (514) 570 3817, \u042d\u043b\u0435\u043a\u0442\u0440\u043e\u043d\u043d\u0430\u044f \u043f\u043e\u0447\u0442\u0430: info@montreal-courtier.com. 4030 Bvd. de la C\u00f4te-Vertu, Saint-Laurent, QC H4R 1V4","og_url":"https:\/\/www.montreal-courtier.com\/ru\/contact\/","og_site_name":"Oxana Tokareva - Courtier Immobilier &amp; Hypoth\u00e9caire","article_modified_time":"2019-11-15T22:25:19+00:00","twitter_card":"summary_large_image","twitter_misc":{"\u041f\u0440\u0438\u043c\u0435\u0440\u043d\u043e\u0435 \u0432\u0440\u0435\u043c\u044f \u0434\u043b\u044f \u0447\u0442\u0435\u043d\u0438\u044f":"2 \u043c\u0438\u043d\u0443\u0442\u044b"},"schema":{"@context":"https:\/\/schema.org","@graph":[{"@type":"WebPage","@id":"https:\/\/www.montreal-courtier.com\/ru\/contact\/","url":"https:\/\/www.montreal-courtier.com\/ru\/contact\/","name":"\u041e\u043a\u0441\u0430\u043d\u0430 \u0422\u043e\u043a\u0430\u0440\u0435\u0432\u0430 - \u0411\u0440\u043e\u043a\u0435\u0440 \u043f\u043e \u041d\u0435\u0434\u0432\u0438\u0436\u0438\u043c\u043e\u0441\u0442\u0438 \u0432 \u041c\u043e\u043d\u0440\u0435\u0430\u043b\u0435 - \u041a\u043e\u043d\u0442\u0430\u043a\u0442\u044b","isPartOf":{"@id":"https:\/\/www.montreal-courtier.com\/ru\/#website"},"datePublished":"2016-03-16T19:50:28+00:00","dateModified":"2019-11-15T22:25:19+00:00","description":"\u041e\u043a\u0441\u0430\u043d\u0430 \u0422\u043e\u043a\u0430\u0440\u0435\u0432\u0430 - \u0411\u0440\u043e\u043a\u0435\u0440 \u043f\u043e \u041d\u0435\u0434\u0432\u0438\u0436\u0438\u043c\u043e\u0441\u0442\u0438 \u0432 \u041c\u043e\u043d\u0440\u0435\u0430\u043b\u0435. \u0422\u0435\u043b.: +1 (514) 570 3817, \u042d\u043b\u0435\u043a\u0442\u0440\u043e\u043d\u043d\u0430\u044f \u043f\u043e\u0447\u0442\u0430: info@montreal-courtier.com. 4030 Bvd. de la C\u00f4te-Vertu, Saint-Laurent, QC H4R 1V4","breadcrumb":{"@id":"https:\/\/www.montreal-courtier.com\/ru\/contact\/#breadcrumb"},"inLanguage":"ru-RU","potentialAction":[{"@type":"ReadAction","target":["https:\/\/www.montreal-courtier.com\/ru\/contact\/"]}]},{"@type":"BreadcrumbList","@id":"https:\/\/www.montreal-courtier.com\/ru\/contact\/#breadcrumb","itemListElement":[{"@type":"ListItem","position":1,"name":"Home","item":"https:\/\/www.montreal-courtier.com\/ru\/"},{"@type":"ListItem","position":2,"name":"\u041a\u043e\u043d\u0442\u0430\u043a\u0442\u044b"}]},{"@type":"WebSite","@id":"https:\/\/www.montreal-courtier.com\/ru\/#website","url":"https:\/\/www.montreal-courtier.com\/ru\/","name":"Oxana Tokareva - Courtier Immobilier &amp; Hypoth\u00e9caire","description":"Courtier Immobilier et Hypoth\u00e9caire \u00e0 Montr\u00e9al","potentialAction":[{"@type":"SearchAction","target":{"@type":"EntryPoint","urlTemplate":"https:\/\/www.montreal-courtier.com\/ru\/?s={search_term_string}"},"query-input":"required name=search_term_string"}],"inLanguage":"ru-RU"}]}},"_links":{"self":[{"href":"https:\/\/www.montreal-courtier.com\/ru\/wp-json\/wp\/v2\/pages\/4269"}],"collection":[{"href":"https:\/\/www.montreal-courtier.com\/ru\/wp-json\/wp\/v2\/pages"}],"about":[{"href":"https:\/\/www.montreal-courtier.com\/ru\/wp-json\/wp\/v2\/types\/page"}],"author":[{"embeddable":true,"href":"https:\/\/www.montreal-courtier.com\/ru\/wp-json\/wp\/v2\/users\/1"}],"replies":[{"embeddable":true,"href":"https:\/\/www.montreal-courtier.com\/ru\/wp-json\/wp\/v2\/comments?post=4269"}],"version-history":[{"count":7,"href":"https:\/\/www.montreal-courtier.com\/ru\/wp-json\/wp\/v2\/pages\/4269\/revisions"}],"predecessor-version":[{"id":6270,"href":"https:\/\/www.montreal-courtier.com\/ru\/wp-json\/wp\/v2\/pages\/4269\/revisions\/6270"}],"wp:attachment":[{"href":"https:\/\/www.montreal-courtier.com\/ru\/wp-json\/wp\/v2\/media?parent=4269"}],"curies":[{"name":"wp","href":"https:\/\/api.w.org\/{rel}","templated":true}]}}