{"id":6054,"date":"2019-10-05T05:45:13","date_gmt":"2019-10-05T09:45:13","guid":{"rendered":"https:\/\/www.montreal-courtier.com\/?page_id=6054"},"modified":"2019-10-21T04:08:11","modified_gmt":"2019-10-21T08:08:11","slug":"preautorisation-hypothecaire-en-ligne","status":"publish","type":"page","link":"https:\/\/www.montreal-courtier.com\/fr\/preautorisation-hypothecaire-en-ligne\/","title":{"rendered":"Pr\u00e9autorisation Hypoth\u00e9caire en Ligne"},"content":{"rendered":"<p>[vc_row css_animation=&#8221;none&#8221; css=&#8221;.vc_custom_1545508669843{margin-top: 90px !important;margin-bottom: 50px !important;}&#8221;][vc_column css_animation=&#8221;fadeIn&#8221;][vc_column_text css_animation=&#8221;none&#8221; css=&#8221;.vc_custom_1571645275664{margin-bottom: 20px !important;}&#8221;]<\/p>\n<h1 style=\"text-align: center;\">Pr\u00e9autorisation Hypoth\u00e9caire en Ligne<\/h1>\n<p>[\/vc_column_text][vc_column_text]Vous souhaitez obtenir le meilleur taux hypoth\u00e9caire disponible ? Faites une demande simplifi\u00e9e en ligne maintenant. C&#8217;est facile et ultra rapide. En moins de 2 minutes, remplissez ce formulaire et envoyez la demande. Les champs marqu\u00e9s d&#8217;un ast\u00e9risque sont obligatoires. D\u00e8s la r\u00e9ception de votre demande, je me chargerai d&#8217;obtenir les renseignements pertinents et communiquerai avec vous dans les prochaines heures.[\/vc_column_text][vc_single_image image=&#8221;6194&#8243; img_size=&#8221;full&#8221; alignment=&#8221;center&#8221; style=&#8221;vc_box_border&#8221; border_color=&#8221;white&#8221;][vc_column_text]<\/p>\n<h3>Profitez d&#8217;un service VIP<\/h3>\n<p>En utilisant le formulaire de demande simplifi\u00e9e, vous aurez droit \u00e0 une r\u00e9ponse rapide et acc\u00e8s aux conseils de toute une \u00e9quipe de courtiers hypoth\u00e9caires professionnels. Vous \u00eates ainsi assur\u00e9 d&#8217;obtenir le meilleur produit hypoth\u00e9caire adapt\u00e9 \u00e0 votre situation. De plus, vous \u00e9conomiserez du temps et de l&#8217;argent. Enfin, vous ne paierez aucuns frais.[\/vc_column_text][\/vc_column][\/vc_row][vc_row full_width=&#8221;stretch_row&#8221; css=&#8221;.vc_custom_1545110549224{padding-top: 50px !important;padding-bottom: 30px !important;background-color: #b62c2c !important;}&#8221;][vc_column css_animation=&#8221;fadeIn&#8221;][vc_column_text]<\/p>\n<h1 style=\"text-align: center;\"><span style=\"color: #ffffff;\">Si vous planifiez d\u2019acheter une propri\u00e9t\u00e9 les articles suivants vont vous donner plus d\u2019informations sur les diff\u00e9rentes \u00e9tapes de la transaction.<\/span><\/h1>\n<h3 style=\"text-align: center;\"><a href=\"http:\/\/www.montreal-courtier.com\/fr\/acheter-propriete-a-montreal\/\"><span style=\"color: #ffffff;\">Conseils pour les Acheteurs<\/span><\/a><\/h3>\n<h3 style=\"text-align: center;\"><a href=\"http:\/\/www.montreal-courtier.com\/fr\/achat-revente\/\"><span style=\"color: #ffffff;\">Achat-Revente \u2013 \u00ab Flipping \u00bb<\/span><\/a><\/h3>\n<p>[\/vc_column_text][\/vc_column][\/vc_row][vc_row full_width=&#8221;stretch_row&#8221; css=&#8221;.vc_custom_1571642544913{margin-top: 80px !important;padding-bottom: 50px !important;}&#8221;][vc_column css=&#8221;.vc_custom_1536316827733{padding-top: 0px !important;}&#8221;]\n<div class=\"wpcf7 no-js\" id=\"wpcf7-f6058-o1\" lang=\"\" dir=\"ltr\">\n<div class=\"screen-reader-response\"><p role=\"status\" aria-live=\"polite\" aria-atomic=\"true\"><\/p> <ul><\/ul><\/div>\n<form action=\"\/fr\/wp-json\/wp\/v2\/pages\/6054#wpcf7-f6058-o1\" method=\"post\" class=\"wpcf7-form init\" aria-label=\"Formulaire de contact\" novalidate=\"novalidate\" data-status=\"init\">\n<div style=\"display: none;\">\n<input type=\"hidden\" name=\"_wpcf7\" value=\"6058\" \/>\n<input type=\"hidden\" name=\"_wpcf7_version\" value=\"5.9.6\" \/>\n<input type=\"hidden\" name=\"_wpcf7_locale\" value=\"\" \/>\n<input type=\"hidden\" name=\"_wpcf7_unit_tag\" value=\"wpcf7-f6058-o1\" \/>\n<input type=\"hidden\" name=\"_wpcf7_container_post\" value=\"0\" \/>\n<input type=\"hidden\" name=\"_wpcf7_posted_data_hash\" value=\"\" \/>\n<input type=\"hidden\" name=\"_wpcf7_recaptcha_response\" value=\"\" \/>\n<\/div>\n<div class=\"mh-contact-form-style-2\">\n\t<h2>Informations personnelles 1\n\t<\/h2>\n\t<p><label>Nom* (obligatoire)<\/label><span class=\"wpcf7-form-control-wrap\" data-name=\"your-name-1\"><input size=\"40\" maxlength=\"80\" class=\"wpcf7-form-control wpcf7-text wpcf7-validates-as-required\" aria-required=\"true\" aria-invalid=\"false\" value=\"\" type=\"text\" name=\"your-name-1\" \/><\/span>\n\t<\/p>\n\t<p><label>Adresse Courriel* (obligatoire)<\/label><span class=\"wpcf7-form-control-wrap\" data-name=\"your-email-1\"><input size=\"40\" maxlength=\"80\" class=\"wpcf7-form-control wpcf7-email wpcf7-validates-as-required wpcf7-text wpcf7-validates-as-email\" aria-required=\"true\" aria-invalid=\"false\" value=\"\" type=\"email\" name=\"your-email-1\" \/><\/span>\n\t<\/p>\n\t<p><label>T\u00e9l\u00e9phone* (obligatoire)<\/label><span class=\"wpcf7-form-control-wrap\" data-name=\"tel-891\"><input size=\"40\" maxlength=\"80\" class=\"wpcf7-form-control wpcf7-tel wpcf7-validates-as-required wpcf7-text wpcf7-validates-as-tel\" aria-required=\"true\" aria-invalid=\"false\" value=\"\" type=\"tel\" name=\"tel-891\" \/><\/span>\n\t<\/p>\n\t<p><label>Meilleur moment pour vous joindre<\/label><span class=\"wpcf7-form-control-wrap\" data-name=\"moment-to-reach-2\"><input size=\"40\" maxlength=\"80\" class=\"wpcf7-form-control wpcf7-text\" aria-invalid=\"false\" value=\"\" type=\"text\" name=\"moment-to-reach-2\" \/><\/span>\n\t<\/p>\n\t<h2>Informations personnelles 2\n\t<\/h2>\n\t<p><label>Nom<\/label><span class=\"wpcf7-form-control-wrap\" data-name=\"your-name-2\"><input size=\"40\" maxlength=\"80\" class=\"wpcf7-form-control wpcf7-text\" aria-invalid=\"false\" value=\"\" type=\"text\" name=\"your-name-2\" \/><\/span>\n\t<\/p>\n\t<p><label>Adresse Courriel<\/label><span class=\"wpcf7-form-control-wrap\" data-name=\"your-email-2\"><input size=\"40\" maxlength=\"80\" class=\"wpcf7-form-control wpcf7-email wpcf7-text wpcf7-validates-as-email\" aria-invalid=\"false\" value=\"\" type=\"email\" name=\"your-email-2\" \/><\/span>\n\t<\/p>\n\t<p><label>T\u00e9l\u00e9phone<\/label><span class=\"wpcf7-form-control-wrap\" data-name=\"tel-892\"><input size=\"40\" maxlength=\"80\" class=\"wpcf7-form-control wpcf7-tel wpcf7-text wpcf7-validates-as-tel\" aria-invalid=\"false\" value=\"\" type=\"tel\" name=\"tel-892\" \/><\/span>\n\t<\/p>\n\t<p><label>Meilleur moment pour vous joindre<\/label><span class=\"wpcf7-form-control-wrap\" data-name=\"moment-to-reach-2\"><input size=\"40\" maxlength=\"80\" class=\"wpcf7-form-control wpcf7-text\" aria-invalid=\"false\" value=\"\" type=\"text\" name=\"moment-to-reach-2\" \/><\/span>\n\t<\/p>\n\t<h2>But de la demande\n\t<\/h2>\n\t<p><span class=\"wpcf7-form-control-wrap\" data-name=\"menu-33\"><select class=\"wpcf7-form-control wpcf7-select wpcf7-validates-as-required\" aria-required=\"true\" aria-invalid=\"false\" name=\"menu-33\"><option value=\"Pr\u00e9qualification (garantie de taux)\">Pr\u00e9qualification (garantie de taux)<\/option><option value=\"Achat\">Achat<\/option><option value=\"Refinancement\">Refinancement<\/option><\/select><\/span>\n\t<\/p>\n\t<h2>Commentaires\n\t<\/h2>\n\t<p><span class=\"wpcf7-form-control-wrap\" data-name=\"your-message\"><textarea cols=\"40\" rows=\"10\" maxlength=\"400\" class=\"wpcf7-form-control wpcf7-textarea\" aria-invalid=\"false\" name=\"your-message\"><\/textarea><\/span>\n\t<\/p>\n\t<p><input class=\"wpcf7-form-control wpcf7-submit has-spinner\" type=\"submit\" value=\"Envoyer la demande\" \/>\n\t<\/p>\n<\/div><p style=\"display: none !important;\" class=\"akismet-fields-container\" data-prefix=\"_wpcf7_ak_\"><label>&#916;<textarea name=\"_wpcf7_ak_hp_textarea\" cols=\"45\" rows=\"8\" maxlength=\"100\"><\/textarea><\/label><input type=\"hidden\" id=\"ak_js_1\" name=\"_wpcf7_ak_js\" value=\"73\"\/><script>document.getElementById( \"ak_js_1\" ).setAttribute( \"value\", ( new Date() ).getTime() );<\/script><\/p><div class=\"wpcf7-response-output\" aria-hidden=\"true\"><\/div>\n<\/form>\n<\/div>\n[\/vc_column][\/vc_row][vc_row full_width=&#8221;stretch_row&#8221; css=&#8221;.vc_custom_1533701428646{padding-top: 30px !important;padding-bottom: 30px !important;background-color: #b62c2c !important;}&#8221; el_id=&#8221;contact&#8221;][vc_column css_animation=&#8221;fadeIn&#8221; width=&#8221;2\/3&#8243;][vc_column_text]<\/p>\n<h1 style=\"text-align: center;\"><span style=\"color: #ffffff;\">Avez-vous des questions sur l&#8217;achat ou la vente d&#8217;une propri\u00e9t\u00e9? Demandez les maintenant!<\/span><\/h1>\n<p>[\/vc_column_text][\/vc_column][vc_column css_animation=&#8221;fadeIn&#8221; width=&#8221;1\/3&#8243; css=&#8221;.vc_custom_1537771168195{margin-top: 5px !important;}&#8221;][vc_btn title=&#8221;Contactez Moi&#8221; style=&#8221;outline&#8221; color=&#8221;white&#8221; align=&#8221;center&#8221; i_align=&#8221;right&#8221; i_icon_fontawesome=&#8221;fa fa-envelope-o&#8221; button_block=&#8221;true&#8221; add_icon=&#8221;true&#8221;][\/vc_column][\/vc_row]<\/p>\n","protected":false},"excerpt":{"rendered":"<p>[vc_row css_animation=&#8221;none&#8221; css=&#8221;.vc_custom_1545508669843{margin-top: 90px !important;margin-bottom: 50px !important;}&#8221;][vc_column css_animation=&#8221;fadeIn&#8221;][vc_column_text css_animation=&#8221;none&#8221; css=&#8221;.vc_custom_1571645275664{margin-bottom: 20px !important;}&#8221;] Pr\u00e9autorisation Hypoth\u00e9caire en Ligne [\/vc_column_text][vc_column_text]Vous souhaitez obtenir le meilleur taux hypoth\u00e9caire disponible ? Faites une demande simplifi\u00e9e en ligne maintenant. C&#8217;est facile et ultra rapide. En moins de 2 minutes, remplissez ce formulaire et envoyez la demande. Les champs marqu\u00e9s d&#8217;un ast\u00e9risque sont [&hellip;]<\/p>\n","protected":false},"author":1,"featured_media":0,"parent":0,"menu_order":0,"comment_status":"closed","ping_status":"closed","template":"template\/template-homepage.php","meta":{"footnotes":""},"yoast_head":"<!-- This site is optimized with the Yoast SEO plugin v23.0 - https:\/\/yoast.com\/wordpress\/plugins\/seo\/ -->\n<title>Estimer la Valeur de Propri\u00e9t\u00e9 - Courtier Immobilier \u00e0 Montr\u00e9al<\/title>\n<meta name=\"description\" content=\"Obtenez une estimation gratuite de la valeur de votre propri\u00e9t\u00e9 en remplissant le formulaire d&#039;\u00e9valuation ou contactez-moi directement afin que je puisse vous accompagner et vous aider \u00e0 vendre votre propri\u00e9t\u00e9.\" \/>\n<meta name=\"robots\" content=\"index, follow, max-snippet:-1, max-image-preview:large, max-video-preview:-1\" \/>\n<link rel=\"canonical\" href=\"https:\/\/www.montreal-courtier.com\/fr\/preautorisation-hypothecaire-en-ligne\/\" \/>\n<meta property=\"og:locale\" content=\"fr_FR\" \/>\n<meta property=\"og:type\" content=\"article\" \/>\n<meta property=\"og:title\" content=\"Estimer la Valeur de Propri\u00e9t\u00e9 - Courtier Immobilier \u00e0 Montr\u00e9al\" \/>\n<meta property=\"og:description\" content=\"Obtenez une estimation gratuite de la valeur de votre propri\u00e9t\u00e9 en remplissant le formulaire d&#039;\u00e9valuation ou contactez-moi directement afin que je puisse vous accompagner et vous aider \u00e0 vendre votre propri\u00e9t\u00e9.\" \/>\n<meta property=\"og:url\" content=\"https:\/\/www.montreal-courtier.com\/fr\/preautorisation-hypothecaire-en-ligne\/\" \/>\n<meta property=\"og:site_name\" content=\"\u041e\u043a\u0441\u0430\u043d\u0430 \u0422\u043e\u043a\u0430\u0440\u0435\u0432\u0430 - Montreal Courtier\" \/>\n<meta property=\"article:modified_time\" content=\"2019-10-21T08:08:11+00:00\" \/>\n<meta name=\"twitter:card\" content=\"summary_large_image\" \/>\n<meta name=\"twitter:label1\" content=\"Dur\u00e9e de lecture estim\u00e9e\" \/>\n\t<meta name=\"twitter:data1\" content=\"2 minutes\" \/>\n<script type=\"application\/ld+json\" class=\"yoast-schema-graph\">{\"@context\":\"https:\/\/schema.org\",\"@graph\":[{\"@type\":\"WebPage\",\"@id\":\"https:\/\/www.montreal-courtier.com\/fr\/preautorisation-hypothecaire-en-ligne\/\",\"url\":\"https:\/\/www.montreal-courtier.com\/fr\/preautorisation-hypothecaire-en-ligne\/\",\"name\":\"Estimer la Valeur de Propri\u00e9t\u00e9 - Courtier Immobilier \u00e0 Montr\u00e9al\",\"isPartOf\":{\"@id\":\"https:\/\/www.montreal-courtier.com\/fr\/#website\"},\"datePublished\":\"2019-10-05T09:45:13+00:00\",\"dateModified\":\"2019-10-21T08:08:11+00:00\",\"description\":\"Obtenez une estimation gratuite de la valeur de votre propri\u00e9t\u00e9 en remplissant le formulaire d'\u00e9valuation ou contactez-moi directement afin que je puisse vous accompagner et vous aider \u00e0 vendre votre propri\u00e9t\u00e9.\",\"breadcrumb\":{\"@id\":\"https:\/\/www.montreal-courtier.com\/fr\/preautorisation-hypothecaire-en-ligne\/#breadcrumb\"},\"inLanguage\":\"fr-FR\",\"potentialAction\":[{\"@type\":\"ReadAction\",\"target\":[\"https:\/\/www.montreal-courtier.com\/fr\/preautorisation-hypothecaire-en-ligne\/\"]}]},{\"@type\":\"BreadcrumbList\",\"@id\":\"https:\/\/www.montreal-courtier.com\/fr\/preautorisation-hypothecaire-en-ligne\/#breadcrumb\",\"itemListElement\":[{\"@type\":\"ListItem\",\"position\":1,\"name\":\"Home\",\"item\":\"https:\/\/www.montreal-courtier.com\/fr\/\"},{\"@type\":\"ListItem\",\"position\":2,\"name\":\"Pr\u00e9autorisation Hypoth\u00e9caire en Ligne\"}]},{\"@type\":\"WebSite\",\"@id\":\"https:\/\/www.montreal-courtier.com\/fr\/#website\",\"url\":\"https:\/\/www.montreal-courtier.com\/fr\/\",\"name\":\"\u041e\u043a\u0441\u0430\u043d\u0430 \u0422\u043e\u043a\u0430\u0440\u0435\u0432\u0430 - Montreal Courtier\",\"description\":\"\u0410\u0433\u0435\u043d\u0442 \u043f\u043e \u043d\u0435\u0434\u0432\u0438\u0436\u0438\u043c\u043e\u0441\u0442\u0438 \u0438 \u0438\u043f\u043e\u0442\u0435\u0447\u043d\u044b\u0439 \u0431\u0440\u043e\u043a\u0435\u0440 \u0432 \u041c\u043e\u043d\u0440\u0435\u0430\u043b\u0435\",\"potentialAction\":[{\"@type\":\"SearchAction\",\"target\":{\"@type\":\"EntryPoint\",\"urlTemplate\":\"https:\/\/www.montreal-courtier.com\/fr\/?s={search_term_string}\"},\"query-input\":\"required name=search_term_string\"}],\"inLanguage\":\"fr-FR\"}]}<\/script>\n<!-- \/ Yoast SEO plugin. -->","yoast_head_json":{"title":"Estimer la Valeur de Propri\u00e9t\u00e9 - Courtier Immobilier \u00e0 Montr\u00e9al","description":"Obtenez une estimation gratuite de la valeur de votre propri\u00e9t\u00e9 en remplissant le formulaire d'\u00e9valuation ou contactez-moi directement afin que je puisse vous accompagner et vous aider \u00e0 vendre votre propri\u00e9t\u00e9.","robots":{"index":"index","follow":"follow","max-snippet":"max-snippet:-1","max-image-preview":"max-image-preview:large","max-video-preview":"max-video-preview:-1"},"canonical":"https:\/\/www.montreal-courtier.com\/fr\/preautorisation-hypothecaire-en-ligne\/","og_locale":"fr_FR","og_type":"article","og_title":"Estimer la Valeur de Propri\u00e9t\u00e9 - Courtier Immobilier \u00e0 Montr\u00e9al","og_description":"Obtenez une estimation gratuite de la valeur de votre propri\u00e9t\u00e9 en remplissant le formulaire d'\u00e9valuation ou contactez-moi directement afin que je puisse vous accompagner et vous aider \u00e0 vendre votre propri\u00e9t\u00e9.","og_url":"https:\/\/www.montreal-courtier.com\/fr\/preautorisation-hypothecaire-en-ligne\/","og_site_name":"\u041e\u043a\u0441\u0430\u043d\u0430 \u0422\u043e\u043a\u0430\u0440\u0435\u0432\u0430 - Montreal Courtier","article_modified_time":"2019-10-21T08:08:11+00:00","twitter_card":"summary_large_image","twitter_misc":{"Dur\u00e9e de lecture estim\u00e9e":"2 minutes"},"schema":{"@context":"https:\/\/schema.org","@graph":[{"@type":"WebPage","@id":"https:\/\/www.montreal-courtier.com\/fr\/preautorisation-hypothecaire-en-ligne\/","url":"https:\/\/www.montreal-courtier.com\/fr\/preautorisation-hypothecaire-en-ligne\/","name":"Estimer la Valeur de Propri\u00e9t\u00e9 - Courtier Immobilier \u00e0 Montr\u00e9al","isPartOf":{"@id":"https:\/\/www.montreal-courtier.com\/fr\/#website"},"datePublished":"2019-10-05T09:45:13+00:00","dateModified":"2019-10-21T08:08:11+00:00","description":"Obtenez une estimation gratuite de la valeur de votre propri\u00e9t\u00e9 en remplissant le formulaire d'\u00e9valuation ou contactez-moi directement afin que je puisse vous accompagner et vous aider \u00e0 vendre votre propri\u00e9t\u00e9.","breadcrumb":{"@id":"https:\/\/www.montreal-courtier.com\/fr\/preautorisation-hypothecaire-en-ligne\/#breadcrumb"},"inLanguage":"fr-FR","potentialAction":[{"@type":"ReadAction","target":["https:\/\/www.montreal-courtier.com\/fr\/preautorisation-hypothecaire-en-ligne\/"]}]},{"@type":"BreadcrumbList","@id":"https:\/\/www.montreal-courtier.com\/fr\/preautorisation-hypothecaire-en-ligne\/#breadcrumb","itemListElement":[{"@type":"ListItem","position":1,"name":"Home","item":"https:\/\/www.montreal-courtier.com\/fr\/"},{"@type":"ListItem","position":2,"name":"Pr\u00e9autorisation Hypoth\u00e9caire en Ligne"}]},{"@type":"WebSite","@id":"https:\/\/www.montreal-courtier.com\/fr\/#website","url":"https:\/\/www.montreal-courtier.com\/fr\/","name":"\u041e\u043a\u0441\u0430\u043d\u0430 \u0422\u043e\u043a\u0430\u0440\u0435\u0432\u0430 - Montreal Courtier","description":"\u0410\u0433\u0435\u043d\u0442 \u043f\u043e \u043d\u0435\u0434\u0432\u0438\u0436\u0438\u043c\u043e\u0441\u0442\u0438 \u0438 \u0438\u043f\u043e\u0442\u0435\u0447\u043d\u044b\u0439 \u0431\u0440\u043e\u043a\u0435\u0440 \u0432 \u041c\u043e\u043d\u0440\u0435\u0430\u043b\u0435","potentialAction":[{"@type":"SearchAction","target":{"@type":"EntryPoint","urlTemplate":"https:\/\/www.montreal-courtier.com\/fr\/?s={search_term_string}"},"query-input":"required name=search_term_string"}],"inLanguage":"fr-FR"}]}},"_links":{"self":[{"href":"https:\/\/www.montreal-courtier.com\/fr\/wp-json\/wp\/v2\/pages\/6054"}],"collection":[{"href":"https:\/\/www.montreal-courtier.com\/fr\/wp-json\/wp\/v2\/pages"}],"about":[{"href":"https:\/\/www.montreal-courtier.com\/fr\/wp-json\/wp\/v2\/types\/page"}],"author":[{"embeddable":true,"href":"https:\/\/www.montreal-courtier.com\/fr\/wp-json\/wp\/v2\/users\/1"}],"replies":[{"embeddable":true,"href":"https:\/\/www.montreal-courtier.com\/fr\/wp-json\/wp\/v2\/comments?post=6054"}],"version-history":[{"count":18,"href":"https:\/\/www.montreal-courtier.com\/fr\/wp-json\/wp\/v2\/pages\/6054\/revisions"}],"predecessor-version":[{"id":6207,"href":"https:\/\/www.montreal-courtier.com\/fr\/wp-json\/wp\/v2\/pages\/6054\/revisions\/6207"}],"wp:attachment":[{"href":"https:\/\/www.montreal-courtier.com\/fr\/wp-json\/wp\/v2\/media?parent=6054"}],"curies":[{"name":"wp","href":"https:\/\/api.w.org\/{rel}","templated":true}]}}