{"id":5862,"date":"2019-09-19T16:41:15","date_gmt":"2019-09-19T20:41:15","guid":{"rendered":"https:\/\/www.montreal-courtier.com\/?page_id=5862"},"modified":"2019-10-05T04:18:53","modified_gmt":"2019-10-05T08:18:53","slug":"programme-dassurance-immobiliere","status":"publish","type":"page","link":"https:\/\/www.montreal-courtier.com\/fr\/programme-dassurance-immobiliere\/","title":{"rendered":"Programme d\u2019Assurance Immobili\u00e8re \u00e0 Montr\u00e9al"},"content":{"rendered":"<p>[vc_row full_width=&#8221;stretch_row&#8221; gap=&#8221;35&#8243; equal_height=&#8221;yes&#8221; parallax=&#8221;content-moving&#8221; parallax_image=&#8221;5964&#8243; css_animation=&#8221;fadeIn&#8221; css=&#8221;.vc_custom_1570263519183{padding-top: 60px !important;padding-bottom: 45px !important;}&#8221; el_id=&#8221;about&#8221;][vc_column css=&#8221;.vc_custom_1534171688480{background-position: center !important;background-repeat: no-repeat !important;background-size: cover !important;}&#8221;][vc_column_text css=&#8221;.vc_custom_1569280132686{margin-bottom: 20px !important;}&#8221;]<\/p>\n<h1 style=\"text-align: center;\">Programme d\u2019Assurance Immobili\u00e8re<\/h1>\n<p>[\/vc_column_text][vc_column_text css=&#8221;.vc_custom_1569278891485{margin-bottom: 0px !important;padding-bottom: 0px !important;}&#8221;]<\/p>\n<p style=\"text-align: center;\">Le programme Protections Immobili\u00e8res offre plusieurs avantages qui agissent comme des valeurs ajout\u00e9es \u00e0 l\u2019encadrement de la Loi sur le courtage immobilier qui permet aux acheteurs et aux vendeurs de proc\u00e9der \u00e0 leur transaction en toute qui\u00e9tude. Les diff\u00e9rents frais de compensation de cette couverture ont \u00e9t\u00e9 fix\u00e9s afin de correspondre aux r\u00e9alit\u00e9s rencontr\u00e9es par les consommateurs lors d\u2019une transaction immobili\u00e8re. De plus, Protections Immobili\u00e8res est l\u2019un des programmes les plus g\u00e9n\u00e9reux offerts sur le march\u00e9. Ces protections vous sont offertes sans frais additionnels par votre courtier immobilier et vous permettent de profiter d\u2019une tranquillit\u00e9 d\u2019esprit inestimable lors de la transaction la plus importante de votre vie.<\/p>\n<p>[\/vc_column_text][vc_empty_space height=&#8221;60px&#8221;][vc_column_text css=&#8221;.vc_custom_1569279056898{margin-bottom: 20px !important;}&#8221;]<\/p>\n<h1 style=\"text-align: center;\">Une protection sur mesure pour r\u00e9pondre \u00e0 vos impr\u00e9vus<\/h1>\n<p>[\/vc_column_text][vc_row_inner gap=&#8221;30&#8243; css=&#8221;.vc_custom_1536813014061{padding-top: 40px !important;padding-bottom: 0px !important;}&#8221;][vc_column_inner width=&#8221;1\/3&#8243;][vc_icon icon_fontawesome=&#8221;fa fa-check&#8221; color=&#8221;custom&#8221; background_style=&#8221;rounded-outline&#8221; background_color=&#8221;custom&#8221; align=&#8221;center&#8221; custom_color=&#8221;#b62c2c&#8221; custom_background_color=&#8221;#b62c2c&#8221;]<div style=\"clear:both; width:100%; height:20pxpx\"><\/div>[vc_column_text]<\/p>\n<h3 style=\"text-align: center;\">Une protection \u00e9tendue lors de d\u00e9lais et d\u00e9sistements<\/h3>\n<p>[\/vc_column_text][\/vc_column_inner][vc_column_inner width=&#8221;1\/3&#8243;][vc_icon icon_fontawesome=&#8221;fa fa-check&#8221; color=&#8221;custom&#8221; background_style=&#8221;rounded-outline&#8221; background_color=&#8221;custom&#8221; align=&#8221;center&#8221; custom_color=&#8221;#b62c2c&#8221; custom_background_color=&#8221;#b62c2c&#8221;]<div style=\"clear:both; width:100%; height:20pxpx\"><\/div>[vc_column_text]<\/p>\n<h3 style=\"text-align: center;\">Un service d\u2019assistance l\u00e9gale disponible pour r\u00e9pondre \u00e0 toutes vos questions<\/h3>\n<p>[\/vc_column_text][\/vc_column_inner][vc_column_inner width=&#8221;1\/3&#8243;][vc_icon icon_fontawesome=&#8221;fa fa-check&#8221; color=&#8221;custom&#8221; background_style=&#8221;rounded-outline&#8221; background_color=&#8221;custom&#8221; align=&#8221;center&#8221; custom_color=&#8221;#b62c2c&#8221; custom_background_color=&#8221;#b62c2c&#8221;]<div style=\"clear:both; width:100%; height:20pxpx\"><\/div>[vc_column_text]<\/p>\n<h3 style=\"text-align: center;\">Une large couverture des frais juridiques<\/h3>\n<p>[\/vc_column_text][\/vc_column_inner][\/vc_row_inner]<div style=\"clear:both; width:100%; height:20px\"><\/div>[vc_btn title=&#8221;T\u00e9l\u00e9charger les Conditions du Contrat&#8221; style=&#8221;custom&#8221; custom_background=&#8221;#b62c2c&#8221; custom_text=&#8221;#ffffff&#8221; align=&#8221;center&#8221; link=&#8221;url:https%3A%2F%2Fwww.montreal-courtier.com%2Fdownloads%2FRCIIQ_FR_19_juillet_2016.pdf|title:RCIIQ%20Guide%20|target:%20_blank|&#8221;][\/vc_column][\/vc_row][vc_row full_width=&#8221;stretch_row&#8221; css_animation=&#8221;fadeIn&#8221; css=&#8221;.vc_custom_1568933054449{padding-top: 60px !important;padding-bottom: 60px !important;background-color: #b62c2c !important;}&#8221; el_id=&#8221;points&#8221;][vc_column css_animation=&#8221;fadeIn&#8221;][vc_column_text]<\/p>\n<h1 style=\"text-align: center;\"><span style=\"color: #ffffff;\">Pourquoi adh\u00e9rer \u00e0 une assurance dans le cadre d\u2019une transaction immobili\u00e8re ?<\/span><\/h1>\n<p>[\/vc_column_text][vc_column_text]<\/p>\n<ul class=\"listStyle\">\n<li>\n<h3><span style=\"color: #ffffff;\">Afin de r\u00e9pondre aux impond\u00e9rables d\u2019une importante transaction immobili\u00e8re qui implique plusieurs parties, il est n\u00e9cessaire de pallier aux \u00e9ventuels probl\u00e8mes qui peuvent survenir lors d\u2019une transaction immobili\u00e8re.<\/span><\/h3>\n<\/li>\n<\/ul>\n<p>[\/vc_column_text][vc_column_text]<\/p>\n<ul class=\"listStyle\">\n<li>\n<h3><span style=\"color: #ffffff;\">La s\u00e9curit\u00e9 et l\u2019encadrement sont des priorit\u00e9s pour votre courtier et l\u2019assurance Protections immobili\u00e8res du RCIIQ permet de r\u00e9pondre \u00e0 plusieurs cas de figure, vous assurant ainsi de vivre une exp\u00e9rience en toute qui\u00e9tude.<\/span><\/h3>\n<\/li>\n<\/ul>\n<p>[\/vc_column_text][\/vc_column][\/vc_row][vc_row full_width=&#8221;stretch_row&#8221; parallax=&#8221;content-moving&#8221; css_animation=&#8221;fadeIn&#8221; css=&#8221;.vc_custom_1569232627917{padding-top: 70px !important;padding-bottom: 100px !important;background-color: #333333 !important;}&#8221; el_id=&#8221;mission&#8221;][vc_column][vc_column_text css_animation=&#8221;none&#8221; css=&#8221;.vc_custom_1568926716240{margin-bottom: 20px !important;}&#8221;]<\/p>\n<h1 style=\"text-align: center;\"><span style=\"color: #ffffff;\">Le programme d\u2019assurance protections immobili\u00e8res en trois volets,<br \/>\nun soutien indispensable AVANT et APR\u00c8S votre passage chez le notaire.<\/span><\/h1>\n<p>[\/vc_column_text][text_with_icons style=&#8221;style_two&#8221; columns=&#8221;three_columns&#8221;][text_with_icon icon_type=&#8221;fontawesome_icon&#8221; font_awesome_icon=&#8221;hourglass-half&#8221; title=&#8221;Protection&#8221; text=&#8221;Afin de pallier aux nombreux impr\u00e9vus pouvant survenir avant la conclusion d\u2019une transaction, l\u2019assurance Protections Immobili\u00e8res peut vous offrir une compensation allant jusqu\u2019\u00e0 25 000$ afin de couvrir les frais engendr\u00e9s* lors d\u2019un d\u00e9lai ou d\u2019un d\u00e9sistement de l\u2019une ou l\u2019autre des parties avant la signature de l\u2019acte notari\u00e9.&#8221; read_more_text=&#8221;&#8221; read_more_link=&#8221;&#8221;][text_with_icon icon_type=&#8221;fontawesome_icon&#8221; font_awesome_icon=&#8221;balance-scale&#8221; title=&#8221;Assistance&#8221; text=&#8221;Un service d\u2019assistance l\u00e9gale sp\u00e9cialis\u00e9 en immobilier vous garantit un service disponible du lundi au vendredi, de 9h \u00e0 20h, afin de r\u00e9pondre \u00e0 toutes vos questions en lien avec votre transaction. Disponible pendant la premi\u00e8re ann\u00e9e suivant votre achat, l\u2019assistance l\u00e9gale continue de vous soutenir et de vous encadrer m\u00eame apr\u00e8s la signature chez le notaire, pour un service de qualit\u00e9 qui vous place en priorit\u00e9.&#8221; read_more_text=&#8221;&#8221; read_more_link=&#8221;&#8221;][text_with_icon icon_type=&#8221;fontawesome_icon&#8221; font_awesome_icon=&#8221;phone&#8221; title=&#8221;Assurance&#8221; text=&#8221;Comme l\u2019achat ou la vente d\u2019une propri\u00e9t\u00e9 peut r\u00e9v\u00e9ler plusieurs surprises, notre protection donne acc\u00e8s \u00e0 une assurance juridique couvrant des frais l\u00e9gaux* allant jusqu\u2019\u00e0 3 000$ durant une p\u00e9riode d\u2019un an.&#8221; read_more_text=&#8221;&#8221; read_more_link=&#8221;&#8221;][\/text_with_icons][vc_column_text css=&#8221;.vc_custom_1568927228825{margin-bottom: 0px !important;padding-bottom: 0px !important;}&#8221;]<\/p>\n<p style=\"text-align: center;\"><span style=\"color: #ffffff;\">*Pour obtenir les termes et conditions d\u2019admissibilit\u00e9, consultez la police d\u2019assurance du programme Protections Immobili\u00e8res.<\/span><\/p>\n<p>[\/vc_column_text][\/vc_column][\/vc_row][vc_row full_width=&#8221;stretch_row&#8221; gap=&#8221;35&#8243; equal_height=&#8221;yes&#8221; parallax=&#8221;content-moving&#8221; css_animation=&#8221;fadeIn&#8221; css=&#8221;.vc_custom_1569232699235{padding-top: 60px !important;padding-bottom: 45px !important;}&#8221;][vc_column css=&#8221;.vc_custom_1534171688480{background-position: center !important;background-repeat: no-repeat !important;background-size: cover !important;}&#8221;][vc_column_text css=&#8221;.vc_custom_1570184429417{margin-bottom: 20px !important;}&#8221;]<\/p>\n<h1 style=\"text-align: center;\">Offert par<\/h1>\n<p>[\/vc_column_text][vc_column_text css=&#8221;.vc_custom_1568934839017{margin-bottom: 0px !important;padding-bottom: 0px !important;}&#8221;]<\/p>\n<p style=\"text-align: center;\">Le programme Protections Immobili\u00e8res est offert par le r\u00e9seau des courtiers immobiliers ind\u00e9pendants du Qu\u00e9bec en collaboration avec Octave assurances.<\/p>\n<p>[\/vc_column_text][vc_empty_space height=&#8221;20px&#8221;][vc_row_inner gap=&#8221;30&#8243; css=&#8221;.vc_custom_1536813014061{padding-top: 40px !important;padding-bottom: 0px !important;}&#8221;][vc_column_inner width=&#8221;1\/3&#8243;][vc_single_image image=&#8221;5923&#8243; img_size=&#8221;medium&#8221; alignment=&#8221;center&#8221; onclick=&#8221;custom_link&#8221; css_animation=&#8221;fadeIn&#8221; link=&#8221;https:\/\/www.proimmobilierhypotheque.com\/&#8221;][\/vc_column_inner][vc_column_inner width=&#8221;1\/3&#8243;][vc_single_image image=&#8221;5926&#8243; img_size=&#8221;medium&#8221; alignment=&#8221;center&#8221; onclick=&#8221;custom_link&#8221; css_animation=&#8221;fadeIn&#8221; link=&#8221;https:\/\/octaveassurances.com\/&#8221;][\/vc_column_inner][vc_column_inner width=&#8221;1\/3&#8243;][vc_single_image image=&#8221;5929&#8243; img_size=&#8221;medium&#8221; alignment=&#8221;center&#8221; onclick=&#8221;custom_link&#8221; css_animation=&#8221;fadeIn&#8221; link=&#8221;http:\/\/www.rciiq.com\/fr\/protectionsimmobilieres.htm&#8221;][\/vc_column_inner][\/vc_row_inner][\/vc_column][\/vc_row]<\/p>\n","protected":false},"excerpt":{"rendered":"<p>[vc_row full_width=&#8221;stretch_row&#8221; gap=&#8221;35&#8243; equal_height=&#8221;yes&#8221; parallax=&#8221;content-moving&#8221; parallax_image=&#8221;5964&#8243; css_animation=&#8221;fadeIn&#8221; css=&#8221;.vc_custom_1570263519183{padding-top: 60px !important;padding-bottom: 45px !important;}&#8221; el_id=&#8221;about&#8221;][vc_column css=&#8221;.vc_custom_1534171688480{background-position: center !important;background-repeat: no-repeat !important;background-size: cover !important;}&#8221;][vc_column_text css=&#8221;.vc_custom_1569280132686{margin-bottom: 20px !important;}&#8221;] Programme d\u2019Assurance Immobili\u00e8re [\/vc_column_text][vc_column_text css=&#8221;.vc_custom_1569278891485{margin-bottom: 0px !important;padding-bottom: 0px !important;}&#8221;] Le programme Protections Immobili\u00e8res offre plusieurs avantages qui agissent comme des valeurs ajout\u00e9es \u00e0 l\u2019encadrement de la Loi sur le courtage immobilier qui [&hellip;]<\/p>\n","protected":false},"author":1,"featured_media":4376,"parent":0,"menu_order":0,"comment_status":"closed","ping_status":"closed","template":"template\/template-homepage.php","meta":{"footnotes":""},"yoast_head":"<!-- This site is optimized with the Yoast SEO plugin v23.0 - https:\/\/yoast.com\/wordpress\/plugins\/seo\/ -->\n<title>Programme d&#039;Assurance Immobili\u00e8re - Courtier Immobilier \u00e0 Montr\u00e9al<\/title>\n<meta name=\"description\" content=\"J&#039;aide \u00e0 acheter et \u00e0 vendre des biens immobiliers \u00e0 Montr\u00e9al, \u00e0 trouver des propri\u00e9t\u00e9s r\u00e9sidentielles, commerciales et industrielles et \u00e0 offrir un large \u00e9ventail de possibilit\u00e9s d&#039;investissement \u00e0 Montr\u00e9al.\" \/>\n<meta name=\"robots\" content=\"index, follow, max-snippet:-1, max-image-preview:large, max-video-preview:-1\" \/>\n<link rel=\"canonical\" href=\"https:\/\/www.montreal-courtier.com\/fr\/programme-dassurance-immobiliere\/\" \/>\n<meta property=\"og:locale\" content=\"fr_FR\" \/>\n<meta property=\"og:type\" content=\"article\" \/>\n<meta property=\"og:title\" content=\"Programme d&#039;Assurance Immobili\u00e8re - Courtier Immobilier \u00e0 Montr\u00e9al\" \/>\n<meta property=\"og:description\" content=\"J&#039;aide \u00e0 acheter et \u00e0 vendre des biens immobiliers \u00e0 Montr\u00e9al, \u00e0 trouver des propri\u00e9t\u00e9s r\u00e9sidentielles, commerciales et industrielles et \u00e0 offrir un large \u00e9ventail de possibilit\u00e9s d&#039;investissement \u00e0 Montr\u00e9al.\" \/>\n<meta property=\"og:url\" content=\"https:\/\/www.montreal-courtier.com\/fr\/programme-dassurance-immobiliere\/\" \/>\n<meta property=\"og:site_name\" content=\"\u041e\u043a\u0441\u0430\u043d\u0430 \u0422\u043e\u043a\u0430\u0440\u0435\u0432\u0430 - Montreal Courtier\" \/>\n<meta property=\"article:modified_time\" content=\"2019-10-05T08:18:53+00:00\" \/>\n<meta property=\"og:image\" content=\"https:\/\/www.montreal-courtier.com\/wp-content\/uploads\/2018\/09\/oxana_tokareva_avatar-1.jpg\" \/>\n\t<meta property=\"og:image:width\" content=\"1000\" \/>\n\t<meta property=\"og:image:height\" content=\"1000\" \/>\n\t<meta property=\"og:image:type\" content=\"image\/jpeg\" \/>\n<meta name=\"twitter:card\" content=\"summary_large_image\" \/>\n<meta name=\"twitter:label1\" content=\"Dur\u00e9e de lecture estim\u00e9e\" \/>\n\t<meta name=\"twitter:data1\" content=\"6 minutes\" \/>\n<script type=\"application\/ld+json\" class=\"yoast-schema-graph\">{\"@context\":\"https:\/\/schema.org\",\"@graph\":[{\"@type\":\"WebPage\",\"@id\":\"https:\/\/www.montreal-courtier.com\/fr\/programme-dassurance-immobiliere\/\",\"url\":\"https:\/\/www.montreal-courtier.com\/fr\/programme-dassurance-immobiliere\/\",\"name\":\"Programme d'Assurance Immobili\u00e8re - Courtier Immobilier \u00e0 Montr\u00e9al\",\"isPartOf\":{\"@id\":\"https:\/\/www.montreal-courtier.com\/fr\/#website\"},\"primaryImageOfPage\":{\"@id\":\"https:\/\/www.montreal-courtier.com\/fr\/programme-dassurance-immobiliere\/#primaryimage\"},\"image\":{\"@id\":\"https:\/\/www.montreal-courtier.com\/fr\/programme-dassurance-immobiliere\/#primaryimage\"},\"thumbnailUrl\":\"https:\/\/www.montreal-courtier.com\/wp-content\/uploads\/2018\/09\/oxana_tokareva_avatar-1.jpg\",\"datePublished\":\"2019-09-19T20:41:15+00:00\",\"dateModified\":\"2019-10-05T08:18:53+00:00\",\"description\":\"J'aide \u00e0 acheter et \u00e0 vendre des biens immobiliers \u00e0 Montr\u00e9al, \u00e0 trouver des propri\u00e9t\u00e9s r\u00e9sidentielles, commerciales et industrielles et \u00e0 offrir un large \u00e9ventail de possibilit\u00e9s d'investissement \u00e0 Montr\u00e9al.\",\"breadcrumb\":{\"@id\":\"https:\/\/www.montreal-courtier.com\/fr\/programme-dassurance-immobiliere\/#breadcrumb\"},\"inLanguage\":\"fr-FR\",\"potentialAction\":[{\"@type\":\"ReadAction\",\"target\":[\"https:\/\/www.montreal-courtier.com\/fr\/programme-dassurance-immobiliere\/\"]}]},{\"@type\":\"ImageObject\",\"inLanguage\":\"fr-FR\",\"@id\":\"https:\/\/www.montreal-courtier.com\/fr\/programme-dassurance-immobiliere\/#primaryimage\",\"url\":\"https:\/\/www.montreal-courtier.com\/wp-content\/uploads\/2018\/09\/oxana_tokareva_avatar-1.jpg\",\"contentUrl\":\"https:\/\/www.montreal-courtier.com\/wp-content\/uploads\/2018\/09\/oxana_tokareva_avatar-1.jpg\",\"width\":1000,\"height\":1000,\"caption\":\"Oxana Tokareva - Real Estate Broker\"},{\"@type\":\"BreadcrumbList\",\"@id\":\"https:\/\/www.montreal-courtier.com\/fr\/programme-dassurance-immobiliere\/#breadcrumb\",\"itemListElement\":[{\"@type\":\"ListItem\",\"position\":1,\"name\":\"Home\",\"item\":\"https:\/\/www.montreal-courtier.com\/fr\/\"},{\"@type\":\"ListItem\",\"position\":2,\"name\":\"Programme d\u2019Assurance Immobili\u00e8re \u00e0 Montr\u00e9al\"}]},{\"@type\":\"WebSite\",\"@id\":\"https:\/\/www.montreal-courtier.com\/fr\/#website\",\"url\":\"https:\/\/www.montreal-courtier.com\/fr\/\",\"name\":\"\u041e\u043a\u0441\u0430\u043d\u0430 \u0422\u043e\u043a\u0430\u0440\u0435\u0432\u0430 - Montreal Courtier\",\"description\":\"\u0410\u0433\u0435\u043d\u0442 \u043f\u043e \u043d\u0435\u0434\u0432\u0438\u0436\u0438\u043c\u043e\u0441\u0442\u0438 \u0438 \u0438\u043f\u043e\u0442\u0435\u0447\u043d\u044b\u0439 \u0431\u0440\u043e\u043a\u0435\u0440 \u0432 \u041c\u043e\u043d\u0440\u0435\u0430\u043b\u0435\",\"potentialAction\":[{\"@type\":\"SearchAction\",\"target\":{\"@type\":\"EntryPoint\",\"urlTemplate\":\"https:\/\/www.montreal-courtier.com\/fr\/?s={search_term_string}\"},\"query-input\":\"required name=search_term_string\"}],\"inLanguage\":\"fr-FR\"}]}<\/script>\n<!-- \/ Yoast SEO plugin. -->","yoast_head_json":{"title":"Programme d'Assurance Immobili\u00e8re - Courtier Immobilier \u00e0 Montr\u00e9al","description":"J'aide \u00e0 acheter et \u00e0 vendre des biens immobiliers \u00e0 Montr\u00e9al, \u00e0 trouver des propri\u00e9t\u00e9s r\u00e9sidentielles, commerciales et industrielles et \u00e0 offrir un large \u00e9ventail de possibilit\u00e9s d'investissement \u00e0 Montr\u00e9al.","robots":{"index":"index","follow":"follow","max-snippet":"max-snippet:-1","max-image-preview":"max-image-preview:large","max-video-preview":"max-video-preview:-1"},"canonical":"https:\/\/www.montreal-courtier.com\/fr\/programme-dassurance-immobiliere\/","og_locale":"fr_FR","og_type":"article","og_title":"Programme d'Assurance Immobili\u00e8re - Courtier Immobilier \u00e0 Montr\u00e9al","og_description":"J'aide \u00e0 acheter et \u00e0 vendre des biens immobiliers \u00e0 Montr\u00e9al, \u00e0 trouver des propri\u00e9t\u00e9s r\u00e9sidentielles, commerciales et industrielles et \u00e0 offrir un large \u00e9ventail de possibilit\u00e9s d'investissement \u00e0 Montr\u00e9al.","og_url":"https:\/\/www.montreal-courtier.com\/fr\/programme-dassurance-immobiliere\/","og_site_name":"\u041e\u043a\u0441\u0430\u043d\u0430 \u0422\u043e\u043a\u0430\u0440\u0435\u0432\u0430 - Montreal Courtier","article_modified_time":"2019-10-05T08:18:53+00:00","og_image":[{"width":1000,"height":1000,"url":"https:\/\/www.montreal-courtier.com\/wp-content\/uploads\/2018\/09\/oxana_tokareva_avatar-1.jpg","type":"image\/jpeg"}],"twitter_card":"summary_large_image","twitter_misc":{"Dur\u00e9e de lecture estim\u00e9e":"6 minutes"},"schema":{"@context":"https:\/\/schema.org","@graph":[{"@type":"WebPage","@id":"https:\/\/www.montreal-courtier.com\/fr\/programme-dassurance-immobiliere\/","url":"https:\/\/www.montreal-courtier.com\/fr\/programme-dassurance-immobiliere\/","name":"Programme d'Assurance Immobili\u00e8re - Courtier Immobilier \u00e0 Montr\u00e9al","isPartOf":{"@id":"https:\/\/www.montreal-courtier.com\/fr\/#website"},"primaryImageOfPage":{"@id":"https:\/\/www.montreal-courtier.com\/fr\/programme-dassurance-immobiliere\/#primaryimage"},"image":{"@id":"https:\/\/www.montreal-courtier.com\/fr\/programme-dassurance-immobiliere\/#primaryimage"},"thumbnailUrl":"https:\/\/www.montreal-courtier.com\/wp-content\/uploads\/2018\/09\/oxana_tokareva_avatar-1.jpg","datePublished":"2019-09-19T20:41:15+00:00","dateModified":"2019-10-05T08:18:53+00:00","description":"J'aide \u00e0 acheter et \u00e0 vendre des biens immobiliers \u00e0 Montr\u00e9al, \u00e0 trouver des propri\u00e9t\u00e9s r\u00e9sidentielles, commerciales et industrielles et \u00e0 offrir un large \u00e9ventail de possibilit\u00e9s d'investissement \u00e0 Montr\u00e9al.","breadcrumb":{"@id":"https:\/\/www.montreal-courtier.com\/fr\/programme-dassurance-immobiliere\/#breadcrumb"},"inLanguage":"fr-FR","potentialAction":[{"@type":"ReadAction","target":["https:\/\/www.montreal-courtier.com\/fr\/programme-dassurance-immobiliere\/"]}]},{"@type":"ImageObject","inLanguage":"fr-FR","@id":"https:\/\/www.montreal-courtier.com\/fr\/programme-dassurance-immobiliere\/#primaryimage","url":"https:\/\/www.montreal-courtier.com\/wp-content\/uploads\/2018\/09\/oxana_tokareva_avatar-1.jpg","contentUrl":"https:\/\/www.montreal-courtier.com\/wp-content\/uploads\/2018\/09\/oxana_tokareva_avatar-1.jpg","width":1000,"height":1000,"caption":"Oxana Tokareva - Real Estate Broker"},{"@type":"BreadcrumbList","@id":"https:\/\/www.montreal-courtier.com\/fr\/programme-dassurance-immobiliere\/#breadcrumb","itemListElement":[{"@type":"ListItem","position":1,"name":"Home","item":"https:\/\/www.montreal-courtier.com\/fr\/"},{"@type":"ListItem","position":2,"name":"Programme d\u2019Assurance Immobili\u00e8re \u00e0 Montr\u00e9al"}]},{"@type":"WebSite","@id":"https:\/\/www.montreal-courtier.com\/fr\/#website","url":"https:\/\/www.montreal-courtier.com\/fr\/","name":"\u041e\u043a\u0441\u0430\u043d\u0430 \u0422\u043e\u043a\u0430\u0440\u0435\u0432\u0430 - Montreal Courtier","description":"\u0410\u0433\u0435\u043d\u0442 \u043f\u043e \u043d\u0435\u0434\u0432\u0438\u0436\u0438\u043c\u043e\u0441\u0442\u0438 \u0438 \u0438\u043f\u043e\u0442\u0435\u0447\u043d\u044b\u0439 \u0431\u0440\u043e\u043a\u0435\u0440 \u0432 \u041c\u043e\u043d\u0440\u0435\u0430\u043b\u0435","potentialAction":[{"@type":"SearchAction","target":{"@type":"EntryPoint","urlTemplate":"https:\/\/www.montreal-courtier.com\/fr\/?s={search_term_string}"},"query-input":"required name=search_term_string"}],"inLanguage":"fr-FR"}]}},"_links":{"self":[{"href":"https:\/\/www.montreal-courtier.com\/fr\/wp-json\/wp\/v2\/pages\/5862"}],"collection":[{"href":"https:\/\/www.montreal-courtier.com\/fr\/wp-json\/wp\/v2\/pages"}],"about":[{"href":"https:\/\/www.montreal-courtier.com\/fr\/wp-json\/wp\/v2\/types\/page"}],"author":[{"embeddable":true,"href":"https:\/\/www.montreal-courtier.com\/fr\/wp-json\/wp\/v2\/users\/1"}],"replies":[{"embeddable":true,"href":"https:\/\/www.montreal-courtier.com\/fr\/wp-json\/wp\/v2\/comments?post=5862"}],"version-history":[{"count":95,"href":"https:\/\/www.montreal-courtier.com\/fr\/wp-json\/wp\/v2\/pages\/5862\/revisions"}],"predecessor-version":[{"id":6043,"href":"https:\/\/www.montreal-courtier.com\/fr\/wp-json\/wp\/v2\/pages\/5862\/revisions\/6043"}],"wp:featuredmedia":[{"embeddable":true,"href":"https:\/\/www.montreal-courtier.com\/fr\/wp-json\/wp\/v2\/media\/4376"}],"wp:attachment":[{"href":"https:\/\/www.montreal-courtier.com\/fr\/wp-json\/wp\/v2\/media?parent=5862"}],"curies":[{"name":"wp","href":"https:\/\/api.w.org\/{rel}","templated":true}]}}