{"id":4561,"date":"2018-09-25T01:52:34","date_gmt":"2018-09-25T05:52:34","guid":{"rendered":"http:\/\/www.montreal-courtier.com\/?page_id=4561"},"modified":"2018-12-20T15:22:34","modified_gmt":"2018-12-20T20:22:34","slug":"mise-en-valeur-de-la-propriete","status":"publish","type":"page","link":"https:\/\/www.montreal-courtier.com\/fr\/mise-en-valeur-de-la-propriete\/","title":{"rendered":"Mise en Valeur de la Propri\u00e9t\u00e9"},"content":{"rendered":"<p>[vc_row css=&#8221;.vc_custom_1538323140542{margin-top: 100px !important;}&#8221;][vc_column][vc_column_text css_animation=&#8221;none&#8221; css=&#8221;.vc_custom_1538323399050{margin-bottom: 20px !important;}&#8221;]<\/p>\n<h1 style=\"text-align: center;\">Mise en Valeur de la Propri\u00e9t\u00e9<\/h1>\n<p>[\/vc_column_text][vc_column_text]Qu\u2019est-ce que ce que la mise en valeur de la propri\u00e9t\u00e9 et pourquoi il est important d\u2019y investir? Le concept de la mise en valeur ou \u00ab Home staging \u00bb est une mise en place particuli\u00e8re de la pr\u00e9sentation de votre propri\u00e9t\u00e9 et il est utilis\u00e9 pour g\u00e9n\u00e9rer un effet de coup de c\u0153urs d\u00e8s les premiers instants afin de conclure rapidement la vente au prix d\u00e9sir\u00e9. Il est commun\u00e9ment admis que il constitue une bonne solution pour g\u00e9n\u00e9rer les profits avec un effet du retour sur l\u2019investissement, que ce soit dans le secteur r\u00e9sidentiel (vente d\u2019une maison ou d\u2019un condo) ou dans le secteur commercial.[\/vc_column_text][\/vc_column][\/vc_row][vc_row css_animation=&#8221;fadeIn&#8221; css=&#8221;.vc_custom_1538323134667{margin-bottom: 60px !important;}&#8221;][vc_column width=&#8221;1\/2&#8243;][vc_single_image image=&#8221;4563&#8243; img_size=&#8221;500&#215;800&#8243; alignment=&#8221;center&#8221; style=&#8221;vc_box_border&#8221; border_color=&#8221;white&#8221;][\/vc_column][vc_column width=&#8221;1\/2&#8243; css=&#8221;.vc_custom_1536227712366{padding-right: 10px !important;padding-left: 10px !important;}&#8221;][vc_column_text]<\/p>\n<h3>Vente plus rapide!<\/h3>\n<p>L\u2019agent immobilier, qui se charge du projet de la vente de votre propri\u00e9t\u00e9, vous conseillera sans doute l\u2019utilisation de la mise en valeur de la propri\u00e9t\u00e9 car ce concept permet \u00e0 l\u2019affichage de la publicit\u00e9 de votre propri\u00e9t\u00e9 de se d\u00e9marquer des milliers d\u2019autres et d\u2019attirer plus rapidement le futur acheteur.<\/p>\n<h3>Meilleur prix!<\/h3>\n<p>La mise en vente de la propri\u00e9t\u00e9 avec l\u2019utilisation de sa mise en valeur, utilise son plein potentiel et constitue un avantage non-n\u00e9gligeable qui fait ressortir et souligner la valeur de la maison.<\/p>\n<h3>Retour sur l\u2019investissement!<\/h3>\n<p>La mise en valeur de la propri\u00e9t\u00e9 devrait \u00eatre consid\u00e9r\u00e9e plut\u00f4t comme un investissement et non pas une d\u00e9pense inutile. Le montant d\u2019argent investi dans la d\u00e9coration et des travaux cosm\u00e9tiques bien cibl\u00e9s, va aider \u00e0 produire un effet convainquant sur l\u2019acheteur et, \u00e9tant inclus dans le prix de vente, sera r\u00e9cup\u00e9r\u00e9 au moins \u00e0 100% sinon plus par le vendeur.<\/p>\n<h3>Se d\u00e9marquer sur le marcher!<\/h3>\n<p>La mise en valeur de la propri\u00e9t\u00e9 assure une meilleurs visibilit\u00e9 sur le marcher par rapport aux autres propri\u00e9t\u00e9s qui ne l\u2019ont pas inclus dans leur strat\u00e9gie de vente.<\/p>\n<h3>Le concept viable et \u00e0 la mode.<\/h3>\n<p>Depuis quelques ann\u00e9es le concept de la mise en valeur de la propri\u00e9t\u00e9 est devenu une composante incontournable du processus de vente des propri\u00e9t\u00e9s surtout dans le segment des propri\u00e9t\u00e9s \u00e0 prix \u00e9lev\u00e9s. Consid\u00e9rant ses avantages et les effets positifs il est pr\u00e9vu qu\u2019il gagnera en popularit\u00e9 aussi parmi les vendeurs des propri\u00e9t\u00e9s \u00e0 prix bas et moyens.[\/vc_column_text][\/vc_column][\/vc_row][vc_row full_width=&#8221;stretch_row&#8221; css=&#8221;.vc_custom_1533701428646{padding-top: 30px !important;padding-bottom: 30px !important;background-color: #b62c2c !important;}&#8221; el_id=&#8221;contact&#8221;][vc_column css_animation=&#8221;fadeIn&#8221; width=&#8221;2\/3&#8243;][vc_column_text]<\/p>\n<h1 style=\"text-align: center;\"><span style=\"color: #ffffff;\">Avez-vous des questions sur l&#8217;achat ou la vente d&#8217;une propri\u00e9t\u00e9? Demandez les maintenant!<\/span><\/h1>\n<p>[\/vc_column_text][\/vc_column][vc_column css_animation=&#8221;fadeIn&#8221; width=&#8221;1\/3&#8243; css=&#8221;.vc_custom_1537771168195{margin-top: 5px !important;}&#8221;][vc_btn title=&#8221;Contactez Moi&#8221; style=&#8221;outline&#8221; color=&#8221;white&#8221; align=&#8221;center&#8221; i_align=&#8221;right&#8221; i_icon_fontawesome=&#8221;fa fa-envelope-o&#8221; button_block=&#8221;true&#8221; add_icon=&#8221;true&#8221;][\/vc_column][\/vc_row][vc_row full_width=&#8221;stretch_row&#8221; css=&#8221;.vc_custom_1536232910277{margin-bottom: 0px !important;border-bottom-width: 0px !important;padding-top: 50px !important;padding-bottom: 0px !important;background-color: #ffffff !important;}&#8221;][vc_column][vc_column_text css_animation=&#8221;none&#8221; css=&#8221;.vc_custom_1538322740342{margin-bottom: 20px !important;}&#8221;]<\/p>\n<h1 style=\"text-align: left;\">Conseils de la Mise en Valeur de la Propri\u00e9t\u00e9<\/h1>\n<p>[\/vc_column_text][vc_column_text]Il est important de travailler de concert avec votre agent immobilier qui saura mettre \u00e0 profit son exp\u00e9rience et de cr\u00e9er le concept efficient et tirant un avantage maximal de la valorisation de votre propri\u00e9t\u00e9. Voici la liste des actions les plus importantes \u00e0 consid\u00e9rer lors de la mise en valeur de la propri\u00e9t\u00e9 :[\/vc_column_text][\/vc_column][\/vc_row][vc_row full_width=&#8221;stretch_row&#8221; css=&#8221;.vc_custom_1536232974344{margin-top: 0px !important;border-top-width: 0px !important;padding-top: 0px !important;padding-bottom: 50px !important;background-color: #ffffff !important;}&#8221;][vc_column width=&#8221;1\/2&#8243; css=&#8221;.vc_custom_1536233000031{padding-top: 0px !important;}&#8221;][vc_column_text]<\/p>\n<ul>\n<li>Nettoyez partout.<\/li>\n<li>Faites des r\u00e9parations n\u00e9cessaires.<\/li>\n<li>Enlevez les effets personnels incluant les cadres et les photos familiales.<\/li>\n<li>D\u00e9sencombrez la chambre \u00e0 coucher, les placards et la buanderie.<\/li>\n<li>Rafra\u00eechissez la peinture des murs si elle est endommag\u00e9e ou d\u00e9lav\u00e9e.<\/li>\n<li>Cachez les outils, balais et jouets.<\/li>\n<li>Assurez-vous que l\u2019odeur int\u00e9rieure soit agr\u00e9able.<\/li>\n<li>Pensez \u00e0 placer les meubles de la fa\u00e7on \u00e0 ce que la perception de l\u2019espace int\u00e9rieur soit organique.<\/li>\n<li>Louez un espace d\u2019entreposage si n\u00e9cessaire pour y mettre temporairement votre surplus des objets personnels encombrant.<\/li>\n<li>Le plancher en bois ou la moquette doivent \u00eatre propres. S\u2019ils sont endommag\u00e9s, faites des r\u00e9parations et remplacez-les.<\/li>\n<li>Enlevez les v\u00eatements hors saison de votre garde-robe et rangez-les ailleurs, car il est possible que les acheteurs vont vouloir injecter tous les espaces.<\/li>\n<\/ul>\n<p>[\/vc_column_text][\/vc_column][vc_column width=&#8221;1\/2&#8243; css=&#8221;.vc_custom_1536232985316{padding-top: 0px !important;}&#8221;][vc_column_text]<\/p>\n<ul>\n<li>Remplacez les ampoules brul\u00e9es et en mettez plus puissantes si l\u2019\u00e9clairage est sombre. Votre maison doit briller.<\/li>\n<li>Nettoyez les grilles de ventilation et les lumi\u00e8res de plafond. Assurez-vous de ne pas y laisser des insectes morts.<\/li>\n<li>D\u00e9barrassez le comptoir de cuisine en rangeant la machine \u00e0 caf\u00e9, grille-pain, microonde, t\u00e9l\u00e9phone etc. Ces objets contribuent \u00e0 la cr\u00e9ation de l\u2019illusion de d\u00e9sordre et de perception du manque d\u2019espace.<\/li>\n<li>Enlevez les panneaux extensions (si possible) de votre table de cuisine pour gagner de l\u2019espace.<\/li>\n<li>Les acheteurs vont surement ouvrir les porti\u00e8res des armoires de cuisine. Assurez-vous que tout soit propre \u00e0 l\u2019int\u00e9rieur, surtout en dessous de l\u2019\u00e9vier.<\/li>\n<li>Avez-vous des animaux de compagnie? Faites en sorte que leur odeur ou leur pr\u00e9sence ne soient pas trop g\u00eanants pour les visiteurs.<\/li>\n<li>D\u00e9corez votre maison avec des serviettes, tapis et bibelots color\u00e9s.<\/li>\n<\/ul>\n<p>[\/vc_column_text][\/vc_column][\/vc_row]<\/p>\n","protected":false},"excerpt":{"rendered":"<p>[vc_row css=&#8221;.vc_custom_1538323140542{margin-top: 100px !important;}&#8221;][vc_column][vc_column_text css_animation=&#8221;none&#8221; css=&#8221;.vc_custom_1538323399050{margin-bottom: 20px !important;}&#8221;] Mise en Valeur de la Propri\u00e9t\u00e9 [\/vc_column_text][vc_column_text]Qu\u2019est-ce que ce que la mise en valeur de la propri\u00e9t\u00e9 et pourquoi il est important d\u2019y investir? Le concept de la mise en valeur ou \u00ab Home staging \u00bb est une mise en place particuli\u00e8re de la pr\u00e9sentation de votre [&hellip;]<\/p>\n","protected":false},"author":1,"featured_media":0,"parent":0,"menu_order":0,"comment_status":"closed","ping_status":"closed","template":"template\/template-homepage.php","meta":{"footnotes":""},"yoast_head":"<!-- This site is optimized with the Yoast SEO plugin v23.0 - https:\/\/yoast.com\/wordpress\/plugins\/seo\/ -->\n<title>Home Staging - Oxana Tokareva - Courtier Immobilier \u00e0 Montr\u00e9al<\/title>\n<meta name=\"description\" content=\"\u00ab Home staging \u00bb est une bonne solution pour g\u00e9n\u00e9rer les profits avec un effet du retour sur l\u2019investissement. Elle est utilis\u00e9 pour g\u00e9n\u00e9rer un effet de coup de c\u0153urs d\u00e8s les premiers instants afin de conclure rapidement la vente au prix d\u00e9sir\u00e9.\" \/>\n<meta name=\"robots\" content=\"index, follow, max-snippet:-1, max-image-preview:large, max-video-preview:-1\" \/>\n<link rel=\"canonical\" href=\"https:\/\/www.montreal-courtier.com\/fr\/mise-en-valeur-de-la-propriete\/\" \/>\n<meta property=\"og:locale\" content=\"fr_FR\" \/>\n<meta property=\"og:type\" content=\"article\" \/>\n<meta property=\"og:title\" content=\"Home Staging - Oxana Tokareva - Courtier Immobilier \u00e0 Montr\u00e9al\" \/>\n<meta property=\"og:description\" content=\"\u00ab Home staging \u00bb est une bonne solution pour g\u00e9n\u00e9rer les profits avec un effet du retour sur l\u2019investissement. Elle est utilis\u00e9 pour g\u00e9n\u00e9rer un effet de coup de c\u0153urs d\u00e8s les premiers instants afin de conclure rapidement la vente au prix d\u00e9sir\u00e9.\" \/>\n<meta property=\"og:url\" content=\"https:\/\/www.montreal-courtier.com\/fr\/mise-en-valeur-de-la-propriete\/\" \/>\n<meta property=\"og:site_name\" content=\"\u041e\u043a\u0441\u0430\u043d\u0430 \u0422\u043e\u043a\u0430\u0440\u0435\u0432\u0430 - Montreal Courtier\" \/>\n<meta property=\"article:modified_time\" content=\"2018-12-20T20:22:34+00:00\" \/>\n<meta name=\"twitter:card\" content=\"summary_large_image\" \/>\n<meta name=\"twitter:label1\" content=\"Dur\u00e9e de lecture estim\u00e9e\" \/>\n\t<meta name=\"twitter:data1\" content=\"5 minutes\" \/>\n<script type=\"application\/ld+json\" class=\"yoast-schema-graph\">{\"@context\":\"https:\/\/schema.org\",\"@graph\":[{\"@type\":\"WebPage\",\"@id\":\"https:\/\/www.montreal-courtier.com\/fr\/mise-en-valeur-de-la-propriete\/\",\"url\":\"https:\/\/www.montreal-courtier.com\/fr\/mise-en-valeur-de-la-propriete\/\",\"name\":\"Home Staging - Oxana Tokareva - Courtier Immobilier \u00e0 Montr\u00e9al\",\"isPartOf\":{\"@id\":\"https:\/\/www.montreal-courtier.com\/fr\/#website\"},\"datePublished\":\"2018-09-25T05:52:34+00:00\",\"dateModified\":\"2018-12-20T20:22:34+00:00\",\"description\":\"\u00ab Home staging \u00bb est une bonne solution pour g\u00e9n\u00e9rer les profits avec un effet du retour sur l\u2019investissement. Elle est utilis\u00e9 pour g\u00e9n\u00e9rer un effet de coup de c\u0153urs d\u00e8s les premiers instants afin de conclure rapidement la vente au prix d\u00e9sir\u00e9.\",\"breadcrumb\":{\"@id\":\"https:\/\/www.montreal-courtier.com\/fr\/mise-en-valeur-de-la-propriete\/#breadcrumb\"},\"inLanguage\":\"fr-FR\",\"potentialAction\":[{\"@type\":\"ReadAction\",\"target\":[\"https:\/\/www.montreal-courtier.com\/fr\/mise-en-valeur-de-la-propriete\/\"]}]},{\"@type\":\"BreadcrumbList\",\"@id\":\"https:\/\/www.montreal-courtier.com\/fr\/mise-en-valeur-de-la-propriete\/#breadcrumb\",\"itemListElement\":[{\"@type\":\"ListItem\",\"position\":1,\"name\":\"Home\",\"item\":\"https:\/\/www.montreal-courtier.com\/fr\/\"},{\"@type\":\"ListItem\",\"position\":2,\"name\":\"Mise en Valeur de la Propri\u00e9t\u00e9\"}]},{\"@type\":\"WebSite\",\"@id\":\"https:\/\/www.montreal-courtier.com\/fr\/#website\",\"url\":\"https:\/\/www.montreal-courtier.com\/fr\/\",\"name\":\"\u041e\u043a\u0441\u0430\u043d\u0430 \u0422\u043e\u043a\u0430\u0440\u0435\u0432\u0430 - Montreal Courtier\",\"description\":\"\u0410\u0433\u0435\u043d\u0442 \u043f\u043e \u043d\u0435\u0434\u0432\u0438\u0436\u0438\u043c\u043e\u0441\u0442\u0438 \u0438 \u0438\u043f\u043e\u0442\u0435\u0447\u043d\u044b\u0439 \u0431\u0440\u043e\u043a\u0435\u0440 \u0432 \u041c\u043e\u043d\u0440\u0435\u0430\u043b\u0435\",\"potentialAction\":[{\"@type\":\"SearchAction\",\"target\":{\"@type\":\"EntryPoint\",\"urlTemplate\":\"https:\/\/www.montreal-courtier.com\/fr\/?s={search_term_string}\"},\"query-input\":\"required name=search_term_string\"}],\"inLanguage\":\"fr-FR\"}]}<\/script>\n<!-- \/ Yoast SEO plugin. -->","yoast_head_json":{"title":"Home Staging - Oxana Tokareva - Courtier Immobilier \u00e0 Montr\u00e9al","description":"\u00ab Home staging \u00bb est une bonne solution pour g\u00e9n\u00e9rer les profits avec un effet du retour sur l\u2019investissement. Elle est utilis\u00e9 pour g\u00e9n\u00e9rer un effet de coup de c\u0153urs d\u00e8s les premiers instants afin de conclure rapidement la vente au prix d\u00e9sir\u00e9.","robots":{"index":"index","follow":"follow","max-snippet":"max-snippet:-1","max-image-preview":"max-image-preview:large","max-video-preview":"max-video-preview:-1"},"canonical":"https:\/\/www.montreal-courtier.com\/fr\/mise-en-valeur-de-la-propriete\/","og_locale":"fr_FR","og_type":"article","og_title":"Home Staging - Oxana Tokareva - Courtier Immobilier \u00e0 Montr\u00e9al","og_description":"\u00ab Home staging \u00bb est une bonne solution pour g\u00e9n\u00e9rer les profits avec un effet du retour sur l\u2019investissement. Elle est utilis\u00e9 pour g\u00e9n\u00e9rer un effet de coup de c\u0153urs d\u00e8s les premiers instants afin de conclure rapidement la vente au prix d\u00e9sir\u00e9.","og_url":"https:\/\/www.montreal-courtier.com\/fr\/mise-en-valeur-de-la-propriete\/","og_site_name":"\u041e\u043a\u0441\u0430\u043d\u0430 \u0422\u043e\u043a\u0430\u0440\u0435\u0432\u0430 - Montreal Courtier","article_modified_time":"2018-12-20T20:22:34+00:00","twitter_card":"summary_large_image","twitter_misc":{"Dur\u00e9e de lecture estim\u00e9e":"5 minutes"},"schema":{"@context":"https:\/\/schema.org","@graph":[{"@type":"WebPage","@id":"https:\/\/www.montreal-courtier.com\/fr\/mise-en-valeur-de-la-propriete\/","url":"https:\/\/www.montreal-courtier.com\/fr\/mise-en-valeur-de-la-propriete\/","name":"Home Staging - Oxana Tokareva - Courtier Immobilier \u00e0 Montr\u00e9al","isPartOf":{"@id":"https:\/\/www.montreal-courtier.com\/fr\/#website"},"datePublished":"2018-09-25T05:52:34+00:00","dateModified":"2018-12-20T20:22:34+00:00","description":"\u00ab Home staging \u00bb est une bonne solution pour g\u00e9n\u00e9rer les profits avec un effet du retour sur l\u2019investissement. Elle est utilis\u00e9 pour g\u00e9n\u00e9rer un effet de coup de c\u0153urs d\u00e8s les premiers instants afin de conclure rapidement la vente au prix d\u00e9sir\u00e9.","breadcrumb":{"@id":"https:\/\/www.montreal-courtier.com\/fr\/mise-en-valeur-de-la-propriete\/#breadcrumb"},"inLanguage":"fr-FR","potentialAction":[{"@type":"ReadAction","target":["https:\/\/www.montreal-courtier.com\/fr\/mise-en-valeur-de-la-propriete\/"]}]},{"@type":"BreadcrumbList","@id":"https:\/\/www.montreal-courtier.com\/fr\/mise-en-valeur-de-la-propriete\/#breadcrumb","itemListElement":[{"@type":"ListItem","position":1,"name":"Home","item":"https:\/\/www.montreal-courtier.com\/fr\/"},{"@type":"ListItem","position":2,"name":"Mise en Valeur de la Propri\u00e9t\u00e9"}]},{"@type":"WebSite","@id":"https:\/\/www.montreal-courtier.com\/fr\/#website","url":"https:\/\/www.montreal-courtier.com\/fr\/","name":"\u041e\u043a\u0441\u0430\u043d\u0430 \u0422\u043e\u043a\u0430\u0440\u0435\u0432\u0430 - Montreal Courtier","description":"\u0410\u0433\u0435\u043d\u0442 \u043f\u043e \u043d\u0435\u0434\u0432\u0438\u0436\u0438\u043c\u043e\u0441\u0442\u0438 \u0438 \u0438\u043f\u043e\u0442\u0435\u0447\u043d\u044b\u0439 \u0431\u0440\u043e\u043a\u0435\u0440 \u0432 \u041c\u043e\u043d\u0440\u0435\u0430\u043b\u0435","potentialAction":[{"@type":"SearchAction","target":{"@type":"EntryPoint","urlTemplate":"https:\/\/www.montreal-courtier.com\/fr\/?s={search_term_string}"},"query-input":"required name=search_term_string"}],"inLanguage":"fr-FR"}]}},"_links":{"self":[{"href":"https:\/\/www.montreal-courtier.com\/fr\/wp-json\/wp\/v2\/pages\/4561"}],"collection":[{"href":"https:\/\/www.montreal-courtier.com\/fr\/wp-json\/wp\/v2\/pages"}],"about":[{"href":"https:\/\/www.montreal-courtier.com\/fr\/wp-json\/wp\/v2\/types\/page"}],"author":[{"embeddable":true,"href":"https:\/\/www.montreal-courtier.com\/fr\/wp-json\/wp\/v2\/users\/1"}],"replies":[{"embeddable":true,"href":"https:\/\/www.montreal-courtier.com\/fr\/wp-json\/wp\/v2\/comments?post=4561"}],"version-history":[{"count":13,"href":"https:\/\/www.montreal-courtier.com\/fr\/wp-json\/wp\/v2\/pages\/4561\/revisions"}],"predecessor-version":[{"id":5264,"href":"https:\/\/www.montreal-courtier.com\/fr\/wp-json\/wp\/v2\/pages\/4561\/revisions\/5264"}],"wp:attachment":[{"href":"https:\/\/www.montreal-courtier.com\/fr\/wp-json\/wp\/v2\/media?parent=4561"}],"curies":[{"name":"wp","href":"https:\/\/api.w.org\/{rel}","templated":true}]}}