{"id":4505,"date":"2018-09-24T11:00:55","date_gmt":"2018-09-24T15:00:55","guid":{"rendered":"http:\/\/www.montreal-courtier.com\/?page_id=4505"},"modified":"2018-12-29T10:35:27","modified_gmt":"2018-12-29T15:35:27","slug":"achat-revente","status":"publish","type":"page","link":"https:\/\/www.montreal-courtier.com\/fr\/achat-revente\/","title":{"rendered":"Achat-Revente"},"content":{"rendered":"<p>[vc_row css_animation=&#8221;none&#8221; css=&#8221;.vc_custom_1545508669843{margin-top: 90px !important;margin-bottom: 50px !important;}&#8221;][vc_column css_animation=&#8221;fadeIn&#8221;][vc_column_text css_animation=&#8221;none&#8221; css=&#8221;.vc_custom_1545503297936{margin-bottom: 20px !important;}&#8221;]<\/p>\n<h1 style=\"text-align: center;\">\u00ab\u00a0Flipping\u00a0\u00bb ou l\u2019Achat-Revente<\/h1>\n<p>[\/vc_column_text][vc_column_text]Dans le domaine immobilier le terme \u00ab Flipping \u00bb d\u00e9signe une transaction d\u2019achat d\u2019une propri\u00e9t\u00e9 avec l\u2019id\u00e9e de la revente, apr\u00e8s une relativement courte p\u00e9riode, pour r\u00e9aliser un profit rapide. Avec l\u2019arriv\u00e9e de nombreuses \u00e9missions t\u00e9l\u00e9 o\u00f9 divers investisseurs ach\u00e8tent, r\u00e9novent et revendent rapidement des propri\u00e9t\u00e9s en faisant de gains importants, ce concept bien \u00e0 la vue, devient de plus en plus \u00e0 la mode au Qu\u00e9bec.[\/vc_column_text][vc_single_image image=&#8221;5309&#8243; img_size=&#8221;full&#8221; alignment=&#8221;center&#8221; style=&#8221;vc_box_border&#8221; border_color=&#8221;white&#8221;][vc_column_text]<\/p>\n<h3>Ce que vous ne saviez pas de la strat\u00e9gie \u00ab\u00a0Flipping\u00a0\u00bb<\/h3>\n<p>Que vous soyez un acheteur averti, ayant d\u00e9j\u00e0 conclu plus d\u2019une transaction d\u2019achat, ou que vous soyez juste un curieux d\u00e9butant, d\u00e9sirant savoir ce qui se cache derri\u00e8re ce terme, bien \u00e0 la mode, vous \u00eates au bon endroit pour apprendre d\u2019avantage sur les mod\u00e8les de \u00ab\u00a0flipping\u00a0\u00bb. Il est g\u00e9n\u00e9ralement admis qu\u2019il existe 2 strat\u00e9gies les plus utilis\u00e9s de \u00ab\u00a0flipping\u00a0\u00bb (en Fran\u00e7ais &#8211; achat-revente ou encore \u00ab\u00a0retapage\u00a0\u00bb) :<\/p>\n<p>La premi\u00e8re consiste \u00e0 <strong>\u00ab\u00a0retaper\u00a0\u00bb sa propre maison<\/strong>;<br \/>\nLa deuxi\u00e8me pr\u00e9voit les travaux dans<strong> une autre propri\u00e9t\u00e9, achet\u00e9e \u00e0 rabais, pour ensuite la revendre dans un assez court d\u00e9lai<\/strong> en r\u00e9alisant un profit assez important.<\/p>\n<p>Il s\u2019agit des sc\u00e9narios classiques, bien connus, qui sont assez simples et fonctionnent tr\u00e8s bien, surtout lorsque le plan est bien calcul\u00e9 et lorsque vous recevez de l\u2019aide qualifi\u00e9e. En effet, en vous lan\u00e7ant dans cette transaction, vous devez \u00eatre s\u00fbr que le risque, que l\u2019argent investi dans l\u2019achat initial de la propri\u00e9t\u00e9 et dans les travaux, d\u00e9passe le montant final de la vente, soit r\u00e9duit au minimum. Apr\u00e8s tout, vous cherchez un profit \u00e0 r\u00e9aliser, et le projet doit \u00eatre r\u00e9aliste et lucratif. Moi et mon \u00e9quipe des sp\u00e9cialistes, nous pouvons, non pas seulement vous en trouver une propri\u00e9t\u00e9 pour votre projet \u00ab\u00a0flipping\u00a0\u00bb, mais aussi nous charger des calculs pour savoir si le jeu en vaut la chandelle bien avant le d\u00e9but de la transaction d\u2019achat d\u2019une propri\u00e9t\u00e9.[\/vc_column_text][\/vc_column][\/vc_row][vc_row full_width=&#8221;stretch_row&#8221; css=&#8221;.vc_custom_1545110549224{padding-top: 50px !important;padding-bottom: 30px !important;background-color: #b62c2c !important;}&#8221;][vc_column css_animation=&#8221;fadeIn&#8221;][vc_column_text]<\/p>\n<h1 style=\"text-align: center;\"><span style=\"color: #ffffff;\">Si l&#8217;investissement immobilier vous int\u00e9resse, vous pouvez trouver plus d&#8217;informations dans les articles ci-dessous.<\/span><\/h1>\n<h3 style=\"text-align: center;\"><a href=\"http:\/\/www.montreal-courtier.com\/fr\/acheteurs\/\"><span style=\"color: #ffffff;\">Conseils pour les Acheteurs<\/span><\/a><\/h3>\n<h3 style=\"text-align: center;\"><a href=\"http:\/\/www.montreal-courtier.com\/fr\/investissement-immobilier\/\"><span style=\"color: #ffffff;\">Investissement Immobilier<\/span><\/a><\/h3>\n<p>[\/vc_column_text][\/vc_column][\/vc_row][vc_row css=&#8221;.vc_custom_1545504467177{margin-top: 50px !important;margin-bottom: 50px !important;}&#8221;][vc_column][vc_column_text css_animation=&#8221;none&#8221; css=&#8221;.vc_custom_1545541961105{margin-bottom: 20px !important;}&#8221;]<\/p>\n<h1 style=\"text-align: left;\">D&#8217;autres Strat\u00e9gies de l\u2019Achat-Revente<\/h1>\n<p>[\/vc_column_text][vc_column_text]Si votre situation est particuli\u00e8re et les solutions \u00ab\u00a0classiques\u00a0\u00bb ne vous conviennent gu\u00e8re, faites connaissance avec les strat\u00e9gies d\u00e9riv\u00e9es de \u00ab\u00a0flipping\u00a0\u00bb qui sauront tenir compte de tous les aspects de votre cas :<\/p>\n<p><strong>Flipping Maquillage<\/strong> &#8211; Lorsque vous faites une acquisition d\u2019une propri\u00e9t\u00e9 au prix un peu plus bas que celui du march\u00e9, il est possible d\u2019y faire seulement de petits travaux cosm\u00e9tiques peux couteux (pas besoin de refaire la cuisine ou la salle de bain) et une fois ces travaux soient finalis\u00e9s, de la revendre. L\u2019avantage de cette strat\u00e9gie et l\u2019investissement peux co\u00fbteux offrant une rapidit\u00e9 relative des gains \u00e0 r\u00e9aliser.<\/p>\n<p><strong>Flipping &#8211; Tel Quel<\/strong> &#8211; Si vous n\u2019avez pas beaucoup de temps et le prix de la propri\u00e9t\u00e9 acquise \u00e9tait vraiment bas, il est possible de la revendre telle quelle, sans y effectuer de travaux. Cette strat\u00e9gie, m\u00eame si elle comporte un risque temporel, permet de r\u00e9aliser un gain quasi-instantan\u00e9, si la transaction de vente est conclue rapidement apr\u00e8s l\u2019achat.<\/p>\n<p><strong>Flipping &#8211; Conversion<\/strong> &#8211; En achetant un immeuble, vous pouvez changer sa vocation afin de r\u00e9aliser un profit. L\u2019avantage de cette m\u00e9thode est de pouvoir r\u00e9aliser un tr\u00e8s grand profit, en transformant, par exemple, une grande maison en quelques condos et en vendant s\u00e9par\u00e9ment ses unit\u00e9s.<\/p>\n<p><strong>Flipping &#8211; Construction<\/strong> &#8211; Habituellement, les immeubles coutent beaucoup moins cher lorsqu\u2019on les ach\u00e8te avant leur construction. Ainsi, en achetant les parts dans un projet avant que la construction ne soit pas termin\u00e9e, vous r\u00e9aliserez un gain d\u00e9coulant de la diff\u00e9rence des prix avant et apr\u00e8s la construction, \u00e0 condition que le march\u00e9 soit favorable dans le secteur en question et que les prix augmentent au rythme planifi\u00e9.<\/p>\n<p><strong>Flipping<\/strong> <strong>&#8211; Location avec l\u2019option d\u2019achat<\/strong> &#8211; Il est possible d\u2019acheter une propri\u00e9t\u00e9 et de la louer \u00e0 l\u2019occupant qui va finir, au bout de quelques temps, par la racheter. Il est utile de le faire lorsque vous n\u2019\u00eates pas press\u00e9 et que vos clients-locataires \u00e9prouvent certaines difficult\u00e9s financi\u00e8res pour conclure la transaction tout de suite. L\u2019important est de s\u2019assurer que le montant du loyer couvre vos paiements hypoth\u00e9caires pour ne pas perdre de l\u2019argent en attendant la transaction de vente.<\/p>\n<p><strong>Flipping &#8211; Propri\u00e9taire occupant<\/strong> &#8211; Si vous n\u2019avez pas de r\u00e9sidence familiale dont vous \u00eates le propri\u00e9taire, vous pouvez vous en acheter une pour ensuite la revendre, sans payer d\u2019imp\u00f4t sur le gain en capital r\u00e9alis\u00e9. Par contre, vous devez pouvoir patienter quelques mois entre les transactions d\u2019achat et de vente.<\/p>\n<p>Comme vous pouvez constater,, il s\u2019agit d\u2019un concept n\u00e9cessitant une planification pouss\u00e9e au pr\u00e9alable, qui ne doit pas \u00eatre faite \u00e0 la l\u00e9g\u00e8re car, sinon, les risques financiers augmenteront. Je suis l\u00e0 pour vous aider \u00e0 faire baisser ces risques et augmenter vos profits.\u00a0A bient\u00f4t![\/vc_column_text][\/vc_column][\/vc_row][vc_row full_width=&#8221;stretch_row&#8221; css=&#8221;.vc_custom_1533701428646{padding-top: 30px !important;padding-bottom: 30px !important;background-color: #b62c2c !important;}&#8221; el_id=&#8221;contact&#8221;][vc_column css_animation=&#8221;fadeIn&#8221; width=&#8221;2\/3&#8243;][vc_column_text]<\/p>\n<h1 style=\"text-align: center;\"><span style=\"color: #ffffff;\">Avez-vous des questions sur l&#8217;achat ou la vente d&#8217;une propri\u00e9t\u00e9? Demandez les maintenant!<\/span><\/h1>\n<p>[\/vc_column_text][\/vc_column][vc_column css_animation=&#8221;fadeIn&#8221; width=&#8221;1\/3&#8243; css=&#8221;.vc_custom_1537771168195{margin-top: 5px !important;}&#8221;][vc_btn title=&#8221;Contactez Moi&#8221; style=&#8221;outline&#8221; color=&#8221;white&#8221; align=&#8221;center&#8221; i_align=&#8221;right&#8221; i_icon_fontawesome=&#8221;fa fa-envelope-o&#8221; button_block=&#8221;true&#8221; add_icon=&#8221;true&#8221;][\/vc_column][\/vc_row]<\/p>\n","protected":false},"excerpt":{"rendered":"<p>[vc_row css_animation=&#8221;none&#8221; css=&#8221;.vc_custom_1545508669843{margin-top: 90px !important;margin-bottom: 50px !important;}&#8221;][vc_column css_animation=&#8221;fadeIn&#8221;][vc_column_text css_animation=&#8221;none&#8221; css=&#8221;.vc_custom_1545503297936{margin-bottom: 20px !important;}&#8221;] \u00ab\u00a0Flipping\u00a0\u00bb ou l\u2019Achat-Revente [\/vc_column_text][vc_column_text]Dans le domaine immobilier le terme \u00ab Flipping \u00bb d\u00e9signe une transaction d\u2019achat d\u2019une propri\u00e9t\u00e9 avec l\u2019id\u00e9e de la revente, apr\u00e8s une relativement courte p\u00e9riode, pour r\u00e9aliser un profit rapide. Avec l\u2019arriv\u00e9e de nombreuses \u00e9missions t\u00e9l\u00e9 o\u00f9 divers investisseurs ach\u00e8tent, [&hellip;]<\/p>\n","protected":false},"author":1,"featured_media":0,"parent":0,"menu_order":0,"comment_status":"closed","ping_status":"closed","template":"template\/template-homepage.php","meta":{"footnotes":""},"yoast_head":"<!-- This site is optimized with the Yoast SEO plugin v23.0 - https:\/\/yoast.com\/wordpress\/plugins\/seo\/ -->\n<title>L\u2019Achat-Revente - Oxana Tokareva - Courtier Immobilier \u00e0 Montr\u00e9al<\/title>\n<meta name=\"description\" content=\"\u00ab Flipping \u00bb signifie l\u2019achat et revente d&#039;une propri\u00e9t\u00e9 rapide. Je vous aiderai \u00e0 identifier les bonnes opportunit\u00e9s d\u2019investissement sur le march\u00e9 immobilier Montreal et \u00e0 exploiter le plein potentiel d\u2019une propri\u00e9t\u00e9 de votre int\u00e9r\u00eat.\" \/>\n<meta name=\"robots\" content=\"index, follow, max-snippet:-1, max-image-preview:large, max-video-preview:-1\" \/>\n<link rel=\"canonical\" href=\"https:\/\/www.montreal-courtier.com\/fr\/achat-revente\/\" \/>\n<meta property=\"og:locale\" content=\"fr_FR\" \/>\n<meta property=\"og:type\" content=\"article\" \/>\n<meta property=\"og:title\" content=\"L\u2019Achat-Revente - Oxana Tokareva - Courtier Immobilier \u00e0 Montr\u00e9al\" \/>\n<meta property=\"og:description\" content=\"\u00ab Flipping \u00bb signifie l\u2019achat et revente d&#039;une propri\u00e9t\u00e9 rapide. Je vous aiderai \u00e0 identifier les bonnes opportunit\u00e9s d\u2019investissement sur le march\u00e9 immobilier Montreal et \u00e0 exploiter le plein potentiel d\u2019une propri\u00e9t\u00e9 de votre int\u00e9r\u00eat.\" \/>\n<meta property=\"og:url\" content=\"https:\/\/www.montreal-courtier.com\/fr\/achat-revente\/\" \/>\n<meta property=\"og:site_name\" content=\"\u041e\u043a\u0441\u0430\u043d\u0430 \u0422\u043e\u043a\u0430\u0440\u0435\u0432\u0430 - Montreal Courtier\" \/>\n<meta property=\"article:modified_time\" content=\"2018-12-29T15:35:27+00:00\" \/>\n<meta name=\"twitter:card\" content=\"summary_large_image\" \/>\n<meta name=\"twitter:label1\" content=\"Dur\u00e9e de lecture estim\u00e9e\" \/>\n\t<meta name=\"twitter:data1\" content=\"6 minutes\" \/>\n<script type=\"application\/ld+json\" class=\"yoast-schema-graph\">{\"@context\":\"https:\/\/schema.org\",\"@graph\":[{\"@type\":\"WebPage\",\"@id\":\"https:\/\/www.montreal-courtier.com\/fr\/achat-revente\/\",\"url\":\"https:\/\/www.montreal-courtier.com\/fr\/achat-revente\/\",\"name\":\"L\u2019Achat-Revente - Oxana Tokareva - Courtier Immobilier \u00e0 Montr\u00e9al\",\"isPartOf\":{\"@id\":\"https:\/\/www.montreal-courtier.com\/fr\/#website\"},\"datePublished\":\"2018-09-24T15:00:55+00:00\",\"dateModified\":\"2018-12-29T15:35:27+00:00\",\"description\":\"\u00ab Flipping \u00bb signifie l\u2019achat et revente d'une propri\u00e9t\u00e9 rapide. Je vous aiderai \u00e0 identifier les bonnes opportunit\u00e9s d\u2019investissement sur le march\u00e9 immobilier Montreal et \u00e0 exploiter le plein potentiel d\u2019une propri\u00e9t\u00e9 de votre int\u00e9r\u00eat.\",\"breadcrumb\":{\"@id\":\"https:\/\/www.montreal-courtier.com\/fr\/achat-revente\/#breadcrumb\"},\"inLanguage\":\"fr-FR\",\"potentialAction\":[{\"@type\":\"ReadAction\",\"target\":[\"https:\/\/www.montreal-courtier.com\/fr\/achat-revente\/\"]}]},{\"@type\":\"BreadcrumbList\",\"@id\":\"https:\/\/www.montreal-courtier.com\/fr\/achat-revente\/#breadcrumb\",\"itemListElement\":[{\"@type\":\"ListItem\",\"position\":1,\"name\":\"Home\",\"item\":\"https:\/\/www.montreal-courtier.com\/fr\/\"},{\"@type\":\"ListItem\",\"position\":2,\"name\":\"Achat-Revente\"}]},{\"@type\":\"WebSite\",\"@id\":\"https:\/\/www.montreal-courtier.com\/fr\/#website\",\"url\":\"https:\/\/www.montreal-courtier.com\/fr\/\",\"name\":\"\u041e\u043a\u0441\u0430\u043d\u0430 \u0422\u043e\u043a\u0430\u0440\u0435\u0432\u0430 - Montreal Courtier\",\"description\":\"\u0410\u0433\u0435\u043d\u0442 \u043f\u043e \u043d\u0435\u0434\u0432\u0438\u0436\u0438\u043c\u043e\u0441\u0442\u0438 \u0438 \u0438\u043f\u043e\u0442\u0435\u0447\u043d\u044b\u0439 \u0431\u0440\u043e\u043a\u0435\u0440 \u0432 \u041c\u043e\u043d\u0440\u0435\u0430\u043b\u0435\",\"potentialAction\":[{\"@type\":\"SearchAction\",\"target\":{\"@type\":\"EntryPoint\",\"urlTemplate\":\"https:\/\/www.montreal-courtier.com\/fr\/?s={search_term_string}\"},\"query-input\":\"required name=search_term_string\"}],\"inLanguage\":\"fr-FR\"}]}<\/script>\n<!-- \/ Yoast SEO plugin. -->","yoast_head_json":{"title":"L\u2019Achat-Revente - Oxana Tokareva - Courtier Immobilier \u00e0 Montr\u00e9al","description":"\u00ab Flipping \u00bb signifie l\u2019achat et revente d'une propri\u00e9t\u00e9 rapide. Je vous aiderai \u00e0 identifier les bonnes opportunit\u00e9s d\u2019investissement sur le march\u00e9 immobilier Montreal et \u00e0 exploiter le plein potentiel d\u2019une propri\u00e9t\u00e9 de votre int\u00e9r\u00eat.","robots":{"index":"index","follow":"follow","max-snippet":"max-snippet:-1","max-image-preview":"max-image-preview:large","max-video-preview":"max-video-preview:-1"},"canonical":"https:\/\/www.montreal-courtier.com\/fr\/achat-revente\/","og_locale":"fr_FR","og_type":"article","og_title":"L\u2019Achat-Revente - Oxana Tokareva - Courtier Immobilier \u00e0 Montr\u00e9al","og_description":"\u00ab Flipping \u00bb signifie l\u2019achat et revente d'une propri\u00e9t\u00e9 rapide. Je vous aiderai \u00e0 identifier les bonnes opportunit\u00e9s d\u2019investissement sur le march\u00e9 immobilier Montreal et \u00e0 exploiter le plein potentiel d\u2019une propri\u00e9t\u00e9 de votre int\u00e9r\u00eat.","og_url":"https:\/\/www.montreal-courtier.com\/fr\/achat-revente\/","og_site_name":"\u041e\u043a\u0441\u0430\u043d\u0430 \u0422\u043e\u043a\u0430\u0440\u0435\u0432\u0430 - Montreal Courtier","article_modified_time":"2018-12-29T15:35:27+00:00","twitter_card":"summary_large_image","twitter_misc":{"Dur\u00e9e de lecture estim\u00e9e":"6 minutes"},"schema":{"@context":"https:\/\/schema.org","@graph":[{"@type":"WebPage","@id":"https:\/\/www.montreal-courtier.com\/fr\/achat-revente\/","url":"https:\/\/www.montreal-courtier.com\/fr\/achat-revente\/","name":"L\u2019Achat-Revente - Oxana Tokareva - Courtier Immobilier \u00e0 Montr\u00e9al","isPartOf":{"@id":"https:\/\/www.montreal-courtier.com\/fr\/#website"},"datePublished":"2018-09-24T15:00:55+00:00","dateModified":"2018-12-29T15:35:27+00:00","description":"\u00ab Flipping \u00bb signifie l\u2019achat et revente d'une propri\u00e9t\u00e9 rapide. Je vous aiderai \u00e0 identifier les bonnes opportunit\u00e9s d\u2019investissement sur le march\u00e9 immobilier Montreal et \u00e0 exploiter le plein potentiel d\u2019une propri\u00e9t\u00e9 de votre int\u00e9r\u00eat.","breadcrumb":{"@id":"https:\/\/www.montreal-courtier.com\/fr\/achat-revente\/#breadcrumb"},"inLanguage":"fr-FR","potentialAction":[{"@type":"ReadAction","target":["https:\/\/www.montreal-courtier.com\/fr\/achat-revente\/"]}]},{"@type":"BreadcrumbList","@id":"https:\/\/www.montreal-courtier.com\/fr\/achat-revente\/#breadcrumb","itemListElement":[{"@type":"ListItem","position":1,"name":"Home","item":"https:\/\/www.montreal-courtier.com\/fr\/"},{"@type":"ListItem","position":2,"name":"Achat-Revente"}]},{"@type":"WebSite","@id":"https:\/\/www.montreal-courtier.com\/fr\/#website","url":"https:\/\/www.montreal-courtier.com\/fr\/","name":"\u041e\u043a\u0441\u0430\u043d\u0430 \u0422\u043e\u043a\u0430\u0440\u0435\u0432\u0430 - Montreal Courtier","description":"\u0410\u0433\u0435\u043d\u0442 \u043f\u043e \u043d\u0435\u0434\u0432\u0438\u0436\u0438\u043c\u043e\u0441\u0442\u0438 \u0438 \u0438\u043f\u043e\u0442\u0435\u0447\u043d\u044b\u0439 \u0431\u0440\u043e\u043a\u0435\u0440 \u0432 \u041c\u043e\u043d\u0440\u0435\u0430\u043b\u0435","potentialAction":[{"@type":"SearchAction","target":{"@type":"EntryPoint","urlTemplate":"https:\/\/www.montreal-courtier.com\/fr\/?s={search_term_string}"},"query-input":"required name=search_term_string"}],"inLanguage":"fr-FR"}]}},"_links":{"self":[{"href":"https:\/\/www.montreal-courtier.com\/fr\/wp-json\/wp\/v2\/pages\/4505"}],"collection":[{"href":"https:\/\/www.montreal-courtier.com\/fr\/wp-json\/wp\/v2\/pages"}],"about":[{"href":"https:\/\/www.montreal-courtier.com\/fr\/wp-json\/wp\/v2\/types\/page"}],"author":[{"embeddable":true,"href":"https:\/\/www.montreal-courtier.com\/fr\/wp-json\/wp\/v2\/users\/1"}],"replies":[{"embeddable":true,"href":"https:\/\/www.montreal-courtier.com\/fr\/wp-json\/wp\/v2\/comments?post=4505"}],"version-history":[{"count":25,"href":"https:\/\/www.montreal-courtier.com\/fr\/wp-json\/wp\/v2\/pages\/4505\/revisions"}],"predecessor-version":[{"id":5483,"href":"https:\/\/www.montreal-courtier.com\/fr\/wp-json\/wp\/v2\/pages\/4505\/revisions\/5483"}],"wp:attachment":[{"href":"https:\/\/www.montreal-courtier.com\/fr\/wp-json\/wp\/v2\/media?parent=4505"}],"curies":[{"name":"wp","href":"https:\/\/api.w.org\/{rel}","templated":true}]}}