{"id":4320,"date":"2018-09-22T22:50:26","date_gmt":"2018-09-23T02:50:26","guid":{"rendered":"http:\/\/www.montreal-courtier.com\/?page_id=4320"},"modified":"2018-12-19T06:59:06","modified_gmt":"2018-12-19T11:59:06","slug":"properties-temp","status":"publish","type":"page","link":"https:\/\/www.montreal-courtier.com\/fr\/properties-temp\/","title":{"rendered":"Properties Temp"},"content":{"rendered":"<p>[vc_row full_width=&#8221;stretch_row&#8221; css=&#8221;.vc_custom_1533701428646{padding-top: 30px !important;padding-bottom: 30px !important;background-color: #b62c2c !important;}&#8221; el_id=&#8221;contact&#8221;][vc_column css_animation=&#8221;fadeIn&#8221; width=&#8221;2\/3&#8243;][vc_column_text]<\/p>\n<h1 style=\"text-align: center;\"><span style=\"color: #ffffff;\">Avez-vous des questions sur l&#8217;achat ou la vente d&#8217;une propri\u00e9t\u00e9? Demandez les maintenant!<\/span><\/h1>\n<p>[\/vc_column_text][\/vc_column][vc_column css_animation=&#8221;fadeIn&#8221; width=&#8221;1\/3&#8243; css=&#8221;.vc_custom_1537771168195{margin-top: 5px !important;}&#8221;][vc_btn title=&#8221;Contactez Moi&#8221; style=&#8221;outline&#8221; color=&#8221;white&#8221; align=&#8221;center&#8221; i_align=&#8221;right&#8221; i_icon_fontawesome=&#8221;fa fa-envelope-o&#8221; button_block=&#8221;true&#8221; add_icon=&#8221;true&#8221;][\/vc_column][\/vc_row]<\/p>\n","protected":false},"excerpt":{"rendered":"<p>[vc_row full_width=&#8221;stretch_row&#8221; css=&#8221;.vc_custom_1533701428646{padding-top: 30px !important;padding-bottom: 30px !important;background-color: #b62c2c !important;}&#8221; el_id=&#8221;contact&#8221;][vc_column css_animation=&#8221;fadeIn&#8221; width=&#8221;2\/3&#8243;][vc_column_text] Avez-vous des questions sur l&#8217;achat ou la vente d&#8217;une propri\u00e9t\u00e9? Demandez les maintenant! [\/vc_column_text][\/vc_column][vc_column css_animation=&#8221;fadeIn&#8221; width=&#8221;1\/3&#8243; css=&#8221;.vc_custom_1537771168195{margin-top: 5px !important;}&#8221;][vc_btn title=&#8221;Contactez Moi&#8221; style=&#8221;outline&#8221; color=&#8221;white&#8221; align=&#8221;center&#8221; i_align=&#8221;right&#8221; i_icon_fontawesome=&#8221;fa fa-envelope-o&#8221; button_block=&#8221;true&#8221; add_icon=&#8221;true&#8221;][\/vc_column][\/vc_row]<\/p>\n","protected":false},"author":1,"featured_media":0,"parent":0,"menu_order":0,"comment_status":"closed","ping_status":"closed","template":"template\/template-homepage.php","meta":{"footnotes":""},"yoast_head":"<!-- This site is optimized with the Yoast SEO plugin v23.0 - https:\/\/yoast.com\/wordpress\/plugins\/seo\/ -->\n<title>Recherche de Propri\u00e9t\u00e9 - Oxana Tokareva - Courtier Immobilier \u00e0 Montr\u00e9al<\/title>\n<meta name=\"description\" content=\"Trouvez des propri\u00e9t\u00e9s r\u00e9sidentielles, commerciales ou industrielles \u00e0 vendre ou \u00e0 louer \u00e0 Montr\u00e9al. Choisissez un multiplex, un condo, un appartement, un loft, etc. qui correspond \u00e0 vos besoins et \u00e0 votre budget.\" \/>\n<meta name=\"robots\" content=\"index, follow, max-snippet:-1, max-image-preview:large, max-video-preview:-1\" \/>\n<link rel=\"canonical\" href=\"https:\/\/www.montreal-courtier.com\/fr\/properties-temp\/\" \/>\n<meta property=\"og:locale\" content=\"fr_FR\" \/>\n<meta property=\"og:type\" content=\"article\" \/>\n<meta property=\"og:title\" content=\"Recherche de Propri\u00e9t\u00e9 - Oxana Tokareva - Courtier Immobilier \u00e0 Montr\u00e9al\" \/>\n<meta property=\"og:description\" content=\"Trouvez des propri\u00e9t\u00e9s r\u00e9sidentielles, commerciales ou industrielles \u00e0 vendre ou \u00e0 louer \u00e0 Montr\u00e9al. Choisissez un multiplex, un condo, un appartement, un loft, etc. qui correspond \u00e0 vos besoins et \u00e0 votre budget.\" \/>\n<meta property=\"og:url\" content=\"https:\/\/www.montreal-courtier.com\/fr\/properties-temp\/\" \/>\n<meta property=\"og:site_name\" content=\"\u041e\u043a\u0441\u0430\u043d\u0430 \u0422\u043e\u043a\u0430\u0440\u0435\u0432\u0430 - Montreal Courtier\" \/>\n<meta property=\"article:modified_time\" content=\"2018-12-19T11:59:06+00:00\" \/>\n<meta name=\"twitter:card\" content=\"summary_large_image\" \/>\n<script type=\"application\/ld+json\" class=\"yoast-schema-graph\">{\"@context\":\"https:\/\/schema.org\",\"@graph\":[{\"@type\":\"WebPage\",\"@id\":\"https:\/\/www.montreal-courtier.com\/fr\/properties-temp\/\",\"url\":\"https:\/\/www.montreal-courtier.com\/fr\/properties-temp\/\",\"name\":\"Recherche de Propri\u00e9t\u00e9 - Oxana Tokareva - Courtier Immobilier \u00e0 Montr\u00e9al\",\"isPartOf\":{\"@id\":\"https:\/\/www.montreal-courtier.com\/fr\/#website\"},\"datePublished\":\"2018-09-23T02:50:26+00:00\",\"dateModified\":\"2018-12-19T11:59:06+00:00\",\"description\":\"Trouvez des propri\u00e9t\u00e9s r\u00e9sidentielles, commerciales ou industrielles \u00e0 vendre ou \u00e0 louer \u00e0 Montr\u00e9al. Choisissez un multiplex, un condo, un appartement, un loft, etc. qui correspond \u00e0 vos besoins et \u00e0 votre budget.\",\"breadcrumb\":{\"@id\":\"https:\/\/www.montreal-courtier.com\/fr\/properties-temp\/#breadcrumb\"},\"inLanguage\":\"fr-FR\",\"potentialAction\":[{\"@type\":\"ReadAction\",\"target\":[\"https:\/\/www.montreal-courtier.com\/fr\/properties-temp\/\"]}]},{\"@type\":\"BreadcrumbList\",\"@id\":\"https:\/\/www.montreal-courtier.com\/fr\/properties-temp\/#breadcrumb\",\"itemListElement\":[{\"@type\":\"ListItem\",\"position\":1,\"name\":\"Home\",\"item\":\"https:\/\/www.montreal-courtier.com\/fr\/\"},{\"@type\":\"ListItem\",\"position\":2,\"name\":\"Properties Temp\"}]},{\"@type\":\"WebSite\",\"@id\":\"https:\/\/www.montreal-courtier.com\/fr\/#website\",\"url\":\"https:\/\/www.montreal-courtier.com\/fr\/\",\"name\":\"\u041e\u043a\u0441\u0430\u043d\u0430 \u0422\u043e\u043a\u0430\u0440\u0435\u0432\u0430 - Montreal Courtier\",\"description\":\"\u0410\u0433\u0435\u043d\u0442 \u043f\u043e \u043d\u0435\u0434\u0432\u0438\u0436\u0438\u043c\u043e\u0441\u0442\u0438 \u0438 \u0438\u043f\u043e\u0442\u0435\u0447\u043d\u044b\u0439 \u0431\u0440\u043e\u043a\u0435\u0440 \u0432 \u041c\u043e\u043d\u0440\u0435\u0430\u043b\u0435\",\"potentialAction\":[{\"@type\":\"SearchAction\",\"target\":{\"@type\":\"EntryPoint\",\"urlTemplate\":\"https:\/\/www.montreal-courtier.com\/fr\/?s={search_term_string}\"},\"query-input\":\"required name=search_term_string\"}],\"inLanguage\":\"fr-FR\"}]}<\/script>\n<!-- \/ Yoast SEO plugin. -->","yoast_head_json":{"title":"Recherche de Propri\u00e9t\u00e9 - Oxana Tokareva - Courtier Immobilier \u00e0 Montr\u00e9al","description":"Trouvez des propri\u00e9t\u00e9s r\u00e9sidentielles, commerciales ou industrielles \u00e0 vendre ou \u00e0 louer \u00e0 Montr\u00e9al. Choisissez un multiplex, un condo, un appartement, un loft, etc. qui correspond \u00e0 vos besoins et \u00e0 votre budget.","robots":{"index":"index","follow":"follow","max-snippet":"max-snippet:-1","max-image-preview":"max-image-preview:large","max-video-preview":"max-video-preview:-1"},"canonical":"https:\/\/www.montreal-courtier.com\/fr\/properties-temp\/","og_locale":"fr_FR","og_type":"article","og_title":"Recherche de Propri\u00e9t\u00e9 - Oxana Tokareva - Courtier Immobilier \u00e0 Montr\u00e9al","og_description":"Trouvez des propri\u00e9t\u00e9s r\u00e9sidentielles, commerciales ou industrielles \u00e0 vendre ou \u00e0 louer \u00e0 Montr\u00e9al. Choisissez un multiplex, un condo, un appartement, un loft, etc. qui correspond \u00e0 vos besoins et \u00e0 votre budget.","og_url":"https:\/\/www.montreal-courtier.com\/fr\/properties-temp\/","og_site_name":"\u041e\u043a\u0441\u0430\u043d\u0430 \u0422\u043e\u043a\u0430\u0440\u0435\u0432\u0430 - Montreal Courtier","article_modified_time":"2018-12-19T11:59:06+00:00","twitter_card":"summary_large_image","schema":{"@context":"https:\/\/schema.org","@graph":[{"@type":"WebPage","@id":"https:\/\/www.montreal-courtier.com\/fr\/properties-temp\/","url":"https:\/\/www.montreal-courtier.com\/fr\/properties-temp\/","name":"Recherche de Propri\u00e9t\u00e9 - Oxana Tokareva - Courtier Immobilier \u00e0 Montr\u00e9al","isPartOf":{"@id":"https:\/\/www.montreal-courtier.com\/fr\/#website"},"datePublished":"2018-09-23T02:50:26+00:00","dateModified":"2018-12-19T11:59:06+00:00","description":"Trouvez des propri\u00e9t\u00e9s r\u00e9sidentielles, commerciales ou industrielles \u00e0 vendre ou \u00e0 louer \u00e0 Montr\u00e9al. Choisissez un multiplex, un condo, un appartement, un loft, etc. qui correspond \u00e0 vos besoins et \u00e0 votre budget.","breadcrumb":{"@id":"https:\/\/www.montreal-courtier.com\/fr\/properties-temp\/#breadcrumb"},"inLanguage":"fr-FR","potentialAction":[{"@type":"ReadAction","target":["https:\/\/www.montreal-courtier.com\/fr\/properties-temp\/"]}]},{"@type":"BreadcrumbList","@id":"https:\/\/www.montreal-courtier.com\/fr\/properties-temp\/#breadcrumb","itemListElement":[{"@type":"ListItem","position":1,"name":"Home","item":"https:\/\/www.montreal-courtier.com\/fr\/"},{"@type":"ListItem","position":2,"name":"Properties Temp"}]},{"@type":"WebSite","@id":"https:\/\/www.montreal-courtier.com\/fr\/#website","url":"https:\/\/www.montreal-courtier.com\/fr\/","name":"\u041e\u043a\u0441\u0430\u043d\u0430 \u0422\u043e\u043a\u0430\u0440\u0435\u0432\u0430 - Montreal Courtier","description":"\u0410\u0433\u0435\u043d\u0442 \u043f\u043e \u043d\u0435\u0434\u0432\u0438\u0436\u0438\u043c\u043e\u0441\u0442\u0438 \u0438 \u0438\u043f\u043e\u0442\u0435\u0447\u043d\u044b\u0439 \u0431\u0440\u043e\u043a\u0435\u0440 \u0432 \u041c\u043e\u043d\u0440\u0435\u0430\u043b\u0435","potentialAction":[{"@type":"SearchAction","target":{"@type":"EntryPoint","urlTemplate":"https:\/\/www.montreal-courtier.com\/fr\/?s={search_term_string}"},"query-input":"required name=search_term_string"}],"inLanguage":"fr-FR"}]}},"_links":{"self":[{"href":"https:\/\/www.montreal-courtier.com\/fr\/wp-json\/wp\/v2\/pages\/4320"}],"collection":[{"href":"https:\/\/www.montreal-courtier.com\/fr\/wp-json\/wp\/v2\/pages"}],"about":[{"href":"https:\/\/www.montreal-courtier.com\/fr\/wp-json\/wp\/v2\/types\/page"}],"author":[{"embeddable":true,"href":"https:\/\/www.montreal-courtier.com\/fr\/wp-json\/wp\/v2\/users\/1"}],"replies":[{"embeddable":true,"href":"https:\/\/www.montreal-courtier.com\/fr\/wp-json\/wp\/v2\/comments?post=4320"}],"version-history":[{"count":3,"href":"https:\/\/www.montreal-courtier.com\/fr\/wp-json\/wp\/v2\/pages\/4320\/revisions"}],"predecessor-version":[{"id":4484,"href":"https:\/\/www.montreal-courtier.com\/fr\/wp-json\/wp\/v2\/pages\/4320\/revisions\/4484"}],"wp:attachment":[{"href":"https:\/\/www.montreal-courtier.com\/fr\/wp-json\/wp\/v2\/media?parent=4320"}],"curies":[{"name":"wp","href":"https:\/\/api.w.org\/{rel}","templated":true}]}}